{"id":30817,"date":"2020-10-14T12:39:28","date_gmt":"2020-10-14T11:39:28","guid":{"rendered":"https:\/\/pureobagi.com\/product\/obagi-nu-derm-blend-fx\/"},"modified":"2023-05-16T16:58:37","modified_gmt":"2023-05-16T15:58:37","slug":"obagi-blend-fx","status":"publish","type":"product","link":"https:\/\/pureobagi.com\/fr\/produit\/obagi-blend-fx\/","title":{"rendered":"Obagi Nu-Derm\u00ae Blend Fx"},"content":{"rendered":"<p>La cr\u00e8me \u00e9claircissante <strong>Obagi Nu-Derm<sup>\u00ae<\/sup> Blend Fx est formul\u00e9e avec de l&#39;arbutine (7&nbsp;%) et de l&#39;acide lactique (un AHA) pour exfolier, \u00e9claircir et donner un coup d&#39;\u00e9clat \u00e0 la peau. Blend Fx est la cinqui\u00e8me \u00e9tape du Obagi Nu-Derm Fx<sup>\u00ae<\/sup> System pour lutter contre les rides et ridules, le rel\u00e2chement de la peau, l&#39;acn\u00e9 chez l&#39;adulte, ainsi que les peaux r\u00eaches et non uniformes.<\/strong><\/p>\n<p>Obagi Nu-Derm<sup>\u00ae <\/sup>Blend Fx puise ses bienfaits dans l&#39;extrait naturel d&#39;arbutine pour rem\u00e9dier \u00e0 l&#39;hyperpigmentation.<\/p>\n<p>L&#39;arbutine (7&nbsp;%) \u00e9claircit votre peau en douceur, estompe les taches caus\u00e9es par le soleil, les taches de vieillesse, le m\u00e9lasma, ainsi que les taches pigmentaires brunes souvent associ\u00e9es aux \u00e9ruptions cutan\u00e9es.<\/p>\n<p>Obagi Nu-Derm<sup>\u00ae <\/sup>Blend Fx a \u00e9t\u00e9 con\u00e7u pour bien se m\u00e9langer aux r\u00e9tino\u00efdes et favoriser leur absorption, comme le Obagi<sup>\u00ae<\/sup> Retinol 0.5, pour am\u00e9liorer l&#39;aspect des dommages dus au soleil en irritant le moins possible, tout en favorisant la production de collag\u00e8ne et l&#39;\u00e9lasticit\u00e9 de la peau.<\/p>\n<p>Obagi Nu-Derm<sup>\u00ae <\/sup>Blend Fx est la cinqui\u00e8me \u00e9tape de la routine de soins Obagi Nu-Derm Fx<sup>\u00ae<\/sup> System et agit en synergie avec les autres produits de votre rituel beaut\u00e9 du soir.<\/p>\n<p><em>*Attention aux coups de soleil&nbsp;: ce produit contient de l&#39;acide alpha-hydroxyl\u00e9 qui peut rendre votre peau plus sensible aux effets n\u00e9fastes du soleil, en particulier les coups de soleil. Utiliser un \u00e9cran solaire, porter des v\u00eatements de protection et limiter l&#39;exposition au soleil pendant l&#39;utilisation de ce produit et la semaine suivante.<\/em><\/p>\n","protected":false},"excerpt":{"rendered":"<p>La cr\u00e8me \u00e9claircissante Obagi Nu-Derm\u00ae Blend Fx est formul\u00e9e avec de l&#39;arbutine (7&nbsp;%) et de l&#39;acide lactique (un AHA) pour exfolier, \u00e9claircir et donner un coup d&#39;\u00e9clat \u00e0 la peau. Blend Fx est la cinqui\u00e8me \u00e9tape du Obagi Nu-Derm Fx\u00ae System pour lutter contre les rides et ridules, le rel\u00e2chement de la peau, l&#39;acn\u00e9 chez [&hellip;]<\/p>\n","protected":false},"featured_media":38561,"comment_status":"open","ping_status":"closed","template":"","meta":{"_acf_changed":false},"product_brand":[],"product_cat":[509,510,511,512,513,502,515,504,516,505,519,506,524,507,508],"product_tag":[],"class_list":{"0":"post-30817","1":"product","2":"type-product","3":"status-publish","4":"has-post-thumbnail","6":"product_cat-peaux-reches","7":"product_cat-peaux-mixtes","8":"product_cat-peaux-normales","9":"product_cat-peaux-sensibles","10":"product_cat-peaux-seches","11":"product_cat-nu-derm-fx-system-fr","12":"product_cat-couperose-ou-rosacee","13":"product_cat-peaux-grasses","14":"product_cat-peaux-deshydratees","15":"product_cat-peaux-a-tendance-acneique","16":"product_cat-peaux-matures","17":"product_cat-hyperpigmentation-fr","18":"product_cat-produits-eclaircissants","19":"product_cat-peaux-ternes","20":"product_cat-effets-nuisibles-du-soleil","22":"first","23":"instock","24":"taxable","25":"shipping-taxable","26":"purchasable","27":"product-type-simple"},"acf":[],"_links":{"self":[{"href":"https:\/\/pureobagi.com\/fr\/wp-json\/wp\/v2\/product\/30817","targetHints":{"allow":["GET"]}}],"collection":[{"href":"https:\/\/pureobagi.com\/fr\/wp-json\/wp\/v2\/product"}],"about":[{"href":"https:\/\/pureobagi.com\/fr\/wp-json\/wp\/v2\/types\/product"}],"replies":[{"embeddable":true,"href":"https:\/\/pureobagi.com\/fr\/wp-json\/wp\/v2\/comments?post=30817"}],"wp:featuredmedia":[{"embeddable":true,"href":"https:\/\/pureobagi.com\/fr\/wp-json\/wp\/v2\/media\/38561"}],"wp:attachment":[{"href":"https:\/\/pureobagi.com\/fr\/wp-json\/wp\/v2\/media?parent=30817"}],"wp:term":[{"taxonomy":"product_brand","embeddable":true,"href":"https:\/\/pureobagi.com\/fr\/wp-json\/wp\/v2\/product_brand?post=30817"},{"taxonomy":"product_cat","embeddable":true,"href":"https:\/\/pureobagi.com\/fr\/wp-json\/wp\/v2\/product_cat?post=30817"},{"taxonomy":"product_tag","embeddable":true,"href":"https:\/\/pureobagi.com\/fr\/wp-json\/wp\/v2\/product_tag?post=30817"}],"curies":[{"name":"wp","href":"https:\/\/api.w.org\/{rel}","templated":true}]}}