{"id":30818,"date":"2020-10-14T12:34:50","date_gmt":"2020-10-14T11:34:50","guid":{"rendered":"https:\/\/pureobagi.com\/product\/obagi-nu-derm-fx-exfoderm-forte\/"},"modified":"2023-03-10T17:12:18","modified_gmt":"2023-03-10T17:12:18","slug":"obagi-nu-derm-exfoderm-forte","status":"publish","type":"product","link":"https:\/\/pureobagi.com\/fr\/produit\/obagi-nu-derm-exfoderm-forte\/","title":{"rendered":"Obagi Nu-Derm\u00ae Fx Exfoderm\u00ae Forte"},"content":{"rendered":"<p><strong>Obagi Nu-Derm<sup>\u00ae<\/sup> Fx Exfoderm<sup>\u00ae<\/sup> Forte<\/strong> favorise l&#39;exfoliation et active le renouvellement cellulaire pour une peau \u00e9clatante et lumineuse. Particuli\u00e8rement efficace avec les autres produits de la routine de soins Obagi Nu-Derm Fx<sup>\u00ae<\/sup> System pour les peaux normales \u00e0 grasses.<\/p>\n<p>Obagi Nu-Derm<sup>\u00ae<\/sup> Fx Exfoderm<sup>\u00ae<\/sup> Forte exfolie les cellules ternes et mortes de la peau, pour un teint radieux et lisse.<\/p>\n<p>Riche en acides alpha-hydroxyl\u00e9s (acide glycolique et acide lactique), Obagi Nu-Derm<sup>\u00ae<\/sup> Exfoderm<sup>\u00ae<\/sup> Forte agit pour estomper fortement les taches brunes caus\u00e9es par le soleil et bien d&#39;autres signes du temps qui passe.<\/p>\n<p>Obagi Nu-Derm<sup>\u00ae<\/sup> Exfoderm<sup>\u00ae<\/sup> Forte n\u00b0&nbsp;4 est formul\u00e9 pour les peaux normales \u00e0 s\u00e8ches. V\u00e9ritable \u00e9tape phare de la routine de soins Obagi Nu-Derm Fx<sup>\u00ae<\/sup> System, ce produit fonctionne en synergie pour aider votre peau \u00e0 \u00eatre plus nette, plus \u00e9clatante et saine.<\/p>\n","protected":false},"excerpt":{"rendered":"<p>Obagi Nu-Derm\u00ae Fx Exfoderm\u00ae Forte favorise l&#39;exfoliation et active le renouvellement cellulaire pour une peau \u00e9clatante et lumineuse. Particuli\u00e8rement efficace avec les autres produits de la routine de soins Obagi Nu-Derm Fx\u00ae System pour les peaux normales \u00e0 grasses. Obagi Nu-Derm\u00ae Fx Exfoderm\u00ae Forte exfolie les cellules ternes et mortes de la peau, pour un [&hellip;]<\/p>\n","protected":false},"featured_media":38571,"comment_status":"open","ping_status":"closed","template":"","meta":{"_acf_changed":false},"product_brand":[],"product_cat":[510,511,514,518,502,519,504,526,505,506,507,508,509],"product_tag":[],"class_list":{"0":"post-30818","1":"product","2":"type-product","3":"status-publish","4":"has-post-thumbnail","6":"product_cat-peaux-mixtes","7":"product_cat-peaux-normales","8":"product_cat-exfoliants","9":"product_cat-vieillissement-cutane-par-exemple-rides-et-ridules","10":"product_cat-nu-derm-fx-system-fr","11":"product_cat-peaux-matures","12":"product_cat-peaux-grasses","13":"product_cat-meilleures-ventes","14":"product_cat-peaux-a-tendance-acneique","15":"product_cat-hyperpigmentation-fr","16":"product_cat-peaux-ternes","17":"product_cat-effets-nuisibles-du-soleil","18":"product_cat-peaux-reches","20":"first","21":"instock","22":"taxable","23":"shipping-taxable","24":"purchasable","25":"product-type-simple"},"acf":[],"_links":{"self":[{"href":"https:\/\/pureobagi.com\/fr\/wp-json\/wp\/v2\/product\/30818","targetHints":{"allow":["GET"]}}],"collection":[{"href":"https:\/\/pureobagi.com\/fr\/wp-json\/wp\/v2\/product"}],"about":[{"href":"https:\/\/pureobagi.com\/fr\/wp-json\/wp\/v2\/types\/product"}],"replies":[{"embeddable":true,"href":"https:\/\/pureobagi.com\/fr\/wp-json\/wp\/v2\/comments?post=30818"}],"wp:featuredmedia":[{"embeddable":true,"href":"https:\/\/pureobagi.com\/fr\/wp-json\/wp\/v2\/media\/38571"}],"wp:attachment":[{"href":"https:\/\/pureobagi.com\/fr\/wp-json\/wp\/v2\/media?parent=30818"}],"wp:term":[{"taxonomy":"product_brand","embeddable":true,"href":"https:\/\/pureobagi.com\/fr\/wp-json\/wp\/v2\/product_brand?post=30818"},{"taxonomy":"product_cat","embeddable":true,"href":"https:\/\/pureobagi.com\/fr\/wp-json\/wp\/v2\/product_cat?post=30818"},{"taxonomy":"product_tag","embeddable":true,"href":"https:\/\/pureobagi.com\/fr\/wp-json\/wp\/v2\/product_tag?post=30818"}],"curies":[{"name":"wp","href":"https:\/\/api.w.org\/{rel}","templated":true}]}}