{"id":30819,"date":"2020-10-14T12:23:30","date_gmt":"2020-10-14T11:23:30","guid":{"rendered":"https:\/\/pureobagi.com\/product\/obagi-nu-derm-fx-exfoderm\/"},"modified":"2023-05-30T16:23:45","modified_gmt":"2023-05-30T15:23:45","slug":"obagi-nu-derm-exfoderm","status":"publish","type":"product","link":"https:\/\/pureobagi.com\/fr\/produit\/obagi-nu-derm-exfoderm\/","title":{"rendered":"Obagi Nu-Derm\u00ae Fx Exfoderm"},"content":{"rendered":"<p><strong>Obagi Nu-Derm<sup>\u00ae<\/sup> Fx Exfoderm\u00ae<\/strong> favorise l&#39;exfoliation et active le renouvellement cellulaire pour une peau \u00e9clatante et lumineuse. Particuli\u00e8rement efficace en compl\u00e9ment des autres produits de la routine de soins Obagi Nu-Derm Fx<sup>\u00ae<\/sup> System pour les peaux normales \u00e0 s\u00e8ches.<\/p>\n<p>Obagi Nu-Derm<sup>\u00ae <\/sup>Exfoderm contient de l&#39;acide phytique, un acide naturellement pr\u00e9sent dans les fruits qui favorise l&#39;exfoliation essentielle de la couche sup\u00e9rieure de la peau. L&#39;exfoliation \u00e9limine les cellules ternes de la peau, pour laisser place \u00e0 un teint plus net et \u00e9clatant de vitalit\u00e9.<\/p>\n<p><em>Le saviez-vous&nbsp;?<\/em> Avec l&#39;\u00e2ge, le renouvellement cellulaire ralentit parfois. L&#39;exfoliation est une \u00e9tape essentielle pour garder une peau lisse et \u00e9clatante de vitalit\u00e9, mais aussi pour la prot\u00e9ger des agressions ext\u00e9rieures. En plus, cette \u00e9tape acc\u00e9l\u00e8re le renouvellement cellulaire, r\u00e9v\u00e9lant une peau fra\u00eeche et revitalis\u00e9e pour atteindre vos objectifs.<\/p>\n<p>Obagi Nu-Derm<sup>\u00ae <\/sup>Exfoderm n\u00b0&nbsp;4, une lotion l\u00e9g\u00e8re destin\u00e9e aux peaux normales \u00e0 s\u00e8ches, est un soin essentiel de la routine de soins Obagi Nu-Derm Fx<sup>\u00ae<\/sup> System, agissant en synergie avec les autres produits de la gamme pour une peau nette et \u00e9clatante de sant\u00e9.<\/p>\n<p><em>*Attention aux coups de soleil&nbsp;: ce produit contient de l&#39;acide alpha-hydroxyl\u00e9 (AHA) qui peut rendre votre peau plus sensible aux effets n\u00e9fastes du soleil, en particulier les coups de soleil. Utiliser un \u00e9cran solaire, porter des v\u00eatements de protection et limiter l&#39;exposition au soleil pendant l&#39;utilisation de ce produit et la semaine qui suit.<\/em><\/p>\n","protected":false},"excerpt":{"rendered":"<p>Obagi Nu-Derm\u00ae Fx Exfoderm\u00ae favorise l&#39;exfoliation et active le renouvellement cellulaire pour une peau \u00e9clatante et lumineuse. Particuli\u00e8rement efficace en compl\u00e9ment des autres produits de la routine de soins Obagi Nu-Derm Fx\u00ae System pour les peaux normales \u00e0 s\u00e8ches. Obagi Nu-Derm\u00ae Exfoderm contient de l&#39;acide phytique, un acide naturellement pr\u00e9sent dans les fruits qui favorise [&hellip;]<\/p>\n","protected":false},"featured_media":37905,"comment_status":"open","ping_status":"closed","template":"","meta":{"_acf_changed":false},"product_brand":[],"product_cat":[515,516,517,518,526,502,507,510,512,513,514],"product_tag":[],"class_list":{"0":"post-30819","1":"product","2":"type-product","3":"status-publish","4":"has-post-thumbnail","6":"product_cat-couperose-ou-rosacee","7":"product_cat-peaux-deshydratees","8":"product_cat-peaux-touchees-par-le-maskne","9":"product_cat-vieillissement-cutane-par-exemple-rides-et-ridules","10":"product_cat-meilleures-ventes","11":"product_cat-nu-derm-fx-system-fr","12":"product_cat-peaux-ternes","13":"product_cat-peaux-mixtes","14":"product_cat-peaux-sensibles","15":"product_cat-peaux-seches","16":"product_cat-exfoliants","18":"first","19":"instock","20":"taxable","21":"shipping-taxable","22":"purchasable","23":"product-type-simple"},"acf":[],"_links":{"self":[{"href":"https:\/\/pureobagi.com\/fr\/wp-json\/wp\/v2\/product\/30819","targetHints":{"allow":["GET"]}}],"collection":[{"href":"https:\/\/pureobagi.com\/fr\/wp-json\/wp\/v2\/product"}],"about":[{"href":"https:\/\/pureobagi.com\/fr\/wp-json\/wp\/v2\/types\/product"}],"replies":[{"embeddable":true,"href":"https:\/\/pureobagi.com\/fr\/wp-json\/wp\/v2\/comments?post=30819"}],"wp:featuredmedia":[{"embeddable":true,"href":"https:\/\/pureobagi.com\/fr\/wp-json\/wp\/v2\/media\/37905"}],"wp:attachment":[{"href":"https:\/\/pureobagi.com\/fr\/wp-json\/wp\/v2\/media?parent=30819"}],"wp:term":[{"taxonomy":"product_brand","embeddable":true,"href":"https:\/\/pureobagi.com\/fr\/wp-json\/wp\/v2\/product_brand?post=30819"},{"taxonomy":"product_cat","embeddable":true,"href":"https:\/\/pureobagi.com\/fr\/wp-json\/wp\/v2\/product_cat?post=30819"},{"taxonomy":"product_tag","embeddable":true,"href":"https:\/\/pureobagi.com\/fr\/wp-json\/wp\/v2\/product_tag?post=30819"}],"curies":[{"name":"wp","href":"https:\/\/api.w.org\/{rel}","templated":true}]}}