{"id":30820,"date":"2020-10-14T12:20:27","date_gmt":"2020-10-14T11:20:27","guid":{"rendered":"https:\/\/pureobagi.com\/product\/obagi-nu-derm-clear-fx\/"},"modified":"2026-02-17T18:13:15","modified_gmt":"2026-02-17T18:13:15","slug":"obagi-nu-derm-clear-fx","status":"publish","type":"product","link":"https:\/\/pureobagi.com\/fr\/produit\/obagi-nu-derm-clear-fx\/","title":{"rendered":"Obagi Nu-Derm\u00ae Clear Fx"},"content":{"rendered":"<p>Utilis\u00e9e avec les autres produits de la routine de soins Obagi Nu-Derm Fx<sup>\u00ae<\/sup> System, la cr\u00e8me \u00e9claircissante <strong>Obagi Nu-Derm<sup>\u00ae<\/sup> Clear Fx<\/strong> estompe les taches brunes caus\u00e9es par le soleil pour une peau nette, lisse et \u00e9clatante de sant\u00e9.<\/p>\n<p><em>Le saviez-vous&nbsp;?<\/em> Les rayons&nbsp;UV du soleil peuvent endommager votre peau et entra\u00eener son vieillissement pr\u00e9matur\u00e9, qui est souvent associ\u00e9 \u00e0 une hyperpigmentation.<\/p>\n<p>Obagi Nu-Derm<sup>\u00ae<\/sup> Clear Fx estompe les taches brunes et offre \u00e0 votre peau un teint plus \u00e9clatant et uniforme.<\/p>\n<p>Cette cr\u00e8me \u00e9claircissante enrichie \u00e0 l&#39;arbutine pr\u00e9sente une formule douce qui att\u00e9nue les imperfections et la pigmentation dues aux taches, aux \u00e9ruptions cutan\u00e9es et aux dommages caus\u00e9s par le soleil. Issue de la busserole, l&#39;arbutine (7&nbsp;%) contenue dans l&#39;Obagi Nu-Derm<sup>\u00ae<\/sup> Clear Fx pr\u00e9vient la production de tyrosinase, l&#39;enzyme responsable de la production de m\u00e9lanine, et donc des taches brunes caus\u00e9es par le soleil.<\/p>\n<p>D&#39;autres antioxydants, comme l&#39;acide lactique, aident \u00e0 am\u00e9liorer l&#39;aspect de la peau, tout en la prot\u00e9geant des radicaux libres. Obagi Nu-Derm<sup>\u00ae<\/sup> Clear Fx est la troisi\u00e8me \u00e9tape de votre rituel beaut\u00e9 du matin avec la routine de soins Obagi Nu-Derm Fx<sup>\u00ae <\/sup>System.<\/p>\n<p><em>*Contient du m\u00e9tabisulfite de sodium, un sulfite qui peut entra\u00eener des r\u00e9actions allergiques, y compris des sympt\u00f4mes de type anaphylactique, ou des crises d\u2019asthme pouvant ou non mettre la vie de certaines personnes \u00e0 risque en danger. Les taux de sensibilit\u00e9 aux sulfites dans la population sont inconnus et probablement limit\u00e9s. La sensibilit\u00e9 aux sulfites survient plus fr\u00e9quemment chez les personnes asthmatiques que dans le reste de la population.<\/em><\/p>\n","protected":false},"excerpt":{"rendered":"<p>Utilis\u00e9e avec les autres produits de la routine de soins Obagi Nu-Derm Fx\u00ae System, la cr\u00e8me \u00e9claircissante Obagi Nu-Derm\u00ae Clear Fx estompe les taches brunes caus\u00e9es par le soleil pour une peau nette, lisse et \u00e9clatante de sant\u00e9. Le saviez-vous&nbsp;? Les rayons&nbsp;UV du soleil peuvent endommager votre peau et entra\u00eener son vieillissement pr\u00e9matur\u00e9, qui est [&hellip;]<\/p>\n","protected":false},"featured_media":36179,"comment_status":"open","ping_status":"closed","template":"","meta":{"_acf_changed":false},"product_brand":[],"product_cat":[509,510,511,512,513,502,515,504,516,505,519,506,524,507,526,508],"product_tag":[],"class_list":{"0":"post-30820","1":"product","2":"type-product","3":"status-publish","4":"has-post-thumbnail","6":"product_cat-peaux-reches","7":"product_cat-peaux-mixtes","8":"product_cat-peaux-normales","9":"product_cat-peaux-sensibles","10":"product_cat-peaux-seches","11":"product_cat-nu-derm-fx-system-fr","12":"product_cat-couperose-ou-rosacee","13":"product_cat-peaux-grasses","14":"product_cat-peaux-deshydratees","15":"product_cat-peaux-a-tendance-acneique","16":"product_cat-peaux-matures","17":"product_cat-hyperpigmentation-fr","18":"product_cat-produits-eclaircissants","19":"product_cat-peaux-ternes","20":"product_cat-meilleures-ventes","21":"product_cat-effets-nuisibles-du-soleil","23":"first","24":"instock","25":"taxable","26":"shipping-taxable","27":"purchasable","28":"product-type-simple"},"acf":[],"_links":{"self":[{"href":"https:\/\/pureobagi.com\/fr\/wp-json\/wp\/v2\/product\/30820","targetHints":{"allow":["GET"]}}],"collection":[{"href":"https:\/\/pureobagi.com\/fr\/wp-json\/wp\/v2\/product"}],"about":[{"href":"https:\/\/pureobagi.com\/fr\/wp-json\/wp\/v2\/types\/product"}],"replies":[{"embeddable":true,"href":"https:\/\/pureobagi.com\/fr\/wp-json\/wp\/v2\/comments?post=30820"}],"wp:featuredmedia":[{"embeddable":true,"href":"https:\/\/pureobagi.com\/fr\/wp-json\/wp\/v2\/media\/36179"}],"wp:attachment":[{"href":"https:\/\/pureobagi.com\/fr\/wp-json\/wp\/v2\/media?parent=30820"}],"wp:term":[{"taxonomy":"product_brand","embeddable":true,"href":"https:\/\/pureobagi.com\/fr\/wp-json\/wp\/v2\/product_brand?post=30820"},{"taxonomy":"product_cat","embeddable":true,"href":"https:\/\/pureobagi.com\/fr\/wp-json\/wp\/v2\/product_cat?post=30820"},{"taxonomy":"product_tag","embeddable":true,"href":"https:\/\/pureobagi.com\/fr\/wp-json\/wp\/v2\/product_tag?post=30820"}],"curies":[{"name":"wp","href":"https:\/\/api.w.org\/{rel}","templated":true}]}}