{"id":30821,"date":"2020-10-14T12:11:19","date_gmt":"2020-10-14T11:11:19","guid":{"rendered":"https:\/\/pureobagi.com\/product\/tonique-obagi-nu-derm-fx\/"},"modified":"2023-05-22T07:24:24","modified_gmt":"2023-05-22T06:24:24","slug":"obagi-nu-derm-toner","status":"publish","type":"product","link":"https:\/\/pureobagi.com\/fr\/produit\/obagi-nu-derm-toner\/","title":{"rendered":"Obagi Nu-Derm\u00ae Fx Toner"},"content":{"rendered":"<p><strong>Le tonique Obagi Nu-Derm<sup>\u00ae<\/sup> Fx Toner \u00e9quilibre le pH de votre peau sans l&#39;ass\u00e9cher pour la rendre plus lisse, purifi\u00e9e et \u00e9clatante de sant\u00e9 lorsque vous l&#39;utilisez dans le cadre de la routine de soins Obagi Nu-Derm Fx<sup>\u00ae<\/sup> System. Sans alcool. <\/strong><\/p>\n<p>Le tonique Obagi Toner, le deuxi\u00e8me produit de votre routine beaut\u00e9, a \u00e9t\u00e9 sp\u00e9cialement formul\u00e9 pour \u00eatre utilis\u00e9 apr\u00e8s le nettoyant doux Obagi Nu-Derm<sup>\u00ae<\/sup> Gentle Cleanser ou le gel moussant Obagi Nu-Derm<sup>\u00ae<\/sup> Foaming Gel pour r\u00e9\u00e9quilibrer la peau avant l&#39;application de vos autres produits. Bien pr\u00e9parer sa peau avec un produit nettoyant et un tonique Obagi Nu-Derm Fx<sup>\u00ae<\/sup>, tous les matins et tous les soirs, vous aide \u00e0 avoir une peau \u00e9clatante de sant\u00e9.<\/p>\n<p>Enrichi en ingr\u00e9dients cl\u00e9s, comme l&#39;hamam\u00e9lis, pour raffermir la peau, et l&#39;aloe vera pour l&#39;apaiser.<\/p>\n<p><em>Le saviez-vous&nbsp;?<\/em> \u00c0 l&#39;\u00e2ge adulte, la peau est g\u00e9n\u00e9ralement l\u00e9g\u00e8rement acide, ce qui signifie qu&#39;un \u00e9quilibre d\u00e9licat doit \u00eatre maintenu pour que la peau ne soit pas trop alcaline, autrement dit s\u00e8che et sensible.<\/p>\n","protected":false},"excerpt":{"rendered":"<p>Le tonique Obagi Nu-Derm\u00ae Fx Toner \u00e9quilibre le pH de votre peau sans l&#39;ass\u00e9cher pour la rendre plus lisse, purifi\u00e9e et \u00e9clatante de sant\u00e9 lorsque vous l&#39;utilisez dans le cadre de la routine de soins Obagi Nu-Derm Fx\u00ae System. Sans alcool. Le tonique Obagi Toner, le deuxi\u00e8me produit de votre routine beaut\u00e9, a \u00e9t\u00e9 sp\u00e9cialement [&hellip;]<\/p>\n","protected":false},"featured_media":38596,"comment_status":"open","ping_status":"closed","template":"","meta":{"_acf_changed":false},"product_brand":[],"product_cat":[518,502,519,504,522,505,506,507,508,509,510,511,513],"product_tag":[],"class_list":{"0":"post-30821","1":"product","2":"type-product","3":"status-publish","4":"has-post-thumbnail","6":"product_cat-vieillissement-cutane-par-exemple-rides-et-ridules","7":"product_cat-nu-derm-fx-system-fr","8":"product_cat-peaux-matures","9":"product_cat-peaux-grasses","10":"product_cat-lotions-toniques","11":"product_cat-peaux-a-tendance-acneique","12":"product_cat-hyperpigmentation-fr","13":"product_cat-peaux-ternes","14":"product_cat-effets-nuisibles-du-soleil","15":"product_cat-peaux-reches","16":"product_cat-peaux-mixtes","17":"product_cat-peaux-normales","18":"product_cat-peaux-seches","20":"first","21":"instock","22":"taxable","23":"shipping-taxable","24":"purchasable","25":"product-type-simple"},"acf":[],"_links":{"self":[{"href":"https:\/\/pureobagi.com\/fr\/wp-json\/wp\/v2\/product\/30821","targetHints":{"allow":["GET"]}}],"collection":[{"href":"https:\/\/pureobagi.com\/fr\/wp-json\/wp\/v2\/product"}],"about":[{"href":"https:\/\/pureobagi.com\/fr\/wp-json\/wp\/v2\/types\/product"}],"replies":[{"embeddable":true,"href":"https:\/\/pureobagi.com\/fr\/wp-json\/wp\/v2\/comments?post=30821"}],"wp:featuredmedia":[{"embeddable":true,"href":"https:\/\/pureobagi.com\/fr\/wp-json\/wp\/v2\/media\/38596"}],"wp:attachment":[{"href":"https:\/\/pureobagi.com\/fr\/wp-json\/wp\/v2\/media?parent=30821"}],"wp:term":[{"taxonomy":"product_brand","embeddable":true,"href":"https:\/\/pureobagi.com\/fr\/wp-json\/wp\/v2\/product_brand?post=30821"},{"taxonomy":"product_cat","embeddable":true,"href":"https:\/\/pureobagi.com\/fr\/wp-json\/wp\/v2\/product_cat?post=30821"},{"taxonomy":"product_tag","embeddable":true,"href":"https:\/\/pureobagi.com\/fr\/wp-json\/wp\/v2\/product_tag?post=30821"}],"curies":[{"name":"wp","href":"https:\/\/api.w.org\/{rel}","templated":true}]}}