{"id":30822,"date":"2020-10-14T12:04:07","date_gmt":"2020-10-14T11:04:07","guid":{"rendered":"https:\/\/pureobagi.com\/product\/nettoyant-doux-obagi-nu-derm-fx\/"},"modified":"2023-01-10T12:39:43","modified_gmt":"2023-01-10T12:39:43","slug":"obagi-nu-derm-gentle-cleanser","status":"publish","type":"product","link":"https:\/\/pureobagi.com\/fr\/produit\/obagi-nu-derm-gentle-cleanser\/","title":{"rendered":"Obagi Nu-Derm\u00ae Fx Gentle Cleanser"},"content":{"rendered":"<p><strong>Le nettoyant doux Obagi Nu-Derm<sup>\u00ae<\/sup> Fx Gentle Cleanser pour les peaux normales \u00e0 grasses \u00e9limine efficacement les r\u00e9sidus de maquillage et les exc\u00e8s de s\u00e9bum, mais aussi les impuret\u00e9s accumul\u00e9es au quotidien. <\/strong><strong>Le nettoyant doux Obagi Nu-Derm<sup>\u00ae<\/sup> Fx Gentle Cleanser est l&#39;alli\u00e9 id\u00e9al pour obtenir une peau nette, lisse et \u00e9clatante de sant\u00e9 lorsqu&#39;il est utilis\u00e9 avec les autres autres produits de la routine de soins Obagi Nu-Derm<sup>\u00ae<\/sup> Fx System.<\/strong><\/p>\n<p>Le nettoyant doux Obagi Nu-Derm<sup>\u00ae<\/sup> Fx Gentle Cleanser a \u00e9t\u00e9 sp\u00e9cialement formul\u00e9 pour les peaux normales \u00e0 s\u00e8ches. Sa formule douce \u00e9limine les traces de maquillage et les impuret\u00e9s accumul\u00e9es au quotidien, pour une peau fra\u00eeche et propre avant l&#39;application de vos autres soins.<\/p>\n<p>Le nettoyant doux Obagi Nu-Derm<sup>\u00ae<\/sup> Fx Gentle Cleanser est compos\u00e9 d&#39;ingr\u00e9dients d&#39;origine naturelle, comme les acides amin\u00e9s contenus dans l&#39;avoine, l&#39;aloe vera, l&#39;huile de noyau d&#39;abricot, le panth\u00e9nol, l&#39;extrait de feuille de sauge et l&#39;extrait de bourrache, sans oublier de la glyc\u00e9rine pour apaiser et hydrater la peau.<\/p>\n<p>Un nettoyage quotidien matin et soir avec le nettoyant doux Obagi Nu-Derm<sup>\u00ae<\/sup> Gentle Cleanser est la premi\u00e8re \u00e9tape essentielle pour une peau radieuse et plus saine dans le cadre de la routine de soins Obagi Nu-Derm Fx<sup>\u00ae<\/sup> System.<\/p>\n","protected":false},"excerpt":{"rendered":"<p>Le nettoyant doux Obagi Nu-Derm\u00ae Fx Gentle Cleanser pour les peaux normales \u00e0 grasses \u00e9limine efficacement les r\u00e9sidus de maquillage et les exc\u00e8s de s\u00e9bum, mais aussi les impuret\u00e9s accumul\u00e9es au quotidien. Le nettoyant doux Obagi Nu-Derm\u00ae Fx Gentle Cleanser est l&#39;alli\u00e9 id\u00e9al pour obtenir une peau nette, lisse et \u00e9clatante de sant\u00e9 lorsqu&#39;il est [&hellip;]<\/p>\n","protected":false},"featured_media":38586,"comment_status":"open","ping_status":"closed","template":"","meta":{"_acf_changed":false},"product_brand":[],"product_cat":[515,516,517,518,519,502,503,507,511,512,513],"product_tag":[],"class_list":{"0":"post-30822","1":"product","2":"type-product","3":"status-publish","4":"has-post-thumbnail","6":"product_cat-couperose-ou-rosacee","7":"product_cat-peaux-deshydratees","8":"product_cat-peaux-touchees-par-le-maskne","9":"product_cat-vieillissement-cutane-par-exemple-rides-et-ridules","10":"product_cat-peaux-matures","11":"product_cat-nu-derm-fx-system-fr","12":"product_cat-soins-nettoyants","13":"product_cat-peaux-ternes","14":"product_cat-peaux-normales","15":"product_cat-peaux-sensibles","16":"product_cat-peaux-seches","18":"first","19":"instock","20":"taxable","21":"shipping-taxable","22":"purchasable","23":"product-type-simple"},"acf":[],"_links":{"self":[{"href":"https:\/\/pureobagi.com\/fr\/wp-json\/wp\/v2\/product\/30822","targetHints":{"allow":["GET"]}}],"collection":[{"href":"https:\/\/pureobagi.com\/fr\/wp-json\/wp\/v2\/product"}],"about":[{"href":"https:\/\/pureobagi.com\/fr\/wp-json\/wp\/v2\/types\/product"}],"replies":[{"embeddable":true,"href":"https:\/\/pureobagi.com\/fr\/wp-json\/wp\/v2\/comments?post=30822"}],"wp:featuredmedia":[{"embeddable":true,"href":"https:\/\/pureobagi.com\/fr\/wp-json\/wp\/v2\/media\/38586"}],"wp:attachment":[{"href":"https:\/\/pureobagi.com\/fr\/wp-json\/wp\/v2\/media?parent=30822"}],"wp:term":[{"taxonomy":"product_brand","embeddable":true,"href":"https:\/\/pureobagi.com\/fr\/wp-json\/wp\/v2\/product_brand?post=30822"},{"taxonomy":"product_cat","embeddable":true,"href":"https:\/\/pureobagi.com\/fr\/wp-json\/wp\/v2\/product_cat?post=30822"},{"taxonomy":"product_tag","embeddable":true,"href":"https:\/\/pureobagi.com\/fr\/wp-json\/wp\/v2\/product_tag?post=30822"}],"curies":[{"name":"wp","href":"https:\/\/api.w.org\/{rel}","templated":true}]}}