{"id":30823,"date":"2020-10-14T11:39:14","date_gmt":"2020-10-14T10:39:14","guid":{"rendered":"https:\/\/pureobagi.com\/product\/gel-moussant-obagi-nu-derm-fx\/"},"modified":"2023-01-10T12:36:24","modified_gmt":"2023-01-10T12:36:24","slug":"obagi-nu-derm-foaming-gel","status":"publish","type":"product","link":"https:\/\/pureobagi.com\/fr\/produit\/obagi-nu-derm-foaming-gel\/","title":{"rendered":"Obagi Nu-Derm\u00ae Fx Foaming Gel"},"content":{"rendered":"<p><strong>Le gel moussant Obagi Nu-Derm<sup>\u00ae<\/sup> Fx Foaming Gel pour les peaux normales \u00e0 grasses \u00e9limine efficacement les r\u00e9sidus de maquillage et les exc\u00e8s de s\u00e9bum, mais aussi les impuret\u00e9s accumul\u00e9es au quotidien. Le gel moussant Obagi Nu-Derm<sup>\u00ae<\/sup> Fx Foaming Gel est l&#39;alli\u00e9 id\u00e9al pour obtenir une peau nette, lisse et \u00e9clatante de sant\u00e9, lorsqu&#39;il est utilis\u00e9 avec les autres produits de la routine de soins Obagi Nu-Derm Fx<sup>\u00ae<\/sup> System.<\/strong><\/p>\n<p>Enrichi en ingr\u00e9dients naturels, comme les acides amin\u00e9s contenus dans l&#39;avoine, l&#39;aloe vera, l&#39;extrait d&#39;alfalfa et de bourrache, le gel moussant Obagi Nu-Derm<sup>\u00ae<\/sup> Foaming Gel contient \u00e9galement un extrait de camomille pour r\u00e9duire les irritations et offrir une action anti-inflammatoire.<\/p>\n<p>Le gel moussant Obagi Nu-Derm<sup>\u00ae <\/sup>Foaming Gel est la premi\u00e8re \u00e9tape cl\u00e9 de votre routine de soins du matin et du soir.<\/p>\n","protected":false},"excerpt":{"rendered":"<p>Le gel moussant Obagi Nu-Derm\u00ae Fx Foaming Gel pour les peaux normales \u00e0 grasses \u00e9limine efficacement les r\u00e9sidus de maquillage et les exc\u00e8s de s\u00e9bum, mais aussi les impuret\u00e9s accumul\u00e9es au quotidien. Le gel moussant Obagi Nu-Derm\u00ae Fx Foaming Gel est l&#39;alli\u00e9 id\u00e9al pour obtenir une peau nette, lisse et \u00e9clatante de sant\u00e9, lorsqu&#39;il est [&hellip;]<\/p>\n","protected":false},"featured_media":38581,"comment_status":"open","ping_status":"closed","template":"","meta":{"_acf_changed":false},"product_brand":[],"product_cat":[509,510,511,502,503,504,505,506,507,508],"product_tag":[],"class_list":{"0":"post-30823","1":"product","2":"type-product","3":"status-publish","4":"has-post-thumbnail","6":"product_cat-peaux-reches","7":"product_cat-peaux-mixtes","8":"product_cat-peaux-normales","9":"product_cat-nu-derm-fx-system-fr","10":"product_cat-soins-nettoyants","11":"product_cat-peaux-grasses","12":"product_cat-peaux-a-tendance-acneique","13":"product_cat-hyperpigmentation-fr","14":"product_cat-peaux-ternes","15":"product_cat-effets-nuisibles-du-soleil","17":"first","18":"instock","19":"taxable","20":"shipping-taxable","21":"purchasable","22":"product-type-simple"},"acf":[],"_links":{"self":[{"href":"https:\/\/pureobagi.com\/fr\/wp-json\/wp\/v2\/product\/30823","targetHints":{"allow":["GET"]}}],"collection":[{"href":"https:\/\/pureobagi.com\/fr\/wp-json\/wp\/v2\/product"}],"about":[{"href":"https:\/\/pureobagi.com\/fr\/wp-json\/wp\/v2\/types\/product"}],"replies":[{"embeddable":true,"href":"https:\/\/pureobagi.com\/fr\/wp-json\/wp\/v2\/comments?post=30823"}],"wp:featuredmedia":[{"embeddable":true,"href":"https:\/\/pureobagi.com\/fr\/wp-json\/wp\/v2\/media\/38581"}],"wp:attachment":[{"href":"https:\/\/pureobagi.com\/fr\/wp-json\/wp\/v2\/media?parent=30823"}],"wp:term":[{"taxonomy":"product_brand","embeddable":true,"href":"https:\/\/pureobagi.com\/fr\/wp-json\/wp\/v2\/product_brand?post=30823"},{"taxonomy":"product_cat","embeddable":true,"href":"https:\/\/pureobagi.com\/fr\/wp-json\/wp\/v2\/product_cat?post=30823"},{"taxonomy":"product_tag","embeddable":true,"href":"https:\/\/pureobagi.com\/fr\/wp-json\/wp\/v2\/product_tag?post=30823"}],"curies":[{"name":"wp","href":"https:\/\/api.w.org\/{rel}","templated":true}]}}