{"id":30824,"date":"2020-12-15T23:45:43","date_gmt":"2020-12-15T23:45:43","guid":{"rendered":"https:\/\/pureobagi.com\/product\/serum-visage-obagi-daily-hydro-drops-30-ml\/"},"modified":"2023-05-27T12:47:28","modified_gmt":"2023-05-27T11:47:28","slug":"daily-hydro-drops-facial-serum-30ml","status":"publish","type":"product","link":"https:\/\/pureobagi.com\/fr\/produit\/daily-hydro-drops-facial-serum-30ml\/","title":{"rendered":"Obagi Daily Hydro-Drops\u2122 Facial Serum 30ml"},"content":{"rendered":"<p><strong>Obagi Daily Hydro-Drops\u2122<\/strong> est un s\u00e9rum hydratant l\u00e9ger et non com\u00e9dog\u00e8ne qui laisse la peau lisse et fra\u00eeche.<\/p>\n<p>\u00c0 l&#39;aide de la technologie Microfluid pour suspendre les formes les plus pures des huiles d&#39;hibiscus et d&#39;Abyssinie s\u00e9par\u00e9ment, Obagi Daily Hydro-Drops\u2122 est exempt d&#39;\u00e9mulsifiants et permet une absorption imm\u00e9diate lors de l&#39;application pour une peau rayonnante de sant\u00e9 avec le temps.<\/p>\n<p>Les acides gras om\u00e9ga&nbsp;9 et om\u00e9ga&nbsp;6 participent \u00e0 la capacit\u00e9 naturelle de la barri\u00e8re cutan\u00e9e \u00e0 retenir l&#39;eau et \u00e0 prot\u00e9ger la peau des radicaux libres, des UV et d&#39;autres facteurs li\u00e9s \u00e0 l&#39;environnement. Protection antioxydante suppl\u00e9mentaire, et vitamine&nbsp;B3 qui att\u00e9nue les rides et ridules avec le temps.<\/p>\n<p>Obagi Daily Hydro-Drops\u2122 est hypoallerg\u00e9nique et a \u00e9t\u00e9 test\u00e9 par les dermatologues et ophtalmologues&nbsp;: il peut donc \u00eatre utilis\u00e9 sans danger sur le contour des yeux. Convient aux peaux sensibles ou irrit\u00e9es en raison de l&#39;absence d&#39;\u00e9mulsifiants. Peut parfois augmenter l&#39;irritation potentielle d&#39;un produit chez les personnes aux peaux sensibles.<\/p>\n<p><em>Mythe&nbsp;<\/em>: \u00ab&nbsp;Les peaux grasses n&#39;ont pas besoin d&#39;\u00eatre hydrat\u00e9es.&nbsp;\u00bb<br \/>\n<em>R\u00e9alit\u00e9&nbsp;:<\/em> Les \u00ab&nbsp;bonnes&nbsp;\u00bb huiles peuvent s&#39;opposer aux \u00ab&nbsp;mauvaises&nbsp;\u00bb huiles, en exc\u00e8s dans les peaux grasses, et les minimiser. Nous conseillons aux personnes \u00e0 la peau grasse de choisir un produit hydratant riche en eau, plut\u00f4t qu&#39;une huile.<\/p>\n","protected":false},"excerpt":{"rendered":"<p>Obagi Daily Hydro-Drops\u2122 est un s\u00e9rum hydratant l\u00e9ger et non com\u00e9dog\u00e8ne qui laisse la peau lisse et fra\u00eeche. \u00c0 l&#39;aide de la technologie Microfluid pour suspendre les formes les plus pures des huiles d&#39;hibiscus et d&#39;Abyssinie s\u00e9par\u00e9ment, Obagi Daily Hydro-Drops\u2122 est exempt d&#39;\u00e9mulsifiants et permet une absorption imm\u00e9diate lors de l&#39;application pour une peau rayonnante [&hellip;]<\/p>\n","protected":false},"featured_media":34515,"comment_status":"open","ping_status":"closed","template":"","meta":{"_acf_changed":false},"product_brand":[],"product_cat":[537,512,513,515,516,504,517,505,518,506,519,507,526,508,527,510,536,511],"product_tag":[],"class_list":{"0":"post-30824","1":"product","2":"type-product","3":"status-publish","4":"has-post-thumbnail","6":"product_cat-soins-cou-et-visage","7":"product_cat-peaux-sensibles","8":"product_cat-peaux-seches","9":"product_cat-couperose-ou-rosacee","10":"product_cat-peaux-deshydratees","11":"product_cat-peaux-grasses","12":"product_cat-peaux-touchees-par-le-maskne","13":"product_cat-peaux-a-tendance-acneique","14":"product_cat-vieillissement-cutane-par-exemple-rides-et-ridules","15":"product_cat-hyperpigmentation-fr","16":"product_cat-peaux-matures","17":"product_cat-peaux-ternes","18":"product_cat-meilleures-ventes","19":"product_cat-effets-nuisibles-du-soleil","20":"product_cat-produits-hydratants-et-humectants","21":"product_cat-peaux-mixtes","22":"product_cat-hydrators-fr","23":"product_cat-peaux-normales","25":"first","26":"instock","27":"featured","28":"taxable","29":"shipping-taxable","30":"purchasable","31":"product-type-simple"},"acf":[],"_links":{"self":[{"href":"https:\/\/pureobagi.com\/fr\/wp-json\/wp\/v2\/product\/30824","targetHints":{"allow":["GET"]}}],"collection":[{"href":"https:\/\/pureobagi.com\/fr\/wp-json\/wp\/v2\/product"}],"about":[{"href":"https:\/\/pureobagi.com\/fr\/wp-json\/wp\/v2\/types\/product"}],"replies":[{"embeddable":true,"href":"https:\/\/pureobagi.com\/fr\/wp-json\/wp\/v2\/comments?post=30824"}],"wp:featuredmedia":[{"embeddable":true,"href":"https:\/\/pureobagi.com\/fr\/wp-json\/wp\/v2\/media\/34515"}],"wp:attachment":[{"href":"https:\/\/pureobagi.com\/fr\/wp-json\/wp\/v2\/media?parent=30824"}],"wp:term":[{"taxonomy":"product_brand","embeddable":true,"href":"https:\/\/pureobagi.com\/fr\/wp-json\/wp\/v2\/product_brand?post=30824"},{"taxonomy":"product_cat","embeddable":true,"href":"https:\/\/pureobagi.com\/fr\/wp-json\/wp\/v2\/product_cat?post=30824"},{"taxonomy":"product_tag","embeddable":true,"href":"https:\/\/pureobagi.com\/fr\/wp-json\/wp\/v2\/product_tag?post=30824"}],"curies":[{"name":"wp","href":"https:\/\/api.w.org\/{rel}","templated":true}]}}