{"id":30825,"date":"2020-12-15T23:33:26","date_gmt":"2020-12-15T23:33:26","guid":{"rendered":"https:\/\/pureobagi.com\/product\/mousse-nettoyante-2suzanobagimd-200-ml\/"},"modified":"2021-08-23T11:34:40","modified_gmt":"2021-08-23T10:34:40","slug":"suzanobagimd-foaming-cleanser-200ml","status":"publish","type":"product","link":"https:\/\/pureobagi.com\/fr\/produit\/suzanobagimd-foaming-cleanser-200ml\/","title":{"rendered":"SUZANOBAGIMD\u2122 Foaming Cleanser 200ml"},"content":{"rendered":"<p><strong>SUZANOBAGIMD\u2122 Foaming Cleanser pr\u00e9sente une micromousse \u00e9paisse pour nettoyer la peau d\u00e9licatement et en profondeur. <\/strong><\/p>\n<p>Le nettoyant moussant <strong>SUZAN<\/strong>OBAGI<strong>MD\u2122<\/strong> Foaming Cleanser \u00e9limine les r\u00e9sidus de maquillage, les salet\u00e9s, l&#39;exc\u00e8s de s\u00e9bum et les autres impuret\u00e9s. Enrichi en antioxydants, il prot\u00e8ge la peau des futurs facteurs de stress.<\/p>\n<p>Les polyph\u00e9nols de l&#39;aloe vera, le sulforaphane de brassicac\u00e9es et les bioflavono\u00efdes des agrumes constituent le trio de t\u00eate des antioxydants.<\/p>\n","protected":false},"excerpt":{"rendered":"<p>SUZANOBAGIMD\u2122 Foaming Cleanser pr\u00e9sente une micromousse \u00e9paisse pour nettoyer la peau d\u00e9licatement et en profondeur. Le nettoyant moussant SUZANOBAGIMD\u2122 Foaming Cleanser \u00e9limine les r\u00e9sidus de maquillage, les salet\u00e9s, l&#39;exc\u00e8s de s\u00e9bum et les autres impuret\u00e9s. Enrichi en antioxydants, il prot\u00e8ge la peau des futurs facteurs de stress. Les polyph\u00e9nols de l&#39;aloe vera, le sulforaphane de [&hellip;]<\/p>\n","protected":false},"featured_media":42298,"comment_status":"open","ping_status":"closed","template":"","meta":{"_acf_changed":false},"product_brand":[],"product_cat":[517,505,518,507,519,508,535,509,510,511,512,513,515,503,516,504],"product_tag":[],"class_list":{"0":"post-30825","1":"product","2":"type-product","3":"status-publish","4":"has-post-thumbnail","6":"product_cat-peaux-touchees-par-le-maskne","7":"product_cat-peaux-a-tendance-acneique","8":"product_cat-vieillissement-cutane-par-exemple-rides-et-ridules","9":"product_cat-peaux-ternes","10":"product_cat-peaux-matures","11":"product_cat-effets-nuisibles-du-soleil","12":"product_cat-suzanobagimd-fr","13":"product_cat-peaux-reches","14":"product_cat-peaux-mixtes","15":"product_cat-peaux-normales","16":"product_cat-peaux-sensibles","17":"product_cat-peaux-seches","18":"product_cat-couperose-ou-rosacee","19":"product_cat-soins-nettoyants","20":"product_cat-peaux-deshydratees","21":"product_cat-peaux-grasses","23":"first","24":"instock","25":"taxable","26":"shipping-taxable","27":"purchasable","28":"product-type-simple"},"acf":[],"_links":{"self":[{"href":"https:\/\/pureobagi.com\/fr\/wp-json\/wp\/v2\/product\/30825","targetHints":{"allow":["GET"]}}],"collection":[{"href":"https:\/\/pureobagi.com\/fr\/wp-json\/wp\/v2\/product"}],"about":[{"href":"https:\/\/pureobagi.com\/fr\/wp-json\/wp\/v2\/types\/product"}],"replies":[{"embeddable":true,"href":"https:\/\/pureobagi.com\/fr\/wp-json\/wp\/v2\/comments?post=30825"}],"wp:featuredmedia":[{"embeddable":true,"href":"https:\/\/pureobagi.com\/fr\/wp-json\/wp\/v2\/media\/42298"}],"wp:attachment":[{"href":"https:\/\/pureobagi.com\/fr\/wp-json\/wp\/v2\/media?parent=30825"}],"wp:term":[{"taxonomy":"product_brand","embeddable":true,"href":"https:\/\/pureobagi.com\/fr\/wp-json\/wp\/v2\/product_brand?post=30825"},{"taxonomy":"product_cat","embeddable":true,"href":"https:\/\/pureobagi.com\/fr\/wp-json\/wp\/v2\/product_cat?post=30825"},{"taxonomy":"product_tag","embeddable":true,"href":"https:\/\/pureobagi.com\/fr\/wp-json\/wp\/v2\/product_tag?post=30825"}],"curies":[{"name":"wp","href":"https:\/\/api.w.org\/{rel}","templated":true}]}}