{"id":30832,"date":"2020-12-15T21:03:21","date_gmt":"2020-12-15T21:03:21","guid":{"rendered":"https:\/\/pureobagi.com\/product\/lotion-tonique-equilibrante-suzanobagimd-200-ml\/"},"modified":"2023-01-10T12:36:38","modified_gmt":"2023-01-10T12:36:38","slug":"suzanobagimd-balancing-toner-200ml","status":"publish","type":"product","link":"https:\/\/pureobagi.com\/fr\/produit\/suzanobagimd-balancing-toner-200ml\/","title":{"rendered":"SUZANOBAGIMD\u2122 Balancing Toner 200ml"},"content":{"rendered":"<p><strong>Le tonique SUZANOBAGIMD\u2122 Balancing Toner r\u00e9duit l&#39;apparence des pores et l&#39;effet peau grasse<\/strong><\/p>\n<p>Le tonique <strong>SUZAN<\/strong>OBAGI<strong>MD\u2122<\/strong> Balancing Toner renferme un trio de puissants antioxydants&nbsp;: les polyph\u00e9nols de l&#39;aloe vera, le sulforaphane des brassicac\u00e9es et les bioflavono\u00efdes des agrumes, sans oublier l&#39;hamam\u00e9lis, pour prot\u00e9ger la peau des impuret\u00e9s dues \u00e0 l&#39;environnement<\/p>\n<p>L&#39;exc\u00e8s de s\u00e9bum et les impuret\u00e9s sont nettoy\u00e9es en douceur, tandis que la peau retrouve son pH naturel, sans effet brillant apr\u00e8s utilisation.<\/p>\n","protected":false},"excerpt":{"rendered":"<p>Le tonique SUZANOBAGIMD\u2122 Balancing Toner r\u00e9duit l&#39;apparence des pores et l&#39;effet peau grasse Le tonique SUZANOBAGIMD\u2122 Balancing Toner renferme un trio de puissants antioxydants&nbsp;: les polyph\u00e9nols de l&#39;aloe vera, le sulforaphane des brassicac\u00e9es et les bioflavono\u00efdes des agrumes, sans oublier l&#39;hamam\u00e9lis, pour prot\u00e9ger la peau des impuret\u00e9s dues \u00e0 l&#39;environnement L&#39;exc\u00e8s de s\u00e9bum et les [&hellip;]<\/p>\n","protected":false},"featured_media":38676,"comment_status":"open","ping_status":"closed","template":"","meta":{"_acf_changed":false},"product_brand":[],"product_cat":[505,518,506,519,507,522,508,535,510,511,512,513,515,516,504,517],"product_tag":[],"class_list":{"0":"post-30832","1":"product","2":"type-product","3":"status-publish","4":"has-post-thumbnail","6":"product_cat-peaux-a-tendance-acneique","7":"product_cat-vieillissement-cutane-par-exemple-rides-et-ridules","8":"product_cat-hyperpigmentation-fr","9":"product_cat-peaux-matures","10":"product_cat-peaux-ternes","11":"product_cat-lotions-toniques","12":"product_cat-effets-nuisibles-du-soleil","13":"product_cat-suzanobagimd-fr","14":"product_cat-peaux-mixtes","15":"product_cat-peaux-normales","16":"product_cat-peaux-sensibles","17":"product_cat-peaux-seches","18":"product_cat-couperose-ou-rosacee","19":"product_cat-peaux-deshydratees","20":"product_cat-peaux-grasses","21":"product_cat-peaux-touchees-par-le-maskne","23":"first","24":"instock","25":"taxable","26":"shipping-taxable","27":"purchasable","28":"product-type-simple"},"acf":[],"_links":{"self":[{"href":"https:\/\/pureobagi.com\/fr\/wp-json\/wp\/v2\/product\/30832","targetHints":{"allow":["GET"]}}],"collection":[{"href":"https:\/\/pureobagi.com\/fr\/wp-json\/wp\/v2\/product"}],"about":[{"href":"https:\/\/pureobagi.com\/fr\/wp-json\/wp\/v2\/types\/product"}],"replies":[{"embeddable":true,"href":"https:\/\/pureobagi.com\/fr\/wp-json\/wp\/v2\/comments?post=30832"}],"wp:featuredmedia":[{"embeddable":true,"href":"https:\/\/pureobagi.com\/fr\/wp-json\/wp\/v2\/media\/38676"}],"wp:attachment":[{"href":"https:\/\/pureobagi.com\/fr\/wp-json\/wp\/v2\/media?parent=30832"}],"wp:term":[{"taxonomy":"product_brand","embeddable":true,"href":"https:\/\/pureobagi.com\/fr\/wp-json\/wp\/v2\/product_brand?post=30832"},{"taxonomy":"product_cat","embeddable":true,"href":"https:\/\/pureobagi.com\/fr\/wp-json\/wp\/v2\/product_cat?post=30832"},{"taxonomy":"product_tag","embeddable":true,"href":"https:\/\/pureobagi.com\/fr\/wp-json\/wp\/v2\/product_tag?post=30832"}],"curies":[{"name":"wp","href":"https:\/\/api.w.org\/{rel}","templated":true}]}}