{"id":30833,"date":"2020-12-03T11:29:52","date_gmt":"2020-12-03T11:29:52","guid":{"rendered":"https:\/\/pureobagi.com\/product\/serum-complet-complexe-obagi-elastiderm-pour-le-contour-des-yeux\/"},"modified":"2023-05-13T16:53:32","modified_gmt":"2023-05-13T15:53:32","slug":"obagi-elastiderm-eye-complete-complex-serum","status":"publish","type":"product","link":"https:\/\/pureobagi.com\/fr\/produit\/obagi-elastiderm-eye-complete-complex-serum\/","title":{"rendered":"Obagi ELASTIderm\u00ae Eye Complete Complex Serum"},"content":{"rendered":"<p><strong>Obagi ELASTIderm\u00ae Eye Complete Complex Serum<\/strong> poss\u00e8de une formule unique qui att\u00e9nue les rides et ridules du contour des yeux. Soin enrichi en caf\u00e9ine pour r\u00e9duire l&#39;apparence des poches sous les yeux.<\/p>\n<p>Le s\u00e9rum ELASTIderm\u00ae Eye Complete Complex Serum associe un flacon \u00e0 bille \u00e0 la technologie Bi-Mineral Contour Complex\u2122 brevet\u00e9e et \u00e0 la caf\u00e9ine pour redonner un coup de jeunesse aux yeux fatigu\u00e9s, apaiser la peau et r\u00e9duire l&#39;apparence des poches sous les yeux.<\/p>\n<p>Les pattes d&#39;oie, c&#39;est-\u00e0-dire les rides et ridules du contour des yeux, sont l&#39;un des premiers signes visibles de l&#39;\u00e2ge.<\/p>\n<p>Le s\u00e9rum ELASTIderm\u00ae Eye Complete Complex Serum s&#39;appuie sur la technologie brevet\u00e9e Bi-Mineral Contour Complex\u2122 pour redonner un coup de jeunesse aux yeux fatigu\u00e9s, raffermir la peau et redonner \u00e0 la peau du contour de l&#39;\u0153il toute son \u00e9lasticit\u00e9.<\/p>\n<p><em>Le saviez-vous&nbsp;? <\/em>Avec l&#39;\u00e2ge, la peau du contour des yeux est plus fine. Les gonflements et les colorations (les cernes et les \u00ab&nbsp;poches&nbsp;\u00bb) sont alors plus fr\u00e9quents. Les poches sous les yeux peuvent vous donner l&#39;air plus vieux et plus fatigu\u00e9 que vous ne l&#39;\u00eates r\u00e9ellement.<\/p>\n","protected":false},"excerpt":{"rendered":"<p>Obagi ELASTIderm\u00ae Eye Complete Complex Serum poss\u00e8de une formule unique qui att\u00e9nue les rides et ridules du contour des yeux. Soin enrichi en caf\u00e9ine pour r\u00e9duire l&#39;apparence des poches sous les yeux. Le s\u00e9rum ELASTIderm\u00ae Eye Complete Complex Serum associe un flacon \u00e0 bille \u00e0 la technologie Bi-Mineral Contour Complex\u2122 brevet\u00e9e et \u00e0 la caf\u00e9ine [&hellip;]<\/p>\n","protected":false},"featured_media":46742,"comment_status":"open","ping_status":"closed","template":"","meta":{"_acf_changed":false},"product_brand":[],"product_cat":[533,508,534,509,510,511,512,513,515,504,516,505,518,506,519,507],"product_tag":[],"class_list":{"0":"post-30833","1":"product","2":"type-product","3":"status-publish","4":"has-post-thumbnail","6":"product_cat-elastiderm-collection-fr","7":"product_cat-effets-nuisibles-du-soleil","8":"product_cat-soins-pour-les-yeux","9":"product_cat-peaux-reches","10":"product_cat-peaux-mixtes","11":"product_cat-peaux-normales","12":"product_cat-peaux-sensibles","13":"product_cat-peaux-seches","14":"product_cat-couperose-ou-rosacee","15":"product_cat-peaux-grasses","16":"product_cat-peaux-deshydratees","17":"product_cat-peaux-a-tendance-acneique","18":"product_cat-vieillissement-cutane-par-exemple-rides-et-ridules","19":"product_cat-hyperpigmentation-fr","20":"product_cat-peaux-matures","21":"product_cat-peaux-ternes","23":"first","24":"instock","25":"taxable","26":"shipping-taxable","27":"purchasable","28":"product-type-simple"},"acf":[],"_links":{"self":[{"href":"https:\/\/pureobagi.com\/fr\/wp-json\/wp\/v2\/product\/30833","targetHints":{"allow":["GET"]}}],"collection":[{"href":"https:\/\/pureobagi.com\/fr\/wp-json\/wp\/v2\/product"}],"about":[{"href":"https:\/\/pureobagi.com\/fr\/wp-json\/wp\/v2\/types\/product"}],"replies":[{"embeddable":true,"href":"https:\/\/pureobagi.com\/fr\/wp-json\/wp\/v2\/comments?post=30833"}],"wp:featuredmedia":[{"embeddable":true,"href":"https:\/\/pureobagi.com\/fr\/wp-json\/wp\/v2\/media\/46742"}],"wp:attachment":[{"href":"https:\/\/pureobagi.com\/fr\/wp-json\/wp\/v2\/media?parent=30833"}],"wp:term":[{"taxonomy":"product_brand","embeddable":true,"href":"https:\/\/pureobagi.com\/fr\/wp-json\/wp\/v2\/product_brand?post=30833"},{"taxonomy":"product_cat","embeddable":true,"href":"https:\/\/pureobagi.com\/fr\/wp-json\/wp\/v2\/product_cat?post=30833"},{"taxonomy":"product_tag","embeddable":true,"href":"https:\/\/pureobagi.com\/fr\/wp-json\/wp\/v2\/product_tag?post=30833"}],"curies":[{"name":"wp","href":"https:\/\/api.w.org\/{rel}","templated":true}]}}