{"id":30834,"date":"2020-12-03T11:29:47","date_gmt":"2020-12-03T11:29:47","guid":{"rendered":"https:\/\/pureobagi.com\/product\/serum-obagi-elastiderm-pour-le-visage\/"},"modified":"2023-05-31T23:35:55","modified_gmt":"2023-05-31T22:35:55","slug":"obagi-elastiderm-facial-serum","status":"publish","type":"product","link":"https:\/\/pureobagi.com\/fr\/produit\/obagi-elastiderm-facial-serum\/","title":{"rendered":"Obagi ELASTIderm\u00ae Facial Serum"},"content":{"rendered":"<p><strong>Le s\u00e9rum Obagi ELASTIderm\u00ae Facial Serum offre des r\u00e9sultats cliniquement prouv\u00e9s, pour une peau d&#39;aspect plus ferme en seulement 24&nbsp;heures. Formul\u00e9 avec la technologie Bi-Mineral Contour Complex\u2122 brevet\u00e9e, le s\u00e9rum Obagi ELASTIderm\u00ae Facial Serum am\u00e9liore l&#39;apparence du rel\u00e2chement cutan\u00e9 au niveau du visage, du cou et du d\u00e9collet\u00e9.<\/strong><\/p>\n<p>Votre peau retrouve tonus et \u00e9lasticit\u00e9&nbsp;! Am\u00e9liorant l&#39;apparence du rel\u00e2chement cutan\u00e9 au niveau du visage, du cou et du d\u00e9collet\u00e9, le s\u00e9rum Obagi ELASTIderm\u00ae Facial Serum, est un soin aux r\u00e9sultats cliniquement prouv\u00e9s pour raffermir la peau en seulement 24&nbsp;heures.<\/p>\n<p>Formul\u00e9 avec la technologie Bi-Mineral Contour Complex\u2122 brevet\u00e9e, ce s\u00e9rum novateur favorise la souplesse et l&#39;\u00e9lasticit\u00e9 de la peau, pour une peau plus ferme, plus longtemps. Cette formule l\u00e9g\u00e8re FlexFluid\u2122 allie les bienfaits du cuivre, du zinc et du malonate. D\u00e8s la premi\u00e8re application, votre peau est plus ferme, plus \u00e9lastique et moins rel\u00e2ch\u00e9e&nbsp;: un joli coup de boost&nbsp;!<\/p>\n<p>Le s\u00e9rum Obagi ELASTIderm\u00ae Facial Serum est tout sp\u00e9cialement formul\u00e9 avec des ingr\u00e9dients qui favorisent les trois \u00e9tapes d&#39;une production optimale d&#39;\u00e9lastine&nbsp;: la prot\u00e9ine \u00e0 l&#39;origine d&#39;une peau jeune et \u00e9clatante de sant\u00e9.<\/p>\n","protected":false},"excerpt":{"rendered":"<p>Le s\u00e9rum Obagi ELASTIderm\u00ae Facial Serum offre des r\u00e9sultats cliniquement prouv\u00e9s, pour une peau d&#39;aspect plus ferme en seulement 24&nbsp;heures. Formul\u00e9 avec la technologie Bi-Mineral Contour Complex\u2122 brevet\u00e9e, le s\u00e9rum Obagi ELASTIderm\u00ae Facial Serum am\u00e9liore l&#39;apparence du rel\u00e2chement cutan\u00e9 au niveau du visage, du cou et du d\u00e9collet\u00e9. Votre peau retrouve tonus et \u00e9lasticit\u00e9&nbsp;! Am\u00e9liorant [&hellip;]<\/p>\n","protected":false},"featured_media":37894,"comment_status":"open","ping_status":"closed","template":"","meta":{"_acf_changed":false},"product_brand":[],"product_cat":[513,516,518,519,526,507,533,508,537,509,510,511,512],"product_tag":[],"class_list":{"0":"post-30834","1":"product","2":"type-product","3":"status-publish","4":"has-post-thumbnail","6":"product_cat-peaux-seches","7":"product_cat-peaux-deshydratees","8":"product_cat-vieillissement-cutane-par-exemple-rides-et-ridules","9":"product_cat-peaux-matures","10":"product_cat-meilleures-ventes","11":"product_cat-peaux-ternes","12":"product_cat-elastiderm-collection-fr","13":"product_cat-effets-nuisibles-du-soleil","14":"product_cat-soins-cou-et-visage","15":"product_cat-peaux-reches","16":"product_cat-peaux-mixtes","17":"product_cat-peaux-normales","18":"product_cat-peaux-sensibles","20":"first","21":"instock","22":"featured","23":"taxable","24":"shipping-taxable","25":"purchasable","26":"product-type-simple"},"acf":[],"_links":{"self":[{"href":"https:\/\/pureobagi.com\/fr\/wp-json\/wp\/v2\/product\/30834","targetHints":{"allow":["GET"]}}],"collection":[{"href":"https:\/\/pureobagi.com\/fr\/wp-json\/wp\/v2\/product"}],"about":[{"href":"https:\/\/pureobagi.com\/fr\/wp-json\/wp\/v2\/types\/product"}],"replies":[{"embeddable":true,"href":"https:\/\/pureobagi.com\/fr\/wp-json\/wp\/v2\/comments?post=30834"}],"wp:featuredmedia":[{"embeddable":true,"href":"https:\/\/pureobagi.com\/fr\/wp-json\/wp\/v2\/media\/37894"}],"wp:attachment":[{"href":"https:\/\/pureobagi.com\/fr\/wp-json\/wp\/v2\/media?parent=30834"}],"wp:term":[{"taxonomy":"product_brand","embeddable":true,"href":"https:\/\/pureobagi.com\/fr\/wp-json\/wp\/v2\/product_brand?post=30834"},{"taxonomy":"product_cat","embeddable":true,"href":"https:\/\/pureobagi.com\/fr\/wp-json\/wp\/v2\/product_cat?post=30834"},{"taxonomy":"product_tag","embeddable":true,"href":"https:\/\/pureobagi.com\/fr\/wp-json\/wp\/v2\/product_tag?post=30834"}],"curies":[{"name":"wp","href":"https:\/\/api.w.org\/{rel}","templated":true}]}}