{"id":30835,"date":"2020-10-14T20:18:01","date_gmt":"2020-10-14T19:18:01","guid":{"rendered":"https:\/\/pureobagi.com\/product\/lingettes-nettoyantes-suzanobagimd\/"},"modified":"2025-06-05T10:28:36","modified_gmt":"2025-06-05T09:28:36","slug":"suzanobagimd-cleansing-wipes","status":"publish","type":"product","link":"https:\/\/pureobagi.com\/fr\/produit\/suzanobagimd-cleansing-wipes\/","title":{"rendered":"SUZANOBAGIMD\u2122 Cleansing Wipes"},"content":{"rendered":"<p><strong>Les lingettes nettoyantes SUZANOBAGIMD\u2122 Cleansing Wipes sont impr\u00e9gn\u00e9es au BioDTox&nbsp;; le soin id\u00e9al pour faire un brin de toilette en d\u00e9placement.<\/strong><\/p>\n<p>Les lingettes <strong>SUZAN<\/strong>OBAGI<strong>MD\u2122 <\/strong>Cleansing Wipes sont parfaites pour nettoyer et rafra\u00eechir efficacement et en un clin d&#39;\u0153il la peau gr\u00e2ce au BioDTox&nbsp;; un puissant antioxydant qui allie trois merveilleux ingr\u00e9dients&nbsp;: l&#39;aloe vera, les extraits de broccoli et d&#39;agrumes.<\/p>\n<p>Ce soin est enrichi en aloe vera pour hydrater et apaiser la peau, aux extraits de broccoli et bioflavono\u00efdes d&#39;agrumes pour la prot\u00e9ger des radicaux libres et de la pollution.<\/p>\n<p>Id\u00e9ales apr\u00e8s le sport, en d\u00e9placement ou une fois votre masque retir\u00e9, les lingettes nettoyantes <strong>SUZAN<\/strong>OBAGI<strong>MD\u2122 <\/strong>Cleansing Wipes sont pr\u00e9humidifi\u00e9es et textur\u00e9es pour \u00e9liminer l&#39;exc\u00e8s de s\u00e9bum, les r\u00e9sidus de maquillage, les salet\u00e9s et autres impuret\u00e9s de la peau lorsque vous n&#39;avez pas acc\u00e8s \u00e0 votre routine de soins habituelle.<\/p>\n<p>Tout comme les autres produits de la gamme <strong>SUZAN<\/strong>OBAGI<strong>MD\u2122<\/strong>, les lingettes nettoyantes <strong>SUZAN<\/strong>OBAGI<strong>MD\u2122<\/strong> Cleansing Wipes sont hypoallerg\u00e9niques, non irritantes et sans parab\u00e8ne.<\/p>\n","protected":false},"excerpt":{"rendered":"<p>Les lingettes nettoyantes SUZANOBAGIMD\u2122 Cleansing Wipes sont impr\u00e9gn\u00e9es au BioDTox&nbsp;; le soin id\u00e9al pour faire un brin de toilette en d\u00e9placement. Les lingettes SUZANOBAGIMD\u2122 Cleansing Wipes sont parfaites pour nettoyer et rafra\u00eechir efficacement et en un clin d&#39;\u0153il la peau gr\u00e2ce au BioDTox&nbsp;; un puissant antioxydant qui allie trois merveilleux ingr\u00e9dients&nbsp;: l&#39;aloe vera, les extraits [&hellip;]<\/p>\n","protected":false},"featured_media":38722,"comment_status":"open","ping_status":"closed","template":"","meta":{"_acf_changed":false},"product_brand":[],"product_cat":[510,511,513,516,517,518,519,503,535,506,507,508],"product_tag":[],"class_list":{"0":"post-30835","1":"product","2":"type-product","3":"status-publish","4":"has-post-thumbnail","6":"product_cat-peaux-mixtes","7":"product_cat-peaux-normales","8":"product_cat-peaux-seches","9":"product_cat-peaux-deshydratees","10":"product_cat-peaux-touchees-par-le-maskne","11":"product_cat-vieillissement-cutane-par-exemple-rides-et-ridules","12":"product_cat-peaux-matures","13":"product_cat-soins-nettoyants","14":"product_cat-suzanobagimd-fr","15":"product_cat-hyperpigmentation-fr","16":"product_cat-peaux-ternes","17":"product_cat-effets-nuisibles-du-soleil","19":"first","20":"outofstock","21":"taxable","22":"shipping-taxable","23":"purchasable","24":"product-type-simple"},"acf":[],"_links":{"self":[{"href":"https:\/\/pureobagi.com\/fr\/wp-json\/wp\/v2\/product\/30835","targetHints":{"allow":["GET"]}}],"collection":[{"href":"https:\/\/pureobagi.com\/fr\/wp-json\/wp\/v2\/product"}],"about":[{"href":"https:\/\/pureobagi.com\/fr\/wp-json\/wp\/v2\/types\/product"}],"replies":[{"embeddable":true,"href":"https:\/\/pureobagi.com\/fr\/wp-json\/wp\/v2\/comments?post=30835"}],"wp:featuredmedia":[{"embeddable":true,"href":"https:\/\/pureobagi.com\/fr\/wp-json\/wp\/v2\/media\/38722"}],"wp:attachment":[{"href":"https:\/\/pureobagi.com\/fr\/wp-json\/wp\/v2\/media?parent=30835"}],"wp:term":[{"taxonomy":"product_brand","embeddable":true,"href":"https:\/\/pureobagi.com\/fr\/wp-json\/wp\/v2\/product_brand?post=30835"},{"taxonomy":"product_cat","embeddable":true,"href":"https:\/\/pureobagi.com\/fr\/wp-json\/wp\/v2\/product_cat?post=30835"},{"taxonomy":"product_tag","embeddable":true,"href":"https:\/\/pureobagi.com\/fr\/wp-json\/wp\/v2\/product_tag?post=30835"}],"curies":[{"name":"wp","href":"https:\/\/api.w.org\/{rel}","templated":true}]}}