{"id":30836,"date":"2020-10-14T20:14:59","date_gmt":"2020-10-14T19:14:59","guid":{"rendered":"https:\/\/pureobagi.com\/product\/complexe-rajeunissant-suzanobagimd-retivance\/"},"modified":"2026-04-13T16:46:29","modified_gmt":"2026-04-13T15:46:29","slug":"suzanobagimd-retivance-skin-rejuvenating-complex","status":"publish","type":"product","link":"https:\/\/pureobagi.com\/fr\/produit\/suzanobagimd-retivance-skin-rejuvenating-complex\/","title":{"rendered":"SUZANOBAGIMD Retivance\u00ae Skin Rejuvenating Complex"},"content":{"rendered":"<p><strong>SUZANOBAGIMD Retivance\u00ae Skin Rejuvenating Complex<\/strong> a \u00e9t\u00e9 formul\u00e9 pour minimiser l&#39;aspect des rides et ridules, tout en am\u00e9liorant l&#39;\u00e9clat et la texture de votre peau.<\/p>\n<p><strong>SUZAN<\/strong>OBAGI<strong>MD<\/strong> Retivance\u00ae Skin Rejuvenating Complex contient un m\u00e9lange d&#39;ingr\u00e9dients r\u00e9volutionnaire. R\u00e9tinald\u00e9hyde, r\u00e9tino\u00efdes (vitamine&nbsp;A) et peptides, pour une formule r\u00e9ellement efficace presque en continu, tout en \u00e9vitant au maximum les irritations. Convient m\u00eame aux peaux sensibles.<\/p>\n<p>Les r\u00e9tino\u00efdes sont les ingr\u00e9dients les plus utilis\u00e9s pour att\u00e9nuer les rides, les ridules et les autres signes du temps qui passe. Les formes de vitamine&nbsp;A d\u00e9livr\u00e9es sans ordonnance sont converties dans le corps. Tandis que le r\u00e9tinol passe par un processus d&#39;oxydation en deux \u00e9tapes, le r\u00e9tinald\u00e9hyde est directement converti en acide r\u00e9tino\u00efque par la peau. L&#39;efficacit\u00e9 du r\u00e9tinald\u00e9hyde a \u00e9t\u00e9 d\u00e9montr\u00e9e dans l&#39;att\u00e9nuation des rides et ridules. <strong>SUZAN<\/strong>OBAGI<strong>MD<\/strong> Retivance\u00ae Skin Rejuvenating Complex utilise du r\u00e9tinald\u00e9hyde, un ingr\u00e9dient bien tol\u00e9r\u00e9 par tous les types de peaux, m\u00eame les plus sensibles ou d\u00e9licates.<\/p>\n<p>D&#39;autres ingr\u00e9dients, comme les peptides et les antioxydants, agissent en synergie pour des r\u00e9sultats optimaux et offrir une protection contre les radicaux libres. L&#39;extrait de camomille, quant \u00e0 lui, apaise la peau.<\/p>\n<p><strong>SUZAN<\/strong>OBAGI<strong>MD\u2122<\/strong> peut \u00eatre utilis\u00e9 avec tous les produits Obagi Medical Products.<\/p>\n","protected":false},"excerpt":{"rendered":"<p>SUZANOBAGIMD Retivance\u00ae Skin Rejuvenating Complex a \u00e9t\u00e9 formul\u00e9 pour minimiser l&#39;aspect des rides et ridules, tout en am\u00e9liorant l&#39;\u00e9clat et la texture de votre peau. SUZANOBAGIMD Retivance\u00ae Skin Rejuvenating Complex contient un m\u00e9lange d&#39;ingr\u00e9dients r\u00e9volutionnaire. R\u00e9tinald\u00e9hyde, r\u00e9tino\u00efdes (vitamine&nbsp;A) et peptides, pour une formule r\u00e9ellement efficace presque en continu, tout en \u00e9vitant au maximum les irritations. [&hellip;]<\/p>\n","protected":false},"featured_media":38651,"comment_status":"open","ping_status":"closed","template":"","meta":{"_acf_changed":false},"product_brand":[],"product_cat":[525,508,526,509,535,510,511,512,513,515,504,516,505,518,506,519,507],"product_tag":[],"class_list":{"0":"post-30836","1":"product","2":"type-product","3":"status-publish","4":"has-post-thumbnail","6":"product_cat-retinoides-fr","7":"product_cat-effets-nuisibles-du-soleil","8":"product_cat-meilleures-ventes","9":"product_cat-peaux-reches","10":"product_cat-suzanobagimd-fr","11":"product_cat-peaux-mixtes","12":"product_cat-peaux-normales","13":"product_cat-peaux-sensibles","14":"product_cat-peaux-seches","15":"product_cat-couperose-ou-rosacee","16":"product_cat-peaux-grasses","17":"product_cat-peaux-deshydratees","18":"product_cat-peaux-a-tendance-acneique","19":"product_cat-vieillissement-cutane-par-exemple-rides-et-ridules","20":"product_cat-hyperpigmentation-fr","21":"product_cat-peaux-matures","22":"product_cat-peaux-ternes","24":"first","25":"instock","26":"taxable","27":"shipping-taxable","28":"purchasable","29":"product-type-simple"},"acf":[],"_links":{"self":[{"href":"https:\/\/pureobagi.com\/fr\/wp-json\/wp\/v2\/product\/30836","targetHints":{"allow":["GET"]}}],"collection":[{"href":"https:\/\/pureobagi.com\/fr\/wp-json\/wp\/v2\/product"}],"about":[{"href":"https:\/\/pureobagi.com\/fr\/wp-json\/wp\/v2\/types\/product"}],"replies":[{"embeddable":true,"href":"https:\/\/pureobagi.com\/fr\/wp-json\/wp\/v2\/comments?post=30836"}],"wp:featuredmedia":[{"embeddable":true,"href":"https:\/\/pureobagi.com\/fr\/wp-json\/wp\/v2\/media\/38651"}],"wp:attachment":[{"href":"https:\/\/pureobagi.com\/fr\/wp-json\/wp\/v2\/media?parent=30836"}],"wp:term":[{"taxonomy":"product_brand","embeddable":true,"href":"https:\/\/pureobagi.com\/fr\/wp-json\/wp\/v2\/product_brand?post=30836"},{"taxonomy":"product_cat","embeddable":true,"href":"https:\/\/pureobagi.com\/fr\/wp-json\/wp\/v2\/product_cat?post=30836"},{"taxonomy":"product_tag","embeddable":true,"href":"https:\/\/pureobagi.com\/fr\/wp-json\/wp\/v2\/product_tag?post=30836"}],"curies":[{"name":"wp","href":"https:\/\/api.w.org\/{rel}","templated":true}]}}