{"id":30837,"date":"2020-10-14T20:07:21","date_gmt":"2020-10-14T19:07:21","guid":{"rendered":"https:\/\/pureobagi.com\/product\/suzanobagimd-intensive-daily-repair-idr\/"},"modified":"2023-04-07T19:03:48","modified_gmt":"2023-04-07T18:03:48","slug":"suzanobagimd-intensive-daily-repair-idr","status":"publish","type":"product","link":"https:\/\/pureobagi.com\/fr\/produit\/suzanobagimd-intensive-daily-repair-idr\/","title":{"rendered":"SUZANOBAGIMD\u2122 Intensive Daily Repair (IDR)"},"content":{"rendered":"<p><strong>SUZANOBAGIMD\u2122 Intensive Daily Repair (IDR) est une lotion hydratante formul\u00e9e pour am\u00e9liorer la texture et l&#39;\u00e9clat de la peau, tout en r\u00e9duisant les signes du temps qui passe. Produit enrichi aux PHA pour exfolier en douceur, adapt\u00e9 m\u00eame aux peaux les plus sensibles.<\/strong><\/p>\n<p><strong>SUZAN<\/strong>OBAGI<strong>MD\u2122<\/strong> Intensive Daily Repair (IDR) att\u00e9nue l&#39;aspect des pores et les signes visibles du vieillissement cutan\u00e9. Avec des acides polyhydroxyl\u00e9s (PHA) pour exfolier en douceur, des peptides et des antioxydants pour prot\u00e9ger la peau des radicaux libres et d&#39;autres facteurs environnementaux. L&#39;extrait de camomille, quant \u00e0 lui, apaise la peau.<\/p>\n<p>La peau est revitalis\u00e9e et soign\u00e9e jour apr\u00e8s jour, et la barri\u00e8re cutan\u00e9e est bien prot\u00e9g\u00e9e.<\/p>\n<p>Le saviez-vous&nbsp;? Une exfoliation r\u00e9guli\u00e8re est l&#39;alli\u00e9e d&#39;une peau lisse et en pleine sant\u00e9, car elle \u00e9limine les cellules ternes et mortes pour r\u00e9v\u00e9ler un teint \u00e9clatant et frais.<\/p>\n","protected":false},"excerpt":{"rendered":"<p>SUZANOBAGIMD\u2122 Intensive Daily Repair (IDR) est une lotion hydratante formul\u00e9e pour am\u00e9liorer la texture et l&#39;\u00e9clat de la peau, tout en r\u00e9duisant les signes du temps qui passe. Produit enrichi aux PHA pour exfolier en douceur, adapt\u00e9 m\u00eame aux peaux les plus sensibles. SUZANOBAGIMD\u2122 Intensive Daily Repair (IDR) att\u00e9nue l&#39;aspect des pores et les signes [&hellip;]<\/p>\n","protected":false},"featured_media":38696,"comment_status":"open","ping_status":"closed","template":"","meta":{"_acf_changed":false},"product_brand":[],"product_cat":[513,514,515,516,505,517,506,518,507,519,508,535,510,511,512],"product_tag":[],"class_list":{"0":"post-30837","1":"product","2":"type-product","3":"status-publish","4":"has-post-thumbnail","6":"product_cat-peaux-seches","7":"product_cat-exfoliants","8":"product_cat-couperose-ou-rosacee","9":"product_cat-peaux-deshydratees","10":"product_cat-peaux-a-tendance-acneique","11":"product_cat-peaux-touchees-par-le-maskne","12":"product_cat-hyperpigmentation-fr","13":"product_cat-vieillissement-cutane-par-exemple-rides-et-ridules","14":"product_cat-peaux-ternes","15":"product_cat-peaux-matures","16":"product_cat-effets-nuisibles-du-soleil","17":"product_cat-suzanobagimd-fr","18":"product_cat-peaux-mixtes","19":"product_cat-peaux-normales","20":"product_cat-peaux-sensibles","22":"first","23":"instock","24":"taxable","25":"shipping-taxable","26":"purchasable","27":"product-type-simple"},"acf":[],"_links":{"self":[{"href":"https:\/\/pureobagi.com\/fr\/wp-json\/wp\/v2\/product\/30837","targetHints":{"allow":["GET"]}}],"collection":[{"href":"https:\/\/pureobagi.com\/fr\/wp-json\/wp\/v2\/product"}],"about":[{"href":"https:\/\/pureobagi.com\/fr\/wp-json\/wp\/v2\/types\/product"}],"replies":[{"embeddable":true,"href":"https:\/\/pureobagi.com\/fr\/wp-json\/wp\/v2\/comments?post=30837"}],"wp:featuredmedia":[{"embeddable":true,"href":"https:\/\/pureobagi.com\/fr\/wp-json\/wp\/v2\/media\/38696"}],"wp:attachment":[{"href":"https:\/\/pureobagi.com\/fr\/wp-json\/wp\/v2\/media?parent=30837"}],"wp:term":[{"taxonomy":"product_brand","embeddable":true,"href":"https:\/\/pureobagi.com\/fr\/wp-json\/wp\/v2\/product_brand?post=30837"},{"taxonomy":"product_cat","embeddable":true,"href":"https:\/\/pureobagi.com\/fr\/wp-json\/wp\/v2\/product_cat?post=30837"},{"taxonomy":"product_tag","embeddable":true,"href":"https:\/\/pureobagi.com\/fr\/wp-json\/wp\/v2\/product_tag?post=30837"}],"curies":[{"name":"wp","href":"https:\/\/api.w.org\/{rel}","templated":true}]}}