{"id":30838,"date":"2020-10-14T20:04:37","date_gmt":"2020-10-14T19:04:37","guid":{"rendered":"https:\/\/pureobagi.com\/product\/obagi-sun-shield-matte-a-large-spectre-spf-50\/"},"modified":"2025-06-05T10:21:16","modified_gmt":"2025-06-05T09:21:16","slug":"obagi-sun-shield-matte-spf50","status":"publish","type":"product","link":"https:\/\/pureobagi.com\/fr\/produit\/obagi-sun-shield-matte-spf50\/","title":{"rendered":"Obagi Sun Shield Matte\u2122 Broad Spectrum SPF 50"},"content":{"rendered":"<p><strong>Obagi Sun Shield Matte\u2122 Broad Spectrum SPF 50<\/strong> vous offre une protection \u00e0 large spectre contre les rayons&nbsp;UVA et UVB. Aspect mat et transparent, prot\u00e8ge du soleil (SPF&nbsp;50) sans faire briller gr\u00e2ce \u00e0 l&#39;action de ses ingr\u00e9dients physiques et chimiques. L&#39;oxyde de zinc d\u00e9vie les rayons&nbsp;UV tandis que l&#39;homosalate et l&#39;ostisalate absorbent les rayons pour \u00e9viter qu&#39;ils ne p\u00e9n\u00e8trent.<\/p>\n<p>Protection SPF&nbsp;50 recommand\u00e9e au quotidien par la Skin Cancer Foundation pour bien prot\u00e9ger votre peau des UVA et UVB.<br \/>\nObagi Sun Shield Matte\u2122 Broad Spectrum SPF 50<br \/>\n vous offre une protection SPF&nbsp;50 \u00e0 large spectre contre le soleil gr\u00e2ce \u00e0 ses ingr\u00e9dients physiques et chimiques. L&#39;oxyde de zinc d\u00e9vie les rayons&nbsp;UV tandis que l&#39;homosalate et l&#39;ostisalate absorbent les rayons pour emp\u00eacher qu&#39;ils ne p\u00e9n\u00e8trent et endommagent la peau.<\/p>\n<p>Obagi Sun Shield Matte\u2122 pr\u00e9sente un aspect mat pour pr\u00e9venir les peaux grasses et luisantes, est non com\u00e9dog\u00e8ne (n&#39;obstrue pas les pores), hypoallerg\u00e9nique, sans parfum et test\u00e9 par des dermatologues. Voici donc un produit qui convient \u00e0 tous les types de peaux. \u00c9tape essentielle de votre routine de soins matinale, ce soin est compatible avec tous les syst\u00e8mes Obagi.<\/p>\n<p><em>Le saviez-vous&nbsp;?<\/em> Une exposition quotidienne aux UVA et UVB sans protection SPF est n\u00e9faste pour le collag\u00e8ne et l&#39;\u00e9lastine pr\u00e9sents dans votre peau. Elle entra\u00eene ainsi des probl\u00e8mes \u00e0 court terme comme les coups de soleil, ou \u00e0 long terme comme les rides, ridules et taches brunes. L&#39;exposition aux rayons&nbsp;UV participe au d\u00e9veloppement des cancers de la peau.<\/p>\n","protected":false},"excerpt":{"rendered":"<p>Obagi Sun Shield Matte\u2122 Broad Spectrum SPF 50 vous offre une protection \u00e0 large spectre contre les rayons&nbsp;UVA et UVB. Aspect mat et transparent, prot\u00e8ge du soleil (SPF&nbsp;50) sans faire briller gr\u00e2ce \u00e0 l&#39;action de ses ingr\u00e9dients physiques et chimiques. L&#39;oxyde de zinc d\u00e9vie les rayons&nbsp;UV tandis que l&#39;homosalate et l&#39;ostisalate absorbent les rayons pour [&hellip;]<\/p>\n","protected":false},"featured_media":36215,"comment_status":"open","ping_status":"closed","template":"","meta":{"_acf_changed":false},"product_brand":[],"product_cat":[510,529,511,512,513,515,504,516,505,517,506,518,507,519,508,526,509,528],"product_tag":[],"class_list":{"0":"post-30838","1":"product","2":"type-product","3":"status-publish","4":"has-post-thumbnail","6":"product_cat-peaux-mixtes","7":"product_cat-obagi-sun-protection-fr","8":"product_cat-peaux-normales","9":"product_cat-peaux-sensibles","10":"product_cat-peaux-seches","11":"product_cat-couperose-ou-rosacee","12":"product_cat-peaux-grasses","13":"product_cat-peaux-deshydratees","14":"product_cat-peaux-a-tendance-acneique","15":"product_cat-peaux-touchees-par-le-maskne","16":"product_cat-hyperpigmentation-fr","17":"product_cat-vieillissement-cutane-par-exemple-rides-et-ridules","18":"product_cat-peaux-ternes","19":"product_cat-peaux-matures","20":"product_cat-effets-nuisibles-du-soleil","21":"product_cat-meilleures-ventes","22":"product_cat-peaux-reches","23":"product_cat-protection-contre-le-soleil","25":"first","26":"outofstock","27":"taxable","28":"shipping-taxable","29":"purchasable","30":"product-type-simple"},"acf":[],"_links":{"self":[{"href":"https:\/\/pureobagi.com\/fr\/wp-json\/wp\/v2\/product\/30838","targetHints":{"allow":["GET"]}}],"collection":[{"href":"https:\/\/pureobagi.com\/fr\/wp-json\/wp\/v2\/product"}],"about":[{"href":"https:\/\/pureobagi.com\/fr\/wp-json\/wp\/v2\/types\/product"}],"replies":[{"embeddable":true,"href":"https:\/\/pureobagi.com\/fr\/wp-json\/wp\/v2\/comments?post=30838"}],"wp:featuredmedia":[{"embeddable":true,"href":"https:\/\/pureobagi.com\/fr\/wp-json\/wp\/v2\/media\/36215"}],"wp:attachment":[{"href":"https:\/\/pureobagi.com\/fr\/wp-json\/wp\/v2\/media?parent=30838"}],"wp:term":[{"taxonomy":"product_brand","embeddable":true,"href":"https:\/\/pureobagi.com\/fr\/wp-json\/wp\/v2\/product_brand?post=30838"},{"taxonomy":"product_cat","embeddable":true,"href":"https:\/\/pureobagi.com\/fr\/wp-json\/wp\/v2\/product_cat?post=30838"},{"taxonomy":"product_tag","embeddable":true,"href":"https:\/\/pureobagi.com\/fr\/wp-json\/wp\/v2\/product_tag?post=30838"}],"curies":[{"name":"wp","href":"https:\/\/api.w.org\/{rel}","templated":true}]}}