{"id":30839,"date":"2020-10-14T20:01:08","date_gmt":"2020-10-14T19:01:08","guid":{"rendered":"https:\/\/pureobagi.com\/product\/obagi-hydrate-luxe\/"},"modified":"2023-04-05T18:23:41","modified_gmt":"2023-04-05T17:23:41","slug":"obagi-hydrate-luxe","status":"publish","type":"product","link":"https:\/\/pureobagi.com\/fr\/produit\/obagi-hydrate-luxe\/","title":{"rendered":"Obagi Hydrate Luxe\u00ae"},"content":{"rendered":"<p><strong>Obagi Hydrate Luxe\u00ae<\/strong> hydrate la peau en profondeur la nuit tomb\u00e9e gr\u00e2ce \u00e0 sa texture type baume de luxe. Avec des peptides biomim\u00e9tiques pour renforcer la barri\u00e8re cutan\u00e9e et la Hydromanil Technology pour une hydratation instantan\u00e9e et continue \u00e0 l&#39;efficacit\u00e9 \u00e9prouv\u00e9e jusqu&#39;\u00e0 8&nbsp;heures d&#39;affil\u00e9e.<\/p>\n<p>Pour une hydratation extr\u00eame pendant que vous dormez, essayez Obagi Hydrate Luxe\u00ae.<\/p>\n<p>Soin hydratant soyeux et haut de gamme, Obagi Hydrate Luxe\u00ae contient une Hydromanil Technology pour une hydratation instantan\u00e9e et intense qui dure jusqu&#39;\u00e0 8&nbsp;heures.<\/p>\n<p>Beurre de karit\u00e9, beurre de mangue, huile d&#39;avocat pour une hydratation en profondeur anti-s\u00e9cheresse qui laisse une peau douce et \u00e9clatante de sant\u00e9. Contient \u00e9galement des peptides biomim\u00e9tiques essentiels qui att\u00e9nuent les signes de vieillissement cutan\u00e9.<\/p>\n","protected":false},"excerpt":{"rendered":"<p>Obagi Hydrate Luxe\u00ae hydrate la peau en profondeur la nuit tomb\u00e9e gr\u00e2ce \u00e0 sa texture type baume de luxe. Avec des peptides biomim\u00e9tiques pour renforcer la barri\u00e8re cutan\u00e9e et la Hydromanil Technology pour une hydratation instantan\u00e9e et continue \u00e0 l&#39;efficacit\u00e9 \u00e9prouv\u00e9e jusqu&#39;\u00e0 8&nbsp;heures d&#39;affil\u00e9e. Pour une hydratation extr\u00eame pendant que vous dormez, essayez Obagi Hydrate [&hellip;]<\/p>\n","protected":false},"featured_media":36816,"comment_status":"open","ping_status":"closed","template":"","meta":{"_acf_changed":false},"product_brand":[],"product_cat":[536,502,509,512,513,516,518,519,526,527],"product_tag":[],"class_list":{"0":"post-30839","1":"product","2":"type-product","3":"status-publish","4":"has-post-thumbnail","6":"product_cat-hydrators-fr","7":"product_cat-nu-derm-fx-system-fr","8":"product_cat-peaux-reches","9":"product_cat-peaux-sensibles","10":"product_cat-peaux-seches","11":"product_cat-peaux-deshydratees","12":"product_cat-vieillissement-cutane-par-exemple-rides-et-ridules","13":"product_cat-peaux-matures","14":"product_cat-meilleures-ventes","15":"product_cat-produits-hydratants-et-humectants","17":"first","18":"instock","19":"taxable","20":"shipping-taxable","21":"purchasable","22":"product-type-simple"},"acf":[],"_links":{"self":[{"href":"https:\/\/pureobagi.com\/fr\/wp-json\/wp\/v2\/product\/30839","targetHints":{"allow":["GET"]}}],"collection":[{"href":"https:\/\/pureobagi.com\/fr\/wp-json\/wp\/v2\/product"}],"about":[{"href":"https:\/\/pureobagi.com\/fr\/wp-json\/wp\/v2\/types\/product"}],"replies":[{"embeddable":true,"href":"https:\/\/pureobagi.com\/fr\/wp-json\/wp\/v2\/comments?post=30839"}],"wp:featuredmedia":[{"embeddable":true,"href":"https:\/\/pureobagi.com\/fr\/wp-json\/wp\/v2\/media\/36816"}],"wp:attachment":[{"href":"https:\/\/pureobagi.com\/fr\/wp-json\/wp\/v2\/media?parent=30839"}],"wp:term":[{"taxonomy":"product_brand","embeddable":true,"href":"https:\/\/pureobagi.com\/fr\/wp-json\/wp\/v2\/product_brand?post=30839"},{"taxonomy":"product_cat","embeddable":true,"href":"https:\/\/pureobagi.com\/fr\/wp-json\/wp\/v2\/product_cat?post=30839"},{"taxonomy":"product_tag","embeddable":true,"href":"https:\/\/pureobagi.com\/fr\/wp-json\/wp\/v2\/product_tag?post=30839"}],"curies":[{"name":"wp","href":"https:\/\/api.w.org\/{rel}","templated":true}]}}