{"id":30840,"date":"2020-10-14T19:56:57","date_gmt":"2020-10-14T18:56:57","guid":{"rendered":"https:\/\/pureobagi.com\/product\/obagi-hydrate\/"},"modified":"2023-04-04T20:25:11","modified_gmt":"2023-04-04T19:25:11","slug":"obagi-hydrate-2","status":"publish","type":"product","link":"https:\/\/pureobagi.com\/fr\/produit\/obagi-hydrate-2\/","title":{"rendered":"Obagi Hydrate\u00ae"},"content":{"rendered":"<p><strong>Obagi Hydrate\u00ae<\/strong> hydrate la peau imm\u00e9diatement et toute la journ\u00e9e pour un visage lisse et doux. Efficacit\u00e9 prouv\u00e9e cliniquement jusqu&#39;\u00e0 8&nbsp;heures.<\/p>\n<p>Avec une Hydromanil Technology avanc\u00e9e pour \u00e9viter la d\u00e9shydratation \u00e0 la surface de la peau. Obagi Hydrate\u00ae lib\u00e8re progressivement des ingr\u00e9dients permettant d&#39;hydrater la peau de l&#39;int\u00e9rieur. Ce soin hydratant contient \u00e9galement du beurre de karit\u00e9, du beurre de mangue et de la glyc\u00e9rine qui nourrissent la peau et la laissent lisse et douce.<\/p>\n<p>Obagi Hydrate\u00ae est test\u00e9 par des dermatologues, non irritant, non sensibilisant, hypoallerg\u00e9nique. Il a \u00e9t\u00e9 soumis \u00e0 des tests d&#39;allergies, n&#39;obstrue pas les pores et convient ainsi \u00e0 tous les types de peaux&nbsp;! Ce soin hydratant pour le visage prot\u00e8ge \u00e9galement les peaux sensibles des facteurs de stress ext\u00e9rieurs menant \u00e0 la formation de taches brunes et de ridules.<\/p>\n<p>Une hydratation instantan\u00e9e et durable avec Obagi Hydrate\u00ae, dont l&#39;efficacit\u00e9 a \u00e9t\u00e9 prouv\u00e9e cliniquement&nbsp;: jusqu&#39;\u00e0 8&nbsp;heures&nbsp;!<\/p>\n","protected":false},"excerpt":{"rendered":"<p>Obagi Hydrate\u00ae hydrate la peau imm\u00e9diatement et toute la journ\u00e9e pour un visage lisse et doux. Efficacit\u00e9 prouv\u00e9e cliniquement jusqu&#39;\u00e0 8&nbsp;heures. Avec une Hydromanil Technology avanc\u00e9e pour \u00e9viter la d\u00e9shydratation \u00e0 la surface de la peau. Obagi Hydrate\u00ae lib\u00e8re progressivement des ingr\u00e9dients permettant d&#39;hydrater la peau de l&#39;int\u00e9rieur. Ce soin hydratant contient \u00e9galement du beurre [&hellip;]<\/p>\n","protected":false},"featured_media":36796,"comment_status":"open","ping_status":"closed","template":"","meta":{"_acf_changed":false},"product_brand":[],"product_cat":[513,502,515,504,516,505,517,506,518,507,519,508,527,509,536,510,511,512],"product_tag":[],"class_list":{"0":"post-30840","1":"product","2":"type-product","3":"status-publish","4":"has-post-thumbnail","6":"product_cat-peaux-seches","7":"product_cat-nu-derm-fx-system-fr","8":"product_cat-couperose-ou-rosacee","9":"product_cat-peaux-grasses","10":"product_cat-peaux-deshydratees","11":"product_cat-peaux-a-tendance-acneique","12":"product_cat-peaux-touchees-par-le-maskne","13":"product_cat-hyperpigmentation-fr","14":"product_cat-vieillissement-cutane-par-exemple-rides-et-ridules","15":"product_cat-peaux-ternes","16":"product_cat-peaux-matures","17":"product_cat-effets-nuisibles-du-soleil","18":"product_cat-produits-hydratants-et-humectants","19":"product_cat-peaux-reches","20":"product_cat-hydrators-fr","21":"product_cat-peaux-mixtes","22":"product_cat-peaux-normales","23":"product_cat-peaux-sensibles","25":"first","26":"instock","27":"taxable","28":"shipping-taxable","29":"purchasable","30":"product-type-simple"},"acf":[],"_links":{"self":[{"href":"https:\/\/pureobagi.com\/fr\/wp-json\/wp\/v2\/product\/30840","targetHints":{"allow":["GET"]}}],"collection":[{"href":"https:\/\/pureobagi.com\/fr\/wp-json\/wp\/v2\/product"}],"about":[{"href":"https:\/\/pureobagi.com\/fr\/wp-json\/wp\/v2\/types\/product"}],"replies":[{"embeddable":true,"href":"https:\/\/pureobagi.com\/fr\/wp-json\/wp\/v2\/comments?post=30840"}],"wp:featuredmedia":[{"embeddable":true,"href":"https:\/\/pureobagi.com\/fr\/wp-json\/wp\/v2\/media\/36796"}],"wp:attachment":[{"href":"https:\/\/pureobagi.com\/fr\/wp-json\/wp\/v2\/media?parent=30840"}],"wp:term":[{"taxonomy":"product_brand","embeddable":true,"href":"https:\/\/pureobagi.com\/fr\/wp-json\/wp\/v2\/product_brand?post=30840"},{"taxonomy":"product_cat","embeddable":true,"href":"https:\/\/pureobagi.com\/fr\/wp-json\/wp\/v2\/product_cat?post=30840"},{"taxonomy":"product_tag","embeddable":true,"href":"https:\/\/pureobagi.com\/fr\/wp-json\/wp\/v2\/product_tag?post=30840"}],"curies":[{"name":"wp","href":"https:\/\/api.w.org\/{rel}","templated":true}]}}