{"id":30843,"date":"2020-10-14T16:26:23","date_gmt":"2020-10-14T15:26:23","guid":{"rendered":"https:\/\/pureobagi.com\/product\/obagi-professional-c-microdermabrasion-polish-mask\/"},"modified":"2026-04-14T16:37:38","modified_gmt":"2026-04-14T15:37:38","slug":"obagi-professional-c-microdermabrasion-polish-mask","status":"publish","type":"product","link":"https:\/\/pureobagi.com\/fr\/produit\/obagi-professional-c-microdermabrasion-polish-mask\/","title":{"rendered":"Obagi Professional-C\u00ae Microdermabrasion Polish + Mask"},"content":{"rendered":"<p><strong>L&#39;Obagi Professional-C<sup>\u00ae<\/sup> Microdermabrasion Polish + Mask est infus\u00e9 de 30&nbsp;% d&#39;acide l-ascorbique (vitamine&nbsp;C) pour vous offrir une peau rajeunie et \u00e9clatante de sant\u00e9 apr\u00e8s une application seulement.<\/strong><\/p>\n<p>L&#39;Obagi Professional-C<sup>\u00ae<\/sup> Microdermabrasion Polish + Mask contient plus de vitamine&nbsp;C que tout autre produit sur le march\u00e9 (30&nbsp;% d&#39;acide l-ascorbique) pour une peau lumineuse apr\u00e8s une application seulement.<\/p>\n<p>Avec ses 30&nbsp;% d&#39;acide l-ascorbique, ce masque pour le visage&nbsp;exfolie la peau et la pr\u00e9pare \u00e0 recevoir d&#39;autres soins pour des r\u00e9sultats instantan\u00e9s et durables. Cristaux ultrafins qui \u00e9liminent les cellules mortes qui ternissent la peau. Ils lissent l&#39;\u00e9piderme pour lui donner un coup d&#39;\u00e9clat, tandis que les \u00e9mollients et huiles botaniques revitalisantes r\u00e9duisent la s\u00e9cheresse cutan\u00e9e.<\/p>\n<p>Appliquez l&#39;Obagi Professional-C<sup>\u00ae<\/sup> Microdermabrasion Polish + Mask jusqu&#39;\u00e0 15&nbsp;minutes pour infuser votre peau d&#39;antioxydants, att\u00e9nuer les rides et ridules, unifier le grain de votre peau et lui donner un coup d&#39;\u00e9clat pour qu&#39;elle rayonne de sant\u00e9.<\/p>\n","protected":false},"excerpt":{"rendered":"<p>L&#39;Obagi Professional-C\u00ae Microdermabrasion Polish + Mask est infus\u00e9 de 30&nbsp;% d&#39;acide l-ascorbique (vitamine&nbsp;C) pour vous offrir une peau rajeunie et \u00e9clatante de sant\u00e9 apr\u00e8s une application seulement. L&#39;Obagi Professional-C\u00ae Microdermabrasion Polish + Mask contient plus de vitamine&nbsp;C que tout autre produit sur le march\u00e9 (30&nbsp;% d&#39;acide l-ascorbique) pour une peau lumineuse apr\u00e8s une application seulement. [&hellip;]<\/p>\n","protected":false},"featured_media":8987,"comment_status":"open","ping_status":"closed","template":"","meta":{"_acf_changed":false},"product_brand":[],"product_cat":[509,510,511,513,514,518,519,521,504,526,507,532,508,537],"product_tag":[],"class_list":{"0":"post-30843","1":"product","2":"type-product","3":"status-publish","4":"has-post-thumbnail","6":"product_cat-peaux-reches","7":"product_cat-peaux-mixtes","8":"product_cat-peaux-normales","9":"product_cat-peaux-seches","10":"product_cat-exfoliants","11":"product_cat-vieillissement-cutane-par-exemple-rides-et-ridules","12":"product_cat-peaux-matures","13":"product_cat-vitamine-c-fr","14":"product_cat-peaux-grasses","15":"product_cat-meilleures-ventes","16":"product_cat-peaux-ternes","17":"product_cat-professional-c-portfolio-fr","18":"product_cat-effets-nuisibles-du-soleil","19":"product_cat-soins-cou-et-visage","21":"first","22":"instock","23":"featured","24":"taxable","25":"shipping-taxable","26":"purchasable","27":"product-type-simple"},"acf":[],"_links":{"self":[{"href":"https:\/\/pureobagi.com\/fr\/wp-json\/wp\/v2\/product\/30843","targetHints":{"allow":["GET"]}}],"collection":[{"href":"https:\/\/pureobagi.com\/fr\/wp-json\/wp\/v2\/product"}],"about":[{"href":"https:\/\/pureobagi.com\/fr\/wp-json\/wp\/v2\/types\/product"}],"replies":[{"embeddable":true,"href":"https:\/\/pureobagi.com\/fr\/wp-json\/wp\/v2\/comments?post=30843"}],"wp:featuredmedia":[{"embeddable":true,"href":"https:\/\/pureobagi.com\/fr\/wp-json\/wp\/v2\/media\/8987"}],"wp:attachment":[{"href":"https:\/\/pureobagi.com\/fr\/wp-json\/wp\/v2\/media?parent=30843"}],"wp:term":[{"taxonomy":"product_brand","embeddable":true,"href":"https:\/\/pureobagi.com\/fr\/wp-json\/wp\/v2\/product_brand?post=30843"},{"taxonomy":"product_cat","embeddable":true,"href":"https:\/\/pureobagi.com\/fr\/wp-json\/wp\/v2\/product_cat?post=30843"},{"taxonomy":"product_tag","embeddable":true,"href":"https:\/\/pureobagi.com\/fr\/wp-json\/wp\/v2\/product_tag?post=30843"}],"curies":[{"name":"wp","href":"https:\/\/api.w.org\/{rel}","templated":true}]}}