{"id":30844,"date":"2020-10-14T16:23:21","date_gmt":"2020-10-14T15:23:21","guid":{"rendered":"https:\/\/pureobagi.com\/product\/serum-obagi-professional-c-15\/"},"modified":"2025-06-27T14:46:17","modified_gmt":"2025-06-27T13:46:17","slug":"obagi-professional-c-serum-15","status":"publish","type":"product","link":"https:\/\/pureobagi.com\/fr\/produit\/obagi-professional-c-serum-15\/","title":{"rendered":"Obagi Professional-C\u00ae Serum 15%"},"content":{"rendered":"<p>Le s\u00e9rum <strong>Obagi Professional-C<sup>\u00ae<\/sup> 15\u00a0% offre une protection antioxydante tout en douceur et un coup d&#8217;\u00e9clat instantan\u00e9. Convient \u00e0 la plupart des types de peaux.<\/strong><\/p>\n<p>Le s\u00e9rum Obagi Professional-C<sup>\u00ae<\/sup> 15\u00a0% est un luxueux s\u00e9rum enrichi en vitamine\u00a0C\u00a0: il a \u00e9t\u00e9 con\u00e7u pour une absorption imm\u00e9diate et vous offrir des r\u00e9sultats visibles. Convient pour la plupart des types de peaux.<\/p>\n<p>Le s\u00e9rum Obagi Professional-C<sup>\u00ae<\/sup> contient 15\u00a0% d&#8217;acide L-ascorbique, la forme de vitamine C la plus puissante, pour apaiser et illuminer votre peau tout en assurant sa bonne hydratation. Un v\u00e9ritable coup d&#8217;\u00e9clat\u00a0!<\/p>\n<p>Dans le cadre d&#8217;une routine de soins Obagi compl\u00e8te, le s\u00e9rum Obagi Professional-C<sup>\u00ae<\/sup> 15\u00a0% vous aide \u00e0 assurer la bonne hydratation de votre peau, tout en att\u00e9nuant les inflammations.<\/p>\n<p>Le saviez-vous\u00a0? L&#8217;apport d&#8217;une touche de vitamine\u00a0C \u00e0 votre rituel beaut\u00e9 pr\u00e9sente de nombreux avantages. La vitamine\u00a0C stimule la production de collag\u00e8ne, att\u00e9nue les rides et ridules, et prot\u00e8ge votre peau de l&#8217;exposition aux rayons\u00a0UV et aux radicaux libres n\u00e9fastes.<\/p>\n<p><em>*Stock limit\u00e9 disponible.<\/em><\/p>\n","protected":false},"excerpt":{"rendered":"<p>Le s\u00e9rum Obagi Professional-C\u00ae 15\u00a0% offre une protection antioxydante tout en douceur et un coup d&#8217;\u00e9clat instantan\u00e9. Convient \u00e0 la plupart des types de peaux. Le s\u00e9rum Obagi Professional-C\u00ae 15\u00a0% est un luxueux s\u00e9rum enrichi en vitamine\u00a0C\u00a0: il a \u00e9t\u00e9 con\u00e7u pour une absorption imm\u00e9diate et vous offrir des r\u00e9sultats visibles. Convient pour la plupart [&hellip;]<\/p>\n","protected":false},"featured_media":36230,"comment_status":"open","ping_status":"closed","template":"","meta":{"_acf_changed":false},"product_brand":[],"product_cat":[532,506,507,508,510,511,513,516,518,519,521],"product_tag":[],"class_list":{"0":"post-30844","1":"product","2":"type-product","3":"status-publish","4":"has-post-thumbnail","6":"product_cat-professional-c-portfolio-fr","7":"product_cat-hyperpigmentation-fr","8":"product_cat-peaux-ternes","9":"product_cat-effets-nuisibles-du-soleil","10":"product_cat-peaux-mixtes","11":"product_cat-peaux-normales","12":"product_cat-peaux-seches","13":"product_cat-peaux-deshydratees","14":"product_cat-vieillissement-cutane-par-exemple-rides-et-ridules","15":"product_cat-peaux-matures","16":"product_cat-vitamine-c-fr","18":"first","19":"instock","20":"taxable","21":"shipping-taxable","22":"purchasable","23":"product-type-simple"},"acf":[],"_links":{"self":[{"href":"https:\/\/pureobagi.com\/fr\/wp-json\/wp\/v2\/product\/30844","targetHints":{"allow":["GET"]}}],"collection":[{"href":"https:\/\/pureobagi.com\/fr\/wp-json\/wp\/v2\/product"}],"about":[{"href":"https:\/\/pureobagi.com\/fr\/wp-json\/wp\/v2\/types\/product"}],"replies":[{"embeddable":true,"href":"https:\/\/pureobagi.com\/fr\/wp-json\/wp\/v2\/comments?post=30844"}],"wp:featuredmedia":[{"embeddable":true,"href":"https:\/\/pureobagi.com\/fr\/wp-json\/wp\/v2\/media\/36230"}],"wp:attachment":[{"href":"https:\/\/pureobagi.com\/fr\/wp-json\/wp\/v2\/media?parent=30844"}],"wp:term":[{"taxonomy":"product_brand","embeddable":true,"href":"https:\/\/pureobagi.com\/fr\/wp-json\/wp\/v2\/product_brand?post=30844"},{"taxonomy":"product_cat","embeddable":true,"href":"https:\/\/pureobagi.com\/fr\/wp-json\/wp\/v2\/product_cat?post=30844"},{"taxonomy":"product_tag","embeddable":true,"href":"https:\/\/pureobagi.com\/fr\/wp-json\/wp\/v2\/product_tag?post=30844"}],"curies":[{"name":"wp","href":"https:\/\/api.w.org\/{rel}","templated":true}]}}