{"id":30845,"date":"2020-10-14T16:20:25","date_gmt":"2020-10-14T15:20:25","guid":{"rendered":"https:\/\/pureobagi.com\/product\/serum-obagi-professional-c-10\/"},"modified":"2023-05-03T21:45:25","modified_gmt":"2023-05-03T20:45:25","slug":"obagi-professional-c-serum-10","status":"publish","type":"product","link":"https:\/\/pureobagi.com\/fr\/produit\/obagi-professional-c-serum-10\/","title":{"rendered":"Obagi Professional-C\u00ae Serum 10%"},"content":{"rendered":"<p>Le s\u00e9rum <strong>Obagi Professional-C<sup>\u00ae<\/sup> 10&nbsp;% offre une protection antioxydante tout en douceur et un coup d&#39;\u00e9clat instantan\u00e9. Convient tout particuli\u00e8rement aux peaux s\u00e8ches, irrit\u00e9es ou sensibles.<\/strong><\/p>\n<p>Le s\u00e9rum Obagi Professional-C<sup>\u00ae<\/sup> 10&nbsp;% pr\u00e9sente une formule riche et concentr\u00e9e en vitamine&nbsp;C qui p\u00e9n\u00e8tre imm\u00e9diatement dans la peau pour vous offrir des r\u00e9sultats optimaux. Ce s\u00e9rum pour le visage contient 10&nbsp;% d&#39;acide L-ascorbique (vitamine&nbsp;C). Assez doux, il peut \u00eatre utilis\u00e9 sur les peaux irrit\u00e9es ou sensibles.<\/p>\n<p>Apporter une touche de vitamine&nbsp;C \u00e0 votre rituel de soins est tr\u00e8s b\u00e9n\u00e9fique pour votre peau. Non seulement la vitamine&nbsp;C stimule la production de collag\u00e8ne et att\u00e9nue les ridules et rides, mais elle prot\u00e8ge \u00e9galement votre peau des radicaux libres et des UV n\u00e9fastes.<\/p>\n<p>Dans le cadre d&#39;un rituel de soins cutan\u00e9s complet, le s\u00e9rum Obagi Professional-C<sup>\u00ae<\/sup> 10&nbsp;% vous aide \u00e0 assurer une bonne hydratation et \u00e0 r\u00e9duire les inflammations.<\/p>\n<p>Le saviez-vous&nbsp;? L&#39;acide L-ascorbique, la forme de vitamine C la plus puissante, a un effet apaisant et revitalisant sur la peau et retient l&#39;eau, pour un teint hydrat\u00e9 et \u00e9clatant en un clin d&#39;\u0153il.<\/p>\n","protected":false},"excerpt":{"rendered":"<p>Le s\u00e9rum Obagi Professional-C\u00ae 10&nbsp;% offre une protection antioxydante tout en douceur et un coup d&#39;\u00e9clat instantan\u00e9. Convient tout particuli\u00e8rement aux peaux s\u00e8ches, irrit\u00e9es ou sensibles. Le s\u00e9rum Obagi Professional-C\u00ae 10&nbsp;% pr\u00e9sente une formule riche et concentr\u00e9e en vitamine&nbsp;C qui p\u00e9n\u00e8tre imm\u00e9diatement dans la peau pour vous offrir des r\u00e9sultats optimaux. Ce s\u00e9rum pour le [&hellip;]<\/p>\n","protected":false},"featured_media":36194,"comment_status":"open","ping_status":"closed","template":"","meta":{"_acf_changed":false},"product_brand":[],"product_cat":[515,516,518,519,506,521,507,526,508,532,510,511,512,513],"product_tag":[],"class_list":{"0":"post-30845","1":"product","2":"type-product","3":"status-publish","4":"has-post-thumbnail","6":"product_cat-couperose-ou-rosacee","7":"product_cat-peaux-deshydratees","8":"product_cat-vieillissement-cutane-par-exemple-rides-et-ridules","9":"product_cat-peaux-matures","10":"product_cat-hyperpigmentation-fr","11":"product_cat-vitamine-c-fr","12":"product_cat-peaux-ternes","13":"product_cat-meilleures-ventes","14":"product_cat-effets-nuisibles-du-soleil","15":"product_cat-professional-c-portfolio-fr","16":"product_cat-peaux-mixtes","17":"product_cat-peaux-normales","18":"product_cat-peaux-sensibles","19":"product_cat-peaux-seches","21":"first","22":"instock","23":"taxable","24":"shipping-taxable","25":"purchasable","26":"product-type-simple"},"acf":[],"_links":{"self":[{"href":"https:\/\/pureobagi.com\/fr\/wp-json\/wp\/v2\/product\/30845","targetHints":{"allow":["GET"]}}],"collection":[{"href":"https:\/\/pureobagi.com\/fr\/wp-json\/wp\/v2\/product"}],"about":[{"href":"https:\/\/pureobagi.com\/fr\/wp-json\/wp\/v2\/types\/product"}],"replies":[{"embeddable":true,"href":"https:\/\/pureobagi.com\/fr\/wp-json\/wp\/v2\/comments?post=30845"}],"wp:featuredmedia":[{"embeddable":true,"href":"https:\/\/pureobagi.com\/fr\/wp-json\/wp\/v2\/media\/36194"}],"wp:attachment":[{"href":"https:\/\/pureobagi.com\/fr\/wp-json\/wp\/v2\/media?parent=30845"}],"wp:term":[{"taxonomy":"product_brand","embeddable":true,"href":"https:\/\/pureobagi.com\/fr\/wp-json\/wp\/v2\/product_brand?post=30845"},{"taxonomy":"product_cat","embeddable":true,"href":"https:\/\/pureobagi.com\/fr\/wp-json\/wp\/v2\/product_cat?post=30845"},{"taxonomy":"product_tag","embeddable":true,"href":"https:\/\/pureobagi.com\/fr\/wp-json\/wp\/v2\/product_tag?post=30845"}],"curies":[{"name":"wp","href":"https:\/\/api.w.org\/{rel}","templated":true}]}}