{"id":30846,"date":"2020-10-14T16:09:47","date_gmt":"2020-10-14T15:09:47","guid":{"rendered":"https:\/\/pureobagi.com\/product\/serum-obagi-professional-c-20\/"},"modified":"2023-05-06T15:15:43","modified_gmt":"2023-05-06T14:15:43","slug":"obagi-professional-c-serum-20","status":"publish","type":"product","link":"https:\/\/pureobagi.com\/fr\/produit\/obagi-professional-c-serum-20\/","title":{"rendered":"Obagi Professional-C\u00ae Serum 20%"},"content":{"rendered":"<p>Le s\u00e9rum <strong>Obagi Professional-C<sup>\u00ae<\/sup> 20&nbsp;% offre une protection antioxydante tout en douceur et un coup d&#39;\u00e9clat instantan\u00e9. Convient pour les peaux normales \u00e0 grasses.<\/strong><\/p>\n<p>Le s\u00e9rum Obagi Professional-C<sup>\u00ae<\/sup> 20&nbsp;% est le s\u00e9rum le plus concentr\u00e9 en vitamine&nbsp;C de la gamme Obagi Professional-C<sup>\u00ae<\/sup>.<\/p>\n<p>Avec sa formule riche et intense, le s\u00e9rum Obagi Professional-C<sup>\u00ae <\/sup>20&nbsp;% att\u00e9nue l&#39;aspect des rides et ridules, uniformise le teint et favorise une bonne hydratation, tout en offrant \u00e0 votre peau un \u00e9clat radieux.<\/p>\n<p>Enrichi avec 20&nbsp;% d&#39;acide L-ascorbique, la forme la plus puissante de vitamine&nbsp;C pour apaiser et \u00e9claircir la peau, et favoriser une bonne hydratation, ce s\u00e9rum pour le visage vous offre un teint \u00e9clatant en un clin d&#39;\u0153il, sans effet peau grasse. Convient tout particuli\u00e8rement aux peaux normales \u00e0 grasses.<\/p>\n<p>Le saviez-vous&nbsp;? Les radicaux libres d\u00e9composent le collag\u00e8ne et l&#39;\u00e9lastine de votre peau, entra\u00eenant un vieillissement pr\u00e9matur\u00e9&nbsp;: les rides, ridules et taches brunes s&#39;installent alors. La vitamine&nbsp;C stimule la production de collag\u00e8ne, att\u00e9nue les rides et ridules, et prot\u00e8ge votre peau de l&#39;exposition aux rayons&nbsp;UV et aux radicaux libres n\u00e9fastes.<\/p>\n","protected":false},"excerpt":{"rendered":"<p>Le s\u00e9rum Obagi Professional-C\u00ae 20&nbsp;% offre une protection antioxydante tout en douceur et un coup d&#39;\u00e9clat instantan\u00e9. Convient pour les peaux normales \u00e0 grasses. Le s\u00e9rum Obagi Professional-C\u00ae 20&nbsp;% est le s\u00e9rum le plus concentr\u00e9 en vitamine&nbsp;C de la gamme Obagi Professional-C\u00ae. Avec sa formule riche et intense, le s\u00e9rum Obagi Professional-C\u00ae 20&nbsp;% att\u00e9nue l&#39;aspect [&hellip;]<\/p>\n","protected":false},"featured_media":36204,"comment_status":"open","ping_status":"closed","template":"","meta":{"_acf_changed":false},"product_brand":[],"product_cat":[521,526,504,532,506,507,508,509,510,511,518,519],"product_tag":[],"class_list":{"0":"post-30846","1":"product","2":"type-product","3":"status-publish","4":"has-post-thumbnail","6":"product_cat-vitamine-c-fr","7":"product_cat-meilleures-ventes","8":"product_cat-peaux-grasses","9":"product_cat-professional-c-portfolio-fr","10":"product_cat-hyperpigmentation-fr","11":"product_cat-peaux-ternes","12":"product_cat-effets-nuisibles-du-soleil","13":"product_cat-peaux-reches","14":"product_cat-peaux-mixtes","15":"product_cat-peaux-normales","16":"product_cat-vieillissement-cutane-par-exemple-rides-et-ridules","17":"product_cat-peaux-matures","19":"first","20":"instock","21":"taxable","22":"shipping-taxable","23":"purchasable","24":"product-type-simple"},"acf":[],"_links":{"self":[{"href":"https:\/\/pureobagi.com\/fr\/wp-json\/wp\/v2\/product\/30846","targetHints":{"allow":["GET"]}}],"collection":[{"href":"https:\/\/pureobagi.com\/fr\/wp-json\/wp\/v2\/product"}],"about":[{"href":"https:\/\/pureobagi.com\/fr\/wp-json\/wp\/v2\/types\/product"}],"replies":[{"embeddable":true,"href":"https:\/\/pureobagi.com\/fr\/wp-json\/wp\/v2\/comments?post=30846"}],"wp:featuredmedia":[{"embeddable":true,"href":"https:\/\/pureobagi.com\/fr\/wp-json\/wp\/v2\/media\/36204"}],"wp:attachment":[{"href":"https:\/\/pureobagi.com\/fr\/wp-json\/wp\/v2\/media?parent=30846"}],"wp:term":[{"taxonomy":"product_brand","embeddable":true,"href":"https:\/\/pureobagi.com\/fr\/wp-json\/wp\/v2\/product_brand?post=30846"},{"taxonomy":"product_cat","embeddable":true,"href":"https:\/\/pureobagi.com\/fr\/wp-json\/wp\/v2\/product_cat?post=30846"},{"taxonomy":"product_tag","embeddable":true,"href":"https:\/\/pureobagi.com\/fr\/wp-json\/wp\/v2\/product_tag?post=30846"}],"curies":[{"name":"wp","href":"https:\/\/api.w.org\/{rel}","templated":true}]}}