{"id":30848,"date":"2020-10-14T15:56:48","date_gmt":"2020-10-14T14:56:48","guid":{"rendered":"https:\/\/pureobagi.com\/product\/creme-obagi-elastiderm-pour-le-contour-des-yeux\/"},"modified":"2025-01-09T10:45:11","modified_gmt":"2025-01-09T10:45:11","slug":"obagi-elastiderm-eye-cream","status":"publish","type":"product","link":"https:\/\/pureobagi.com\/fr\/produit\/obagi-elastiderm-eye-cream\/","title":{"rendered":"Obagi ELASTIderm\u00ae Eye Cream"},"content":{"rendered":"<p>La cr\u00e8me contour des yeux <strong>Obagi ELASTIderm\u00ae Eye Cream<\/strong> a \u00e9t\u00e9 sp\u00e9cialement formul\u00e9e pour att\u00e9nuer les rides et ridules d\u00e8s les deux premi\u00e8res semaines, r\u00e9v\u00e9lant une peau d&#39;aspect plus jeune au niveau du contour des yeux, o\u00f9 la peau est souvent plus fine et d\u00e9licate.<\/p>\n<p>Les pattes d&#39;oie, fines rides et ridules du contour des yeux, o\u00f9 la peau est souvent fine et d\u00e9licate, sont l&#39;un des premiers signes visibles du temps qui passe. Elles apparaissent en raison d&#39;une r\u00e9duction progressive du collag\u00e8ne et de l&#39;\u00e9lastine autour des yeux.<\/p>\n<p>Malheureusement, il ne suffit pas d&#39;utiliser une cr\u00e8me \u00e0 l&#39;\u00e9lastine pour lutter contre la perte naturelle de l&#39;\u00e9lastine. L&#39;\u00e9lastine doit \u00eatre recr\u00e9\u00e9e, convertie et structur\u00e9e pour que la peau puisse en b\u00e9n\u00e9ficier.<\/p>\n<p>Avec sa formule rafra\u00eechissante, la cr\u00e8me contour des yeux Obagi ELASTIderm\u00ae Eye Cream s&#39;appuie sur la technologie Bi-Mineral Contour Complex\u2122 brevet\u00e9e pour revivifier les yeux fatigu\u00e9s, raffermir la peau et redonner \u00e0 la peau du contour de l\u2019\u0153il toute son \u00e9lasticit\u00e9 d\u00e8s les deux premi\u00e8res semaines.<\/p>\n<p>Pour cela, la technologie Bi-Mineral Contour Complex\u2122 associe deux min\u00e9raux, le zinc et le cuivre, avec du malonate. Le Bi-Mineral Contour Complex\u2122 a \u00e9t\u00e9 con\u00e7u sp\u00e9cialement pour participer \u00e0 la cr\u00e9ation, \u00e0 la conversion et \u00e0 la structuration d&#39;une \u00e9lastine saine.<\/p>\n","protected":false},"excerpt":{"rendered":"<p>La cr\u00e8me contour des yeux Obagi ELASTIderm\u00ae Eye Cream a \u00e9t\u00e9 sp\u00e9cialement formul\u00e9e pour att\u00e9nuer les rides et ridules d\u00e8s les deux premi\u00e8res semaines, r\u00e9v\u00e9lant une peau d&#39;aspect plus jeune au niveau du contour des yeux, o\u00f9 la peau est souvent plus fine et d\u00e9licate. Les pattes d&#39;oie, fines rides et ridules du contour des [&hellip;]<\/p>\n","protected":false},"featured_media":46768,"comment_status":"open","ping_status":"closed","template":"","meta":{"_acf_changed":false},"product_brand":[],"product_cat":[515,504,516,505,518,506,519,507,526,508,533,509,534,510,511,512,513],"product_tag":[],"class_list":{"0":"post-30848","1":"product","2":"type-product","3":"status-publish","4":"has-post-thumbnail","6":"product_cat-couperose-ou-rosacee","7":"product_cat-peaux-grasses","8":"product_cat-peaux-deshydratees","9":"product_cat-peaux-a-tendance-acneique","10":"product_cat-vieillissement-cutane-par-exemple-rides-et-ridules","11":"product_cat-hyperpigmentation-fr","12":"product_cat-peaux-matures","13":"product_cat-peaux-ternes","14":"product_cat-meilleures-ventes","15":"product_cat-effets-nuisibles-du-soleil","16":"product_cat-elastiderm-collection-fr","17":"product_cat-peaux-reches","18":"product_cat-soins-pour-les-yeux","19":"product_cat-peaux-mixtes","20":"product_cat-peaux-normales","21":"product_cat-peaux-sensibles","22":"product_cat-peaux-seches","24":"first","25":"instock","26":"taxable","27":"shipping-taxable","28":"purchasable","29":"product-type-simple"},"acf":[],"_links":{"self":[{"href":"https:\/\/pureobagi.com\/fr\/wp-json\/wp\/v2\/product\/30848","targetHints":{"allow":["GET"]}}],"collection":[{"href":"https:\/\/pureobagi.com\/fr\/wp-json\/wp\/v2\/product"}],"about":[{"href":"https:\/\/pureobagi.com\/fr\/wp-json\/wp\/v2\/types\/product"}],"replies":[{"embeddable":true,"href":"https:\/\/pureobagi.com\/fr\/wp-json\/wp\/v2\/comments?post=30848"}],"wp:featuredmedia":[{"embeddable":true,"href":"https:\/\/pureobagi.com\/fr\/wp-json\/wp\/v2\/media\/46768"}],"wp:attachment":[{"href":"https:\/\/pureobagi.com\/fr\/wp-json\/wp\/v2\/media?parent=30848"}],"wp:term":[{"taxonomy":"product_brand","embeddable":true,"href":"https:\/\/pureobagi.com\/fr\/wp-json\/wp\/v2\/product_brand?post=30848"},{"taxonomy":"product_cat","embeddable":true,"href":"https:\/\/pureobagi.com\/fr\/wp-json\/wp\/v2\/product_cat?post=30848"},{"taxonomy":"product_tag","embeddable":true,"href":"https:\/\/pureobagi.com\/fr\/wp-json\/wp\/v2\/product_tag?post=30848"}],"curies":[{"name":"wp","href":"https:\/\/api.w.org\/{rel}","templated":true}]}}