{"id":30849,"date":"2020-10-14T15:51:41","date_gmt":"2020-10-14T14:51:41","guid":{"rendered":"https:\/\/pureobagi.com\/product\/nettoyant-moussant-quotidien-obagi-clenziderm\/"},"modified":"2023-05-15T01:26:41","modified_gmt":"2023-05-15T00:26:41","slug":"clenziderm-daily-care-foaming-cleanser","status":"publish","type":"product","link":"https:\/\/pureobagi.com\/fr\/produit\/clenziderm-daily-care-foaming-cleanser\/","title":{"rendered":"Obagi CLENZIderm Daily Care Foaming Cleanser"},"content":{"rendered":"<p><strong>Le Obagi CLENZIderm M.D.\u00ae Daily Care Foaming Cleanser, enrichi en acide salicylique (2&nbsp;%), nettoie les pores obstru\u00e9s pour minimiser l&#39;apparition de boutons ou de l\u00e9sions.<\/strong><\/p>\n<p>Le Obagi CLENZIderm M.D.\u00ae Daily Care Foaming Cleanser est un nettoyant moussant et l\u00e9ger, enrichi en acide salicylique (2&nbsp;%) pour d\u00e9loger les impuret\u00e9s qui obstruent les pores et \u00e9liminer les peaux mortes.<\/p>\n<p>L&#39;acide salicylique est tr\u00e8s efficace pour dissoudre les cellules mortes et les exc\u00e8s de s\u00e9bum qui obstruent les pores et entra\u00eenent acn\u00e9, points noirs, points blancs et boutons.<\/p>\n<p>Assez doux pour \u00eatre utilis\u00e9 matin et soir, le Obagi CLENZIderm M.D.\u00ae Daily Care Foaming Cleanser est un nettoyant purifiant pour le visage qui laisse la peau fra\u00eeche et propre, sans sensation de s\u00e9cheresse, de tiraillement de desquamation. Avec du menthol pour rafra\u00eechir les peaux irrit\u00e9es.<\/p>\n<p><em>Le saviez-vous&nbsp;?<\/em> L&#39;acide salicylique plonge au plus profond des pores pour emp\u00eacher les follicules de s&#39;obstruer et stimule l&#39;absorption et la p\u00e9n\u00e9tration des ingr\u00e9dients cl\u00e9s suivants.<\/p>\n","protected":false},"excerpt":{"rendered":"<p>Le Obagi CLENZIderm M.D.\u00ae Daily Care Foaming Cleanser, enrichi en acide salicylique (2&nbsp;%), nettoie les pores obstru\u00e9s pour minimiser l&#39;apparition de boutons ou de l\u00e9sions. Le Obagi CLENZIderm M.D.\u00ae Daily Care Foaming Cleanser est un nettoyant moussant et l\u00e9ger, enrichi en acide salicylique (2&nbsp;%) pour d\u00e9loger les impuret\u00e9s qui obstruent les pores et \u00e9liminer les [&hellip;]<\/p>\n","protected":false},"featured_media":38556,"comment_status":"open","ping_status":"closed","template":"","meta":{"_acf_changed":false},"product_brand":[],"product_cat":[503,504,505,506,510,517,526,530],"product_tag":[],"class_list":{"0":"post-30849","1":"product","2":"type-product","3":"status-publish","4":"has-post-thumbnail","6":"product_cat-soins-nettoyants","7":"product_cat-peaux-grasses","8":"product_cat-peaux-a-tendance-acneique","9":"product_cat-hyperpigmentation-fr","10":"product_cat-peaux-mixtes","11":"product_cat-peaux-touchees-par-le-maskne","12":"product_cat-meilleures-ventes","13":"product_cat-clenziderm-m-d-fr","15":"first","16":"instock","17":"taxable","18":"shipping-taxable","19":"purchasable","20":"product-type-simple"},"acf":[],"_links":{"self":[{"href":"https:\/\/pureobagi.com\/fr\/wp-json\/wp\/v2\/product\/30849","targetHints":{"allow":["GET"]}}],"collection":[{"href":"https:\/\/pureobagi.com\/fr\/wp-json\/wp\/v2\/product"}],"about":[{"href":"https:\/\/pureobagi.com\/fr\/wp-json\/wp\/v2\/types\/product"}],"replies":[{"embeddable":true,"href":"https:\/\/pureobagi.com\/fr\/wp-json\/wp\/v2\/comments?post=30849"}],"wp:featuredmedia":[{"embeddable":true,"href":"https:\/\/pureobagi.com\/fr\/wp-json\/wp\/v2\/media\/38556"}],"wp:attachment":[{"href":"https:\/\/pureobagi.com\/fr\/wp-json\/wp\/v2\/media?parent=30849"}],"wp:term":[{"taxonomy":"product_brand","embeddable":true,"href":"https:\/\/pureobagi.com\/fr\/wp-json\/wp\/v2\/product_brand?post=30849"},{"taxonomy":"product_cat","embeddable":true,"href":"https:\/\/pureobagi.com\/fr\/wp-json\/wp\/v2\/product_cat?post=30849"},{"taxonomy":"product_tag","embeddable":true,"href":"https:\/\/pureobagi.com\/fr\/wp-json\/wp\/v2\/product_tag?post=30849"}],"curies":[{"name":"wp","href":"https:\/\/api.w.org\/{rel}","templated":true}]}}