{"id":30850,"date":"2020-10-14T14:18:50","date_gmt":"2020-10-14T13:18:50","guid":{"rendered":"https:\/\/pureobagi.com\/product\/obagi360-hydrafactor-a-large-spectre-spf-30\/"},"modified":"2026-04-13T09:58:22","modified_gmt":"2026-04-13T08:58:22","slug":"obagi-hydrafactor-spf30","status":"publish","type":"product","link":"https:\/\/pureobagi.com\/fr\/produit\/obagi-hydrafactor-spf30\/","title":{"rendered":"Obagi360 HydraFactor\u00ae Broad Spectrum SPF 30"},"content":{"rendered":"<p><strong>OBAGI360 HydraFactor\u00ae Broad Spectrum SPF 30<\/strong> est un \u00e9cran solaire hydratant&nbsp;2-en-1 qui hydrate la peau imm\u00e9diatement et toute la journ\u00e9e, tout en offrant une protection solaire \u00e0 large spectre anti-UVA et anti-UVB.<\/p>\n<p>Tirez pleinement parti de votre produit hydratant avec OBAGI360 HydraFactor\u00ae Broad Spectrum SPF 30.<\/p>\n<p>Ce soin hydratant double action avec SPF peut \u00eatre utilis\u00e9 tous les jours et garde la peau hydrat\u00e9e longtemps, l&#39;apaise et lui donne un coup d&#39;\u00e9clat instantan\u00e9, tandis que la protection anti-UVA et UVB \u00e0 large spectre prot\u00e8ge la peau et pr\u00e9vient les probl\u00e8mes caus\u00e9s par le soleil.<\/p>\n<p>OBAGI360 HydraFactor\u00ae Broad Spectrum SPF 30 est con\u00e7u pour prot\u00e9ger la peau en absorbant les UV plut\u00f4t qu&#39;en les laissant p\u00e9n\u00e9trer.  Profitez d&#39;une hydratation instantan\u00e9e gr\u00e2ce \u00e0 la glyc\u00e9rine et \u00e0 l&#39;hydromanil (ingr\u00e9dient innovant, d\u00e9riv\u00e9 de la graine de Tara)&nbsp;: votre peau est hydrat\u00e9e toute la journ\u00e9e, votre teint est rajeuni et \u00e9clatant de sant\u00e9.<\/p>\n<p>OBAGI360 HydraFactor\u00ae Broad Spectrum SPF 30 contient \u00e9galement des ingr\u00e9dients anti-inflammatoires am\u00e9liorant l&#39;\u00e9lasticit\u00e9 de la peau, att\u00e9nuant les rides et ridules, et luttant contre le vieillissement cutan\u00e9.<\/p>\n<p>\u00c0 utiliser en synergie avec les autres produits de la routine de soins OBAGI360\u00ae System. Votre \u00e9cran solaire hydratant&nbsp;2-en-1 permet de r\u00e9pondre proactivement aux premiers signes du vieillissement et de prot\u00e9ger votre peau contre les probl\u00e8mes potentiels \u00e0 venir.<\/p>\n","protected":false},"excerpt":{"rendered":"<p>OBAGI360 HydraFactor\u00ae Broad Spectrum SPF 30 est un \u00e9cran solaire hydratant&nbsp;2-en-1 qui hydrate la peau imm\u00e9diatement et toute la journ\u00e9e, tout en offrant une protection solaire \u00e0 large spectre anti-UVA et anti-UVB. Tirez pleinement parti de votre produit hydratant avec OBAGI360 HydraFactor\u00ae Broad Spectrum SPF 30. Ce soin hydratant double action avec SPF peut \u00eatre [&hellip;]<\/p>\n","protected":false},"featured_media":36778,"comment_status":"open","ping_status":"closed","template":"","meta":{"_acf_changed":false},"product_brand":[],"product_cat":[523,527,528,507,529,508,509,510,511,513,516,519],"product_tag":[],"class_list":{"0":"post-30850","1":"product","2":"type-product","3":"status-publish","4":"has-post-thumbnail","6":"product_cat-obagi360-system-fr","7":"product_cat-produits-hydratants-et-humectants","8":"product_cat-protection-contre-le-soleil","9":"product_cat-peaux-ternes","10":"product_cat-obagi-sun-protection-fr","11":"product_cat-effets-nuisibles-du-soleil","12":"product_cat-peaux-reches","13":"product_cat-peaux-mixtes","14":"product_cat-peaux-normales","15":"product_cat-peaux-seches","16":"product_cat-peaux-deshydratees","17":"product_cat-peaux-matures","19":"first","20":"instock","21":"taxable","22":"shipping-taxable","23":"purchasable","24":"product-type-simple"},"acf":[],"_links":{"self":[{"href":"https:\/\/pureobagi.com\/fr\/wp-json\/wp\/v2\/product\/30850","targetHints":{"allow":["GET"]}}],"collection":[{"href":"https:\/\/pureobagi.com\/fr\/wp-json\/wp\/v2\/product"}],"about":[{"href":"https:\/\/pureobagi.com\/fr\/wp-json\/wp\/v2\/types\/product"}],"replies":[{"embeddable":true,"href":"https:\/\/pureobagi.com\/fr\/wp-json\/wp\/v2\/comments?post=30850"}],"wp:featuredmedia":[{"embeddable":true,"href":"https:\/\/pureobagi.com\/fr\/wp-json\/wp\/v2\/media\/36778"}],"wp:attachment":[{"href":"https:\/\/pureobagi.com\/fr\/wp-json\/wp\/v2\/media?parent=30850"}],"wp:term":[{"taxonomy":"product_brand","embeddable":true,"href":"https:\/\/pureobagi.com\/fr\/wp-json\/wp\/v2\/product_brand?post=30850"},{"taxonomy":"product_cat","embeddable":true,"href":"https:\/\/pureobagi.com\/fr\/wp-json\/wp\/v2\/product_cat?post=30850"},{"taxonomy":"product_tag","embeddable":true,"href":"https:\/\/pureobagi.com\/fr\/wp-json\/wp\/v2\/product_tag?post=30850"}],"curies":[{"name":"wp","href":"https:\/\/api.w.org\/{rel}","templated":true}]}}