{"id":30852,"date":"2020-10-14T14:14:29","date_gmt":"2020-10-14T13:14:29","guid":{"rendered":"https:\/\/pureobagi.com\/product\/obagi360-retinol-0-5\/"},"modified":"2026-03-25T16:53:04","modified_gmt":"2026-03-25T16:53:04","slug":"obagi360-retinol-0-5","status":"publish","type":"product","link":"https:\/\/pureobagi.com\/fr\/produit\/obagi360-retinol-0-5\/","title":{"rendered":"Obagi360\u00ae Retinol 0.5"},"content":{"rendered":"<p><strong>OBAGI360\u00ae Retinol 0.5<\/strong> est une cr\u00e8me au r\u00e9tinol (faible concentration) visant \u00e0 embellir le teint et \u00e0 lisser les grains de peau irr\u00e9guliers pour une peau nette. OBAGI360\u00ae Retinol 0.5 est lib\u00e9r\u00e9 progressivement dans la peau pour \u00e9viter au maximum les irritations.<\/p>\n<p>OBAGI360\u00ae Retinol 0.5 r\u00e9duit efficacement les signes de l&#39;\u00e2ge et pr\u00e9vient les futurs dommages cutan\u00e9s. Le r\u00e9tinol utilis\u00e9 dans le OBAGI360\u00ae System r\u00e9v\u00e8le une peau plus nette et rajeunie.<\/p>\n<p>OBAGI360\u00ae Retinol 0.5 lib\u00e8re progressivement le r\u00e9tinol dans la peau pour \u00e9viter au maximum les irritations. Le r\u00e9tinol, \u00e9galement appel\u00e9 vitamine&nbsp;A, est un r\u00e9tino\u00efde. Le r\u00e9tinol stimule le remplacement des cellules pour att\u00e9nuer les irr\u00e9gularit\u00e9s du grain de peau, les taches brunes et d&#39;autres signes d&#39;hyperpigmentation, mais aussi les rides et ridules, pour une peau \u00e9clatante de sant\u00e9.<\/p>\n<p>La cr\u00e8me au r\u00e9tinol contient \u00e9galement du beurre de karit\u00e9 et de l&#39;extrait de camomille, pour lutter contre l&#39;inflammation, hydrater et apaiser la peau et r\u00e9duire les rougeurs et desquamations. \u00c0 utiliser chaque soir apr\u00e8s le soin nettoyant OBAGI360\u00ae Exfoliation Cleanser.<\/p>\n<p><em>Le saviez-vous&nbsp;?<\/em> Le r\u00e9tinol est consid\u00e9r\u00e9 comme l&#39;un des ingr\u00e9dients anti-\u00e2ge les plus efficaces dans le secteur des soins pour la peau. Avec l&#39;\u00e2ge, le processus de remplacement des cellules de notre corps ralentit. Le r\u00e9tinol stimule ce processus et aide votre peau \u00e0 rester lisse, saine et prot\u00e9g\u00e9e.<\/p>\n","protected":false},"excerpt":{"rendered":"<p>OBAGI360\u00ae Retinol 0.5 est une cr\u00e8me au r\u00e9tinol (faible concentration) visant \u00e0 embellir le teint et \u00e0 lisser les grains de peau irr\u00e9guliers pour une peau nette. OBAGI360\u00ae Retinol 0.5 est lib\u00e9r\u00e9 progressivement dans la peau pour \u00e9viter au maximum les irritations. OBAGI360\u00ae Retinol 0.5 r\u00e9duit efficacement les signes de l&#39;\u00e2ge et pr\u00e9vient les futurs [&hellip;]<\/p>\n","protected":false},"featured_media":34500,"comment_status":"open","ping_status":"closed","template":"","meta":{"_acf_changed":false},"product_brand":[],"product_cat":[508,525,509,526,510,511,512,513,515,516,504,518,505,519,507,523],"product_tag":[],"class_list":{"0":"post-30852","1":"product","2":"type-product","3":"status-publish","4":"has-post-thumbnail","6":"product_cat-effets-nuisibles-du-soleil","7":"product_cat-retinoides-fr","8":"product_cat-peaux-reches","9":"product_cat-meilleures-ventes","10":"product_cat-peaux-mixtes","11":"product_cat-peaux-normales","12":"product_cat-peaux-sensibles","13":"product_cat-peaux-seches","14":"product_cat-couperose-ou-rosacee","15":"product_cat-peaux-deshydratees","16":"product_cat-peaux-grasses","17":"product_cat-vieillissement-cutane-par-exemple-rides-et-ridules","18":"product_cat-peaux-a-tendance-acneique","19":"product_cat-peaux-matures","20":"product_cat-peaux-ternes","21":"product_cat-obagi360-system-fr","23":"first","24":"instock","25":"taxable","26":"shipping-taxable","27":"purchasable","28":"product-type-simple"},"acf":[],"_links":{"self":[{"href":"https:\/\/pureobagi.com\/fr\/wp-json\/wp\/v2\/product\/30852","targetHints":{"allow":["GET"]}}],"collection":[{"href":"https:\/\/pureobagi.com\/fr\/wp-json\/wp\/v2\/product"}],"about":[{"href":"https:\/\/pureobagi.com\/fr\/wp-json\/wp\/v2\/types\/product"}],"replies":[{"embeddable":true,"href":"https:\/\/pureobagi.com\/fr\/wp-json\/wp\/v2\/comments?post=30852"}],"wp:featuredmedia":[{"embeddable":true,"href":"https:\/\/pureobagi.com\/fr\/wp-json\/wp\/v2\/media\/34500"}],"wp:attachment":[{"href":"https:\/\/pureobagi.com\/fr\/wp-json\/wp\/v2\/media?parent=30852"}],"wp:term":[{"taxonomy":"product_brand","embeddable":true,"href":"https:\/\/pureobagi.com\/fr\/wp-json\/wp\/v2\/product_brand?post=30852"},{"taxonomy":"product_cat","embeddable":true,"href":"https:\/\/pureobagi.com\/fr\/wp-json\/wp\/v2\/product_cat?post=30852"},{"taxonomy":"product_tag","embeddable":true,"href":"https:\/\/pureobagi.com\/fr\/wp-json\/wp\/v2\/product_tag?post=30852"}],"curies":[{"name":"wp","href":"https:\/\/api.w.org\/{rel}","templated":true}]}}