{"id":30853,"date":"2020-10-14T14:05:39","date_gmt":"2020-10-14T13:05:39","guid":{"rendered":"https:\/\/pureobagi.com\/product\/soins-nettoyant-et-exfoliant-obagi360\/"},"modified":"2022-08-18T10:46:17","modified_gmt":"2022-08-18T09:46:17","slug":"obagi360-exfoliating-cleanser","status":"publish","type":"product","link":"https:\/\/pureobagi.com\/fr\/produit\/obagi360-exfoliating-cleanser\/","title":{"rendered":"OBAGI360 Exfoliating Cleanser"},"content":{"rendered":"<p><strong>Purifiez et vivifiez votre peau avec le nettoyant exfoliant Obagi360. Avec ses perles douces et biod\u00e9gradables et ses enzymes de papaye, le nettoyant exfoliant OBAGI360 d\u00e9colle les cellules mortes pour r\u00e9v\u00e9ler une peau lisse, douce et rayonnante de sant\u00e9, matin et soir.<\/strong><\/p>\n<p>Commencez dans l&#39;id\u00e9al \u00e0 l&#39;utiliser entre 20 et 40&nbsp;ans. Le nettoyant exfoliant&nbsp;2-en-1 est la premi\u00e8re \u00e9tape du syst\u00e8me de soins Obagi360 System, con\u00e7u pour pr\u00e9server la jeunesse de la peau et lutter contre le vieillissement cutan\u00e9 (d\u00e9colorations, grain de peau irr\u00e9gulier, rides et ridules).<\/p>\n<p>Suffisamment doux pour \u00eatre utilis\u00e9 tous les jours, le nettoyant OBAGI360 \u00e9limine en douceur les exc\u00e8s de s\u00e9bum, le maquillage et les impuret\u00e9s, tandis que ses agents exfoliants d\u00e9collent les cellules mortes pouvant boucher les pores. Les perles polyactiques biod\u00e9gradables r\u00e9alisent une exfoliation m\u00e9canique tandis que le Linked-Papain, une forme innovante et stabilis\u00e9e de l&#39;enzyme de papaye, restaure de mani\u00e8re chimique l&#39;\u00e9piderme pour r\u00e9v\u00e9ler une peau lisse, douce et \u00e9clatante.<\/p>\n<p>Le nettoyant exfoliant Obagi360 contient \u00e9galement du panth\u00e9nol, apaise les inflammations et laisse une peau propre et qui respire, matin et soir.<\/p>\n<p><em>Le saviez-vous&nbsp;?<\/em> Une exfoliation r\u00e9guli\u00e8re renforce l&#39;absorption et la p\u00e9n\u00e9tration des autres soins pour la peau. Vous tirez ainsi pleinement avantage de vos produits cosm\u00e9tiques.<\/p>\n","protected":false},"excerpt":{"rendered":"<p>Purifiez et vivifiez votre peau avec le nettoyant exfoliant Obagi360. Avec ses perles douces et biod\u00e9gradables et ses enzymes de papaye, le nettoyant exfoliant OBAGI360 d\u00e9colle les cellules mortes pour r\u00e9v\u00e9ler une peau lisse, douce et rayonnante de sant\u00e9, matin et soir. Commencez dans l&#39;id\u00e9al \u00e0 l&#39;utiliser entre 20 et 40&nbsp;ans. Le nettoyant exfoliant&nbsp;2-en-1 est [&hellip;]<\/p>\n","protected":false},"featured_media":8811,"comment_status":"open","ping_status":"closed","template":"","meta":{"_acf_changed":false},"product_brand":[],"product_cat":[508,509,510,511,513,514,503,518,504,519,505,523,506,507],"product_tag":[],"class_list":{"0":"post-30853","1":"product","2":"type-product","3":"status-publish","4":"has-post-thumbnail","6":"product_cat-effets-nuisibles-du-soleil","7":"product_cat-peaux-reches","8":"product_cat-peaux-mixtes","9":"product_cat-peaux-normales","10":"product_cat-peaux-seches","11":"product_cat-exfoliants","12":"product_cat-soins-nettoyants","13":"product_cat-vieillissement-cutane-par-exemple-rides-et-ridules","14":"product_cat-peaux-grasses","15":"product_cat-peaux-matures","16":"product_cat-peaux-a-tendance-acneique","17":"product_cat-obagi360-system-fr","18":"product_cat-hyperpigmentation-fr","19":"product_cat-peaux-ternes","21":"first","22":"outofstock","23":"taxable","24":"shipping-taxable","25":"purchasable","26":"product-type-simple"},"acf":[],"_links":{"self":[{"href":"https:\/\/pureobagi.com\/fr\/wp-json\/wp\/v2\/product\/30853","targetHints":{"allow":["GET"]}}],"collection":[{"href":"https:\/\/pureobagi.com\/fr\/wp-json\/wp\/v2\/product"}],"about":[{"href":"https:\/\/pureobagi.com\/fr\/wp-json\/wp\/v2\/types\/product"}],"replies":[{"embeddable":true,"href":"https:\/\/pureobagi.com\/fr\/wp-json\/wp\/v2\/comments?post=30853"}],"wp:featuredmedia":[{"embeddable":true,"href":"https:\/\/pureobagi.com\/fr\/wp-json\/wp\/v2\/media\/8811"}],"wp:attachment":[{"href":"https:\/\/pureobagi.com\/fr\/wp-json\/wp\/v2\/media?parent=30853"}],"wp:term":[{"taxonomy":"product_brand","embeddable":true,"href":"https:\/\/pureobagi.com\/fr\/wp-json\/wp\/v2\/product_brand?post=30853"},{"taxonomy":"product_cat","embeddable":true,"href":"https:\/\/pureobagi.com\/fr\/wp-json\/wp\/v2\/product_cat?post=30853"},{"taxonomy":"product_tag","embeddable":true,"href":"https:\/\/pureobagi.com\/fr\/wp-json\/wp\/v2\/product_tag?post=30853"}],"curies":[{"name":"wp","href":"https:\/\/api.w.org\/{rel}","templated":true}]}}