{"id":30856,"date":"2020-10-14T13:02:26","date_gmt":"2020-10-14T12:02:26","guid":{"rendered":"https:\/\/pureobagi.com\/product\/lotion-de-jour-obagi-c-fx-c-exfoliating\/"},"modified":"2023-01-10T12:36:32","modified_gmt":"2023-01-10T12:36:32","slug":"obagi-c-exfoliating-day-lotion","status":"publish","type":"product","link":"https:\/\/pureobagi.com\/fr\/produit\/obagi-c-exfoliating-day-lotion\/","title":{"rendered":"Obagi-C\u00ae Fx C-Exfoliating Day Lotion"},"content":{"rendered":"<p><strong>Rehausse le teint de la peau, sa texture et son \u00e9clat gr\u00e2ce \u00e0 la lotion Obagi-C\u00ae Fx Exfoliating Day Lotion. La lotion permet d&#39;att\u00e9nuer l&#39;aspect terne de la peau et les taches brunes, mais aussi d&#39;exfolier en douceur pour r\u00e9v\u00e9ler une peau plus nette et \u00e9clatante de sant\u00e9.<\/strong><\/p>\n<p>La lotion Obagi-C\u00ae Fx C-Exfoliating Day Lotion est un produit hydratant l\u00e9ger qui, au quotidien, permet d&#39;\u00e9claircir et d&#39;uniformiser le teint, tout en exfoliant la peau. Produit assez doux pour \u00eatre utilis\u00e9 au quotidien sans ass\u00e9cher ou irriter la peau, ni provoquer de desquamations.<\/p>\n<p>Avec la lotion Obagi-C\u00ae Fx C-Exfoliating Day Lotion, votre peau est plus lisse et plus \u00e9clatante que jamais. Contient de l&#39;acide glycolique, un puissant AHA qui exfolie chimiquement la peau et favorise le renouvellement cellulaire. La formule contient \u00e9galement de l&#39;extrait de camomille pour lutter contre l&#39;inflammation, ainsi que des ingr\u00e9dients hydratants, comme de la glyc\u00e9rine et de l&#39;acide hyaluronique, pour favoriser la bonne hydratation de la peau, la repulper et r\u00e9duire l&#39;aspect des rides et ridules.<\/p>\n<p>La lotion Obagi-C\u00ae Fx C-Exfoliating Day Lotion contient \u00e9galement de l&#39;acide L-ascorbique (vitamine&nbsp;C) pour \u00e9claircir et unifier le teint&nbsp;: un coup d&#39;\u00e9clat instantan\u00e9&nbsp;! La vitamine&nbsp;C aide \u00e0 estomper les rides et ridules, favorise la production de collag\u00e8ne et prot\u00e8ge la peau des dommages caus\u00e9s par les radicaux libres.<\/p>\n<p>La lotion Obagi-C\u00ae Fx C-Exfoliating Day Lotion est une \u00e9tape essentielle de la routine de soins Obagi-C\u00ae Fx System pour les peaux normales \u00e0 s\u00e8ches&nbsp;: elle r\u00e9duit l&#39;hyperpigmentation et les signes visibles de l&#39;\u00e2ge, pour une peau rajeunie, radieuse et \u00e9clatante de sant\u00e9.<\/p>\n<p>*Attention aux coups de soleil&nbsp;: ce produit contient de l&#39;acide alpha-hydroxyl\u00e9 (AHA) qui peut rendre votre peau plus sensible aux effets n\u00e9fastes du soleil, en particulier les coups de soleil. Utiliser un \u00e9cran solaire, porter des v\u00eatements de protection et limiter l&#39;exposition au soleil pendant l&#39;utilisation de ce produit et la semaine qui suit.<\/p>\n","protected":false},"excerpt":{"rendered":"<p>Rehausse le teint de la peau, sa texture et son \u00e9clat gr\u00e2ce \u00e0 la lotion Obagi-C\u00ae Fx Exfoliating Day Lotion. La lotion permet d&#39;att\u00e9nuer l&#39;aspect terne de la peau et les taches brunes, mais aussi d&#39;exfolier en douceur pour r\u00e9v\u00e9ler une peau plus nette et \u00e9clatante de sant\u00e9. La lotion Obagi-C\u00ae Fx C-Exfoliating Day Lotion [&hellip;]<\/p>\n","protected":false},"featured_media":36241,"comment_status":"open","ping_status":"closed","template":"","meta":{"_acf_changed":false},"product_brand":[],"product_cat":[512,513,514,515,504,518,506,519,507,520,508,521,509,510,511],"product_tag":[],"class_list":{"0":"post-30856","1":"product","2":"type-product","3":"status-publish","4":"has-post-thumbnail","6":"product_cat-peaux-sensibles","7":"product_cat-peaux-seches","8":"product_cat-exfoliants","9":"product_cat-couperose-ou-rosacee","10":"product_cat-peaux-grasses","11":"product_cat-vieillissement-cutane-par-exemple-rides-et-ridules","12":"product_cat-hyperpigmentation-fr","13":"product_cat-peaux-matures","14":"product_cat-peaux-ternes","15":"product_cat-obagi-c-fx-system-fr","16":"product_cat-effets-nuisibles-du-soleil","17":"product_cat-vitamine-c-fr","18":"product_cat-peaux-reches","19":"product_cat-peaux-mixtes","20":"product_cat-peaux-normales","22":"first","23":"instock","24":"taxable","25":"shipping-taxable","26":"purchasable","27":"product-type-simple"},"acf":[],"_links":{"self":[{"href":"https:\/\/pureobagi.com\/fr\/wp-json\/wp\/v2\/product\/30856","targetHints":{"allow":["GET"]}}],"collection":[{"href":"https:\/\/pureobagi.com\/fr\/wp-json\/wp\/v2\/product"}],"about":[{"href":"https:\/\/pureobagi.com\/fr\/wp-json\/wp\/v2\/types\/product"}],"replies":[{"embeddable":true,"href":"https:\/\/pureobagi.com\/fr\/wp-json\/wp\/v2\/comments?post=30856"}],"wp:featuredmedia":[{"embeddable":true,"href":"https:\/\/pureobagi.com\/fr\/wp-json\/wp\/v2\/media\/36241"}],"wp:attachment":[{"href":"https:\/\/pureobagi.com\/fr\/wp-json\/wp\/v2\/media?parent=30856"}],"wp:term":[{"taxonomy":"product_brand","embeddable":true,"href":"https:\/\/pureobagi.com\/fr\/wp-json\/wp\/v2\/product_brand?post=30856"},{"taxonomy":"product_cat","embeddable":true,"href":"https:\/\/pureobagi.com\/fr\/wp-json\/wp\/v2\/product_cat?post=30856"},{"taxonomy":"product_tag","embeddable":true,"href":"https:\/\/pureobagi.com\/fr\/wp-json\/wp\/v2\/product_tag?post=30856"}],"curies":[{"name":"wp","href":"https:\/\/api.w.org\/{rel}","templated":true}]}}