{"id":30857,"date":"2020-10-14T12:58:21","date_gmt":"2020-10-14T11:58:21","guid":{"rendered":"https:\/\/pureobagi.com\/product\/tonique-equilibrant-obagi-c-fx-c\/"},"modified":"2023-01-10T12:36:29","modified_gmt":"2023-01-10T12:36:29","slug":"obagi-c-balancing-toner","status":"publish","type":"product","link":"https:\/\/pureobagi.com\/fr\/produit\/obagi-c-balancing-toner\/","title":{"rendered":"Obagi-C\u00ae Fx C-Balancing Toner"},"content":{"rendered":"<p>Le tonique Obagi-C<sup>\u00ae<\/sup> Fx C-Balancing Toner a \u00e9t\u00e9 formul\u00e9 pour \u00e9claircir le teint et \u00e9quilibrer les niveaux de pH des peaux normales \u00e0 grasses.<\/p>\n<p>Formul\u00e9 pour les peaux normales \u00e0 grasses, le tonique Obagi-C<sup>\u00ae<\/sup> Fx C-Balancing Toner est sans alcool et n&#39;ass\u00e8che pas la peau. Enrichi en hamam\u00e9lis, une plante reconnue pour sa capacit\u00e9 \u00e0 resserrer les pores et ses propri\u00e9t\u00e9s anti-inflammatoires, et en aloe vera, pour apaiser et hydrater la peau, mais aussi pour \u00e9liminer toute trace d&#39;irritation et de sensation de tiraillement&nbsp;!<\/p>\n<p>V\u00e9ritable incontournable de votre rituel beaut\u00e9, le tonique Obagi-C<sup>\u00ae<\/sup> Fx C-Balancing Toner pr\u00e9pare votre peau pour la prochaine \u00e9tape de votre routine de soins Obagi-C<sup>\u00ae<\/sup> Fx System en \u00e9liminant les derniers r\u00e9sidus et impuret\u00e9s apr\u00e8s le nettoyage et pr\u00e9vient l&#39;accumulation de s\u00e9bum, sans agresser la peau. \u00c0 utiliser le matin et le soir pour une peau plus nette et \u00e9clatante de sant\u00e9.<\/p>\n","protected":false},"excerpt":{"rendered":"<p>Le tonique Obagi-C\u00ae Fx C-Balancing Toner a \u00e9t\u00e9 formul\u00e9 pour \u00e9claircir le teint et \u00e9quilibrer les niveaux de pH des peaux normales \u00e0 grasses. Formul\u00e9 pour les peaux normales \u00e0 grasses, le tonique Obagi-C\u00ae Fx C-Balancing Toner est sans alcool et n&#39;ass\u00e8che pas la peau. Enrichi en hamam\u00e9lis, une plante reconnue pour sa capacit\u00e9 \u00e0 [&hellip;]<\/p>\n","protected":false},"featured_media":8875,"comment_status":"open","ping_status":"closed","template":"","meta":{"_acf_changed":false},"product_brand":[],"product_cat":[504,518,505,519,506,520,507,521,508,522,510,511,512,513,515,516],"product_tag":[],"class_list":{"0":"post-30857","1":"product","2":"type-product","3":"status-publish","4":"has-post-thumbnail","6":"product_cat-peaux-grasses","7":"product_cat-vieillissement-cutane-par-exemple-rides-et-ridules","8":"product_cat-peaux-a-tendance-acneique","9":"product_cat-peaux-matures","10":"product_cat-hyperpigmentation-fr","11":"product_cat-obagi-c-fx-system-fr","12":"product_cat-peaux-ternes","13":"product_cat-vitamine-c-fr","14":"product_cat-effets-nuisibles-du-soleil","15":"product_cat-lotions-toniques","16":"product_cat-peaux-mixtes","17":"product_cat-peaux-normales","18":"product_cat-peaux-sensibles","19":"product_cat-peaux-seches","20":"product_cat-couperose-ou-rosacee","21":"product_cat-peaux-deshydratees","23":"first","24":"instock","25":"taxable","26":"shipping-taxable","27":"purchasable","28":"product-type-simple"},"acf":[],"_links":{"self":[{"href":"https:\/\/pureobagi.com\/fr\/wp-json\/wp\/v2\/product\/30857","targetHints":{"allow":["GET"]}}],"collection":[{"href":"https:\/\/pureobagi.com\/fr\/wp-json\/wp\/v2\/product"}],"about":[{"href":"https:\/\/pureobagi.com\/fr\/wp-json\/wp\/v2\/types\/product"}],"replies":[{"embeddable":true,"href":"https:\/\/pureobagi.com\/fr\/wp-json\/wp\/v2\/comments?post=30857"}],"wp:featuredmedia":[{"embeddable":true,"href":"https:\/\/pureobagi.com\/fr\/wp-json\/wp\/v2\/media\/8875"}],"wp:attachment":[{"href":"https:\/\/pureobagi.com\/fr\/wp-json\/wp\/v2\/media?parent=30857"}],"wp:term":[{"taxonomy":"product_brand","embeddable":true,"href":"https:\/\/pureobagi.com\/fr\/wp-json\/wp\/v2\/product_brand?post=30857"},{"taxonomy":"product_cat","embeddable":true,"href":"https:\/\/pureobagi.com\/fr\/wp-json\/wp\/v2\/product_cat?post=30857"},{"taxonomy":"product_tag","embeddable":true,"href":"https:\/\/pureobagi.com\/fr\/wp-json\/wp\/v2\/product_tag?post=30857"}],"curies":[{"name":"wp","href":"https:\/\/api.w.org\/{rel}","templated":true}]}}