{"id":35761,"date":"2021-10-18T14:45:35","date_gmt":"2021-10-18T13:45:35","guid":{"rendered":"https:\/\/pureobagi.com\/product\/pure-obagi-deluxe-mini-cracker\/"},"modified":"2025-06-06T13:25:18","modified_gmt":"2025-06-06T12:25:18","slug":"pure-obagi-deluxe-mini-cracker","status":"publish","type":"product","link":"https:\/\/pureobagi.com\/fr\/produit\/pure-obagi-deluxe-mini-cracker\/","title":{"rendered":"Pure Obagi Deluxe Mini Cracker"},"content":{"rendered":"<p>Ce Christmas Cracker en \u00e9dition limit\u00e9e est enfin arriv\u00e9&nbsp;! Avec ses trois produits Obagi Deluxe au format mini et convoit\u00e9s dans le monde entier, ce Deluxe Mini Cracker est un cadeau id\u00e9al pour vos proches, si vous jouez au p\u00e8re No\u00ebl secret ou si vous voulez vous offrir un formidable soin de la peau, tout simplement. Le Pure Obagi Deluxe Mini Cracker comprend des flacons de 5&nbsp;ml de ces best-sellers&nbsp;:<\/p>\n<ul>\n<li>Obagi Professional-C\u00ae Microdermabrasion Polish + Mask, un masque d&#39;exfoliation \u00e0 domicile impr\u00e9gn\u00e9 de 30&nbsp;% d&#39;acide L-ascorbique (vitamine&nbsp;C).<\/li>\n<li>Obagi Daily Hydro-Drops\u2122, un s\u00e9rum hydratant l\u00e9ger qui laisse la peau lisse et fra\u00eeche.<\/li>\n<li>ELASTIderm\u00ae Facial Serum, pour des r\u00e9sultats cliniquement prouv\u00e9s&nbsp;: une peau d&#39;aspect plus ferme en seulement 24&nbsp;heures.<\/li>\n<\/ul>\n","protected":false},"excerpt":{"rendered":"<p>Ce Christmas Cracker en \u00e9dition limit\u00e9e est enfin arriv\u00e9&nbsp;! Avec ses trois produits Obagi Deluxe au format mini et convoit\u00e9s dans le monde entier, ce Deluxe Mini Cracker est un cadeau id\u00e9al pour vos proches, si vous jouez au p\u00e8re No\u00ebl secret ou si vous voulez vous offrir un formidable soin de la peau, tout [&hellip;]<\/p>\n","protected":false},"featured_media":0,"comment_status":"closed","ping_status":"closed","template":"","meta":{"_acf_changed":false},"product_brand":[],"product_cat":[537,538,507,539,510,670,511,513,518,519,521,526,527],"product_tag":[],"class_list":{"0":"post-35761","1":"product","2":"type-product","3":"status-publish","5":"product_cat-soins-cou-et-visage","6":"product_cat-kits-complets-de-soins-pour-la-peau","7":"product_cat-peaux-ternes","8":"product_cat-gamme-de-produits","9":"product_cat-peaux-mixtes","10":"product_cat-cadeaux-a-moins-de-100","11":"product_cat-peaux-normales","12":"product_cat-peaux-seches","13":"product_cat-vieillissement-cutane-par-exemple-rides-et-ridules","14":"product_cat-peaux-matures","15":"product_cat-vitamine-c-fr","16":"product_cat-meilleures-ventes","17":"product_cat-produits-hydratants-et-humectants","19":"first","20":"outofstock","21":"sale","22":"taxable","23":"shipping-taxable","24":"purchasable","25":"product-type-simple"},"acf":[],"_links":{"self":[{"href":"https:\/\/pureobagi.com\/fr\/wp-json\/wp\/v2\/product\/35761","targetHints":{"allow":["GET"]}}],"collection":[{"href":"https:\/\/pureobagi.com\/fr\/wp-json\/wp\/v2\/product"}],"about":[{"href":"https:\/\/pureobagi.com\/fr\/wp-json\/wp\/v2\/types\/product"}],"replies":[{"embeddable":true,"href":"https:\/\/pureobagi.com\/fr\/wp-json\/wp\/v2\/comments?post=35761"}],"wp:attachment":[{"href":"https:\/\/pureobagi.com\/fr\/wp-json\/wp\/v2\/media?parent=35761"}],"wp:term":[{"taxonomy":"product_brand","embeddable":true,"href":"https:\/\/pureobagi.com\/fr\/wp-json\/wp\/v2\/product_brand?post=35761"},{"taxonomy":"product_cat","embeddable":true,"href":"https:\/\/pureobagi.com\/fr\/wp-json\/wp\/v2\/product_cat?post=35761"},{"taxonomy":"product_tag","embeddable":true,"href":"https:\/\/pureobagi.com\/fr\/wp-json\/wp\/v2\/product_tag?post=35761"}],"curies":[{"name":"wp","href":"https:\/\/api.w.org\/{rel}","templated":true}]}}