{"id":35769,"date":"2021-10-18T14:46:40","date_gmt":"2021-10-18T13:46:40","guid":{"rendered":"https:\/\/pureobagi.com\/product\/face-lift-trio-kit-noel-en-edition-limitee\/"},"modified":"2021-11-17T15:54:32","modified_gmt":"2021-11-17T15:54:32","slug":"face-lift-trio-christmas-limited-edition-kit","status":"publish","type":"product","link":"https:\/\/pureobagi.com\/fr\/produit\/face-lift-trio-christmas-limited-edition-kit\/","title":{"rendered":"Face Lift Trio \u2013 Kit No\u00ebl en \u00e9dition limit\u00e9e"},"content":{"rendered":"<p>Transformez votre peau avec ce Face Lift Trio en \u00e9dition limit\u00e9e. Combinaison de trois produits cl\u00e9s pour lutter comme le manque de fermet\u00e9, les signes de vieillissement et la peau terne.<\/p>\n<p>ELASTIderm\u00ae Facial Serum est formul\u00e9 avec du Bi-Mineral Contour Complex\u2122 brevet\u00e9, qui favorise l&#39;\u00e9lasticit\u00e9 de la peau, pour un aspect plus ferme et tonique. 100&nbsp;% des participants ayant essay\u00e9 ce s\u00e9rum pendant 12&nbsp;semaines ont d\u00e9clar\u00e9 que leur visage paraissait plus ferme.<\/p>\n<p>SUZANOBAGIMD Retivance\u00ae Skin Rejuvenating Complex contient du r\u00e9tinald\u00e9hyde, un d\u00e9riv\u00e9 de la vitamine&nbsp;A ou r\u00e9tino\u00efde, dont il a \u00e9t\u00e9 d\u00e9montr\u00e9 qu&#39;il am\u00e9liore l&#39;\u00e9lasticit\u00e9 et l&#39;aspect de fermet\u00e9 de la peau, luttant notamment contre les rides et ridules. Avec de l&#39;extrait de camomille pour apaiser la peau et minimiser les irritations, ce produit r\u00e9tino\u00efde Obagi est tol\u00e9r\u00e9 m\u00eame par les types de peaux les plus sensibles.<\/p>\n<p>Obagi Professional-C\u00ae Microdermabrasion Polish + Mask a \u00e9t\u00e9 r\u00e9compens\u00e9 par les Shape 2021 Skin Awards. Avec des cristaux ultrafins, ce masque de microdermabrasion aide \u00e0 \u00e9liminer les cellules mortes, r\u00e9v\u00e9lant une peau lisse. Avec 30&nbsp;% d&#39;acide L-ascorbique (vitamine&nbsp;C), ce masque r\u00e9v\u00e8le aussi une peau \u00e9clatante, tout en agissant comme un puissant antioxydant contre les rides et ridules.<\/p>\n<p>Maintenez vos cheveux en place pendant votre routine de soin de la peau avec ce bandeau Obagi Medical Headband exclusif.<\/p>\n","protected":false},"excerpt":{"rendered":"<p>Transformez votre peau avec ce Face Lift Trio en \u00e9dition limit\u00e9e. Combinaison de trois produits cl\u00e9s pour lutter comme le manque de fermet\u00e9, les signes de vieillissement et la peau terne. ELASTIderm\u00ae Facial Serum est formul\u00e9 avec du Bi-Mineral Contour Complex\u2122 brevet\u00e9, qui favorise l&#39;\u00e9lasticit\u00e9 de la peau, pour un aspect plus ferme et tonique. [&hellip;]<\/p>\n","protected":false},"featured_media":0,"comment_status":"closed","ping_status":"closed","template":"","meta":{"_acf_changed":false},"product_brand":[],"product_cat":[519,521,525,537,539,518],"product_tag":[],"class_list":{"0":"post-35769","1":"product","2":"type-product","3":"status-publish","5":"product_cat-peaux-matures","6":"product_cat-vitamine-c-fr","7":"product_cat-retinoides-fr","8":"product_cat-soins-cou-et-visage","9":"product_cat-gamme-de-produits","10":"product_cat-vieillissement-cutane-par-exemple-rides-et-ridules","12":"first","13":"outofstock","14":"taxable","15":"shipping-taxable","16":"purchasable","17":"product-type-simple"},"acf":[],"_links":{"self":[{"href":"https:\/\/pureobagi.com\/fr\/wp-json\/wp\/v2\/product\/35769","targetHints":{"allow":["GET"]}}],"collection":[{"href":"https:\/\/pureobagi.com\/fr\/wp-json\/wp\/v2\/product"}],"about":[{"href":"https:\/\/pureobagi.com\/fr\/wp-json\/wp\/v2\/types\/product"}],"replies":[{"embeddable":true,"href":"https:\/\/pureobagi.com\/fr\/wp-json\/wp\/v2\/comments?post=35769"}],"wp:attachment":[{"href":"https:\/\/pureobagi.com\/fr\/wp-json\/wp\/v2\/media?parent=35769"}],"wp:term":[{"taxonomy":"product_brand","embeddable":true,"href":"https:\/\/pureobagi.com\/fr\/wp-json\/wp\/v2\/product_brand?post=35769"},{"taxonomy":"product_cat","embeddable":true,"href":"https:\/\/pureobagi.com\/fr\/wp-json\/wp\/v2\/product_cat?post=35769"},{"taxonomy":"product_tag","embeddable":true,"href":"https:\/\/pureobagi.com\/fr\/wp-json\/wp\/v2\/product_tag?post=35769"}],"curies":[{"name":"wp","href":"https:\/\/api.w.org\/{rel}","templated":true}]}}