{"id":47540,"date":"2022-02-07T14:51:53","date_gmt":"2022-02-07T14:51:53","guid":{"rendered":"https:\/\/pureobagi.com\/product\/obagi-sun-shield-tint-broad-spectrum-spf-50-cool\/"},"modified":"2023-01-10T12:37:26","modified_gmt":"2023-01-10T12:37:26","slug":"obagi-sun-shield-tint-broad-spectrum-spf-50-cool-2","status":"publish","type":"product","link":"https:\/\/pureobagi.com\/fr\/produit\/obagi-sun-shield-tint-broad-spectrum-spf-50-cool-2\/","title":{"rendered":"Obagi Sun Shield\u2122 Tint Broad Spectrum SPF 50 Cool"},"content":{"rendered":"<p>L&#39;Obagi Sun Shield\u2122 Tint Broad Spectrum SPF 50 Cool est un \u00e9cran solaire teint\u00e9 privil\u00e9giant la l\u00e9g\u00e8ret\u00e9, formul\u00e9 \u00e0 partir de composants min\u00e9raux et chimiques, qui offre une bonne protection contre les rayons UVA et UVB. Ces composants actifs d\u00e9vient les rayons nocifs du soleil et absorbent et rejettent les rayonnements afin de vous offrir une protection \u00e0 large spectre et de vous d\u00e9fendre contre les infrarouges et la lumi\u00e8re bleue.<\/p>\n<p>Une utilisation quotidienne de l&#39;\u00e9cran solaire Obagi Sun Shield\u2122 Tint Broad Spectrum SPF 50 Cool est recommand\u00e9e par la Skin Cancer Foundation. Ce produit teint\u00e9 vous aidera \u00e9galement \u00e0 camoufler toute l\u00e9g\u00e8re imperfection ou tache brune. L&#39;\u00e9cran solaire Obagi Sun Shield\u2122 Tinted Cool est con\u00e7u pour correspondre aux sous-tons naturels plut\u00f4t qu&#39;\u00e0 la couleur de peau elle-m\u00eame. Il correspond particuli\u00e8rement bien aux sous-tons roses et beiges<\/p>\n<p><em>Le saviez-vous&nbsp;?<\/em> L&#39;utilisation d&#39;un \u00e9cran solaire SPF&nbsp;30 ou plus \u00e0 large spectre, dans le cadre de mesures compl\u00e8tes de protection solaire (port de v\u00eatements anti-UV, chapeaux et lunettes de soleil), o\u00f9 vous \u00e9vitez \u00e9galement l&#39;exposition solaire entre 10&nbsp;h et 14&nbsp;h, permet de r\u00e9duire le risque de vieillissement cutan\u00e9 pr\u00e9matur\u00e9.<\/p>\n","protected":false},"excerpt":{"rendered":"<p>L&#39;Obagi Sun Shield\u2122 Tint Broad Spectrum SPF 50 Cool est un \u00e9cran solaire teint\u00e9 privil\u00e9giant la l\u00e9g\u00e8ret\u00e9, formul\u00e9 \u00e0 partir de composants min\u00e9raux et chimiques, qui offre une bonne protection contre les rayons UVA et UVB. Ces composants actifs d\u00e9vient les rayons nocifs du soleil et absorbent et rejettent les rayonnements afin de vous offrir [&hellip;]<\/p>\n","protected":false},"featured_media":46040,"comment_status":"open","ping_status":"closed","template":"","meta":{"_acf_changed":false},"product_brand":[],"product_cat":[539,504,508,510,511,512,513,518,528,529],"product_tag":[],"class_list":{"0":"post-47540","1":"product","2":"type-product","3":"status-publish","4":"has-post-thumbnail","6":"product_cat-gamme-de-produits","7":"product_cat-peaux-grasses","8":"product_cat-effets-nuisibles-du-soleil","9":"product_cat-peaux-mixtes","10":"product_cat-peaux-normales","11":"product_cat-peaux-sensibles","12":"product_cat-peaux-seches","13":"product_cat-vieillissement-cutane-par-exemple-rides-et-ridules","14":"product_cat-protection-contre-le-soleil","15":"product_cat-obagi-sun-protection-fr","17":"first","18":"instock","19":"taxable","20":"shipping-taxable","21":"purchasable","22":"product-type-simple"},"acf":[],"_links":{"self":[{"href":"https:\/\/pureobagi.com\/fr\/wp-json\/wp\/v2\/product\/47540","targetHints":{"allow":["GET"]}}],"collection":[{"href":"https:\/\/pureobagi.com\/fr\/wp-json\/wp\/v2\/product"}],"about":[{"href":"https:\/\/pureobagi.com\/fr\/wp-json\/wp\/v2\/types\/product"}],"replies":[{"embeddable":true,"href":"https:\/\/pureobagi.com\/fr\/wp-json\/wp\/v2\/comments?post=47540"}],"wp:featuredmedia":[{"embeddable":true,"href":"https:\/\/pureobagi.com\/fr\/wp-json\/wp\/v2\/media\/46040"}],"wp:attachment":[{"href":"https:\/\/pureobagi.com\/fr\/wp-json\/wp\/v2\/media?parent=47540"}],"wp:term":[{"taxonomy":"product_brand","embeddable":true,"href":"https:\/\/pureobagi.com\/fr\/wp-json\/wp\/v2\/product_brand?post=47540"},{"taxonomy":"product_cat","embeddable":true,"href":"https:\/\/pureobagi.com\/fr\/wp-json\/wp\/v2\/product_cat?post=47540"},{"taxonomy":"product_tag","embeddable":true,"href":"https:\/\/pureobagi.com\/fr\/wp-json\/wp\/v2\/product_tag?post=47540"}],"curies":[{"name":"wp","href":"https:\/\/api.w.org\/{rel}","templated":true}]}}