{"id":47545,"date":"2022-02-04T15:20:34","date_gmt":"2022-02-04T15:20:34","guid":{"rendered":"https:\/\/pureobagi.com\/product\/obagi-sun-shield-tint-broad-spectrum-spf-50-warm\/"},"modified":"2022-02-21T11:25:57","modified_gmt":"2022-02-21T11:25:57","slug":"obagi-sun-shield-tint-broad-spectrum-spf-50-warm-2","status":"publish","type":"product","link":"https:\/\/pureobagi.com\/fr\/produit\/obagi-sun-shield-tint-broad-spectrum-spf-50-warm-2\/","title":{"rendered":"Obagi Sun Shield\u2122 Tint Broad Spectrum SPF 50 Warm"},"content":{"rendered":"<p>L&#8217;Obagi Sun Shield\u2122 Tint Broad Spectrum SPF 50 Warm est un \u00e9cran solaire privil\u00e9giant la l\u00e9g\u00e8ret\u00e9, formul\u00e9 \u00e0 partir de composants min\u00e9raux et chimiques, qui offre une bonne protection contre les rayons UVA et UVB. Ces ingr\u00e9dients actifs d\u00e9vient les rayons nocifs du soleil et absorbent et rejettent les rayonnements afin de vous offrir une protection \u00e0 large spectre et de vous d\u00e9fendre contre les infrarouges et la lumi\u00e8re bleue.<\/p>\n<p>Une utilisation quotidienne de l&#8217;\u00e9cran solaire Obagi Sun Shield\u2122 Tint Broad Spectrum SPF 50 Warm est recommand\u00e9e par la Skin Cancer Foundation. Ce produit teint\u00e9 vous aidera \u00e9galement \u00e0 camoufler toute l\u00e9g\u00e8re imperfection ou tache brune. L&#8217;\u00e9cran solaire Obagi Sun Shield\u2122 Tinted Warm est con\u00e7u pour correspondre aux sous-tons naturels plut\u00f4t qu&#8217;\u00e0 la couleur de peau elle-m\u00eame. Il correspond particuli\u00e8rement bien aux sous-tons dor\u00e9s ou olive<\/p>\n<p><em>Le saviez-vous\u00a0?<\/em> L&#8217;utilisation d&#8217;un \u00e9cran solaire SPF\u00a030 ou plus \u00e0 large spectre, dans le cadre de mesures compl\u00e8tes de protection solaire (port de v\u00eatements anti-UV, chapeaux et lunettes de soleil), o\u00f9 vous \u00e9vitez \u00e9galement l&#8217;exposition solaire entre 10\u00a0h et 14\u00a0h, permet de r\u00e9duire le risque de vieillissement cutan\u00e9 pr\u00e9matur\u00e9.<\/p>\n","protected":false},"excerpt":{"rendered":"<p>L&#8217;Obagi Sun Shield\u2122 Tint Broad Spectrum SPF 50 Warm est un \u00e9cran solaire privil\u00e9giant la l\u00e9g\u00e8ret\u00e9, formul\u00e9 \u00e0 partir de composants min\u00e9raux et chimiques, qui offre une bonne protection contre les rayons UVA et UVB. Ces ingr\u00e9dients actifs d\u00e9vient les rayons nocifs du soleil et absorbent et rejettent les rayonnements afin de vous offrir une [&hellip;]<\/p>\n","protected":false},"featured_media":46066,"comment_status":"open","ping_status":"closed","template":"","meta":{"_acf_changed":false},"product_brand":[],"product_cat":[504,508,510,511,512,513,518,528,529,539],"product_tag":[],"class_list":{"0":"post-47545","1":"product","2":"type-product","3":"status-publish","4":"has-post-thumbnail","6":"product_cat-peaux-grasses","7":"product_cat-effets-nuisibles-du-soleil","8":"product_cat-peaux-mixtes","9":"product_cat-peaux-normales","10":"product_cat-peaux-sensibles","11":"product_cat-peaux-seches","12":"product_cat-vieillissement-cutane-par-exemple-rides-et-ridules","13":"product_cat-protection-contre-le-soleil","14":"product_cat-obagi-sun-protection-fr","15":"product_cat-gamme-de-produits","17":"first","18":"instock","19":"taxable","20":"shipping-taxable","21":"purchasable","22":"product-type-simple"},"acf":[],"_links":{"self":[{"href":"https:\/\/pureobagi.com\/fr\/wp-json\/wp\/v2\/product\/47545","targetHints":{"allow":["GET"]}}],"collection":[{"href":"https:\/\/pureobagi.com\/fr\/wp-json\/wp\/v2\/product"}],"about":[{"href":"https:\/\/pureobagi.com\/fr\/wp-json\/wp\/v2\/types\/product"}],"replies":[{"embeddable":true,"href":"https:\/\/pureobagi.com\/fr\/wp-json\/wp\/v2\/comments?post=47545"}],"wp:featuredmedia":[{"embeddable":true,"href":"https:\/\/pureobagi.com\/fr\/wp-json\/wp\/v2\/media\/46066"}],"wp:attachment":[{"href":"https:\/\/pureobagi.com\/fr\/wp-json\/wp\/v2\/media?parent=47545"}],"wp:term":[{"taxonomy":"product_brand","embeddable":true,"href":"https:\/\/pureobagi.com\/fr\/wp-json\/wp\/v2\/product_brand?post=47545"},{"taxonomy":"product_cat","embeddable":true,"href":"https:\/\/pureobagi.com\/fr\/wp-json\/wp\/v2\/product_cat?post=47545"},{"taxonomy":"product_tag","embeddable":true,"href":"https:\/\/pureobagi.com\/fr\/wp-json\/wp\/v2\/product_tag?post=47545"}],"curies":[{"name":"wp","href":"https:\/\/api.w.org\/{rel}","templated":true}]}}