{"id":56019,"date":"2022-05-10T09:40:10","date_gmt":"2022-05-10T08:40:10","guid":{"rendered":"https:\/\/pureobagi.com\/product\/suzanobagimd-acne-prone-skin-cleansing-wipes\/"},"modified":"2022-05-10T09:40:10","modified_gmt":"2022-05-10T08:40:10","slug":"suzanobagimd-acne-prone-skin-cleansing-wipes-2","status":"publish","type":"product","link":"https:\/\/pureobagi.com\/fr\/produit\/suzanobagimd-acne-prone-skin-cleansing-wipes-2\/","title":{"rendered":"SUZANOBAGIMD\u2122 Acne-Prone Skin Cleansing Wipes"},"content":{"rendered":"<p><strong>Les lingettes SUZANOBAGIMD\u2122 Acne-Prone Skin Cleansing Wipes, destin\u00e9es aux peaux grasses ou sujettes \u00e0 l&#39;acn\u00e9, sont formul\u00e9es avec 2&nbsp;% d&#39;acide salicylique pour d\u00e9gager les pores obstru\u00e9s et r\u00e9duire la formation potentielle de taches ou de l\u00e9sions avec efficacit\u00e9, tout en rafra\u00eechissant rapidement la peau.<\/strong><\/p>\n<p>L&#39;acide salicylique est un type de BHA efficace pour dissoudre les cellules cutan\u00e9es mortes ainsi que les graisses pouvant obstruer les pores et causer des signes d&#39;acn\u00e9, y compris les points noirs, points blancs et boutons.<\/p>\n<p>Ces lingettes nettoyantes rafra\u00eechissantes sont aussi enrichies en hamam\u00e9lis, retirant les exc\u00e8s de graisses et impuret\u00e9s afin de minimiser l&#39;aspect des pores, sans oublier le trio d&#39;antioxydants du Dr Suzan Obagi&nbsp;: BioDTox. Cette combinaison d&#39;alo\u00e8s, d&#39;extrait de brocoli et de bioflavono\u00efdes d&#39;agrumes r\u00e9ussit \u00e0 hydrater et apaiser votre peau, ainsi qu&#39;\u00e0 la prot\u00e9ger des radicaux libres et des polluants environnementaux.<\/p>\n<p>Pratiques et parfaites lors de vos d\u00e9placements, apr\u00e8s une s\u00e9ance de sport ou suite \u00e0 un masque facial, les lingettes SUZANOBAGIMD\u2122 Acne-Prone Skin Cleansing Wipes constituent une solution pratique de soin de la peau pour les personnes ayant une peau grasse ou sujette \u00e0 l&#39;acn\u00e9 lorsqu&#39;une routine compl\u00e8te n&#39;est pas r\u00e9alisable.<\/p>\n<p>Le saviez-vous&nbsp;? L&#39;acide salicylique plonge au plus profond des pores pour emp\u00eacher les follicules de s&#39;obstruer et pour r\u00e9duire les taux de s\u00e9bum en surface, et stimule l&#39;absorption et la p\u00e9n\u00e9tration de tous les ingr\u00e9dients cl\u00e9s qui suivent.<\/p>\n","protected":false},"excerpt":{"rendered":"<p>Les lingettes SUZANOBAGIMD\u2122 Acne-Prone Skin Cleansing Wipes, destin\u00e9es aux peaux grasses ou sujettes \u00e0 l&#39;acn\u00e9, sont formul\u00e9es avec 2&nbsp;% d&#39;acide salicylique pour d\u00e9gager les pores obstru\u00e9s et r\u00e9duire la formation potentielle de taches ou de l\u00e9sions avec efficacit\u00e9, tout en rafra\u00eechissant rapidement la peau. L&#39;acide salicylique est un type de BHA efficace pour dissoudre les [&hellip;]<\/p>\n","protected":false},"featured_media":0,"comment_status":"open","ping_status":"closed","template":"","meta":{"_acf_changed":false},"product_brand":[],"product_cat":[503,504,505,535,539],"product_tag":[],"class_list":{"0":"post-56019","1":"product","2":"type-product","3":"status-publish","5":"product_cat-soins-nettoyants","6":"product_cat-peaux-grasses","7":"product_cat-peaux-a-tendance-acneique","8":"product_cat-suzanobagimd-fr","9":"product_cat-gamme-de-produits","11":"first","12":"outofstock","13":"taxable","14":"shipping-taxable","15":"purchasable","16":"product-type-simple"},"acf":[],"_links":{"self":[{"href":"https:\/\/pureobagi.com\/fr\/wp-json\/wp\/v2\/product\/56019","targetHints":{"allow":["GET"]}}],"collection":[{"href":"https:\/\/pureobagi.com\/fr\/wp-json\/wp\/v2\/product"}],"about":[{"href":"https:\/\/pureobagi.com\/fr\/wp-json\/wp\/v2\/types\/product"}],"replies":[{"embeddable":true,"href":"https:\/\/pureobagi.com\/fr\/wp-json\/wp\/v2\/comments?post=56019"}],"wp:attachment":[{"href":"https:\/\/pureobagi.com\/fr\/wp-json\/wp\/v2\/media?parent=56019"}],"wp:term":[{"taxonomy":"product_brand","embeddable":true,"href":"https:\/\/pureobagi.com\/fr\/wp-json\/wp\/v2\/product_brand?post=56019"},{"taxonomy":"product_cat","embeddable":true,"href":"https:\/\/pureobagi.com\/fr\/wp-json\/wp\/v2\/product_cat?post=56019"},{"taxonomy":"product_tag","embeddable":true,"href":"https:\/\/pureobagi.com\/fr\/wp-json\/wp\/v2\/product_tag?post=56019"}],"curies":[{"name":"wp","href":"https:\/\/api.w.org\/{rel}","templated":true}]}}