{"id":29407,"date":"2020-10-14T20:18:01","date_gmt":"2020-10-14T19:18:01","guid":{"rendered":"https:\/\/pureobagi.com\/product\/suzanobagimd-reinigingsdoekjes\/"},"modified":"2025-06-05T10:28:36","modified_gmt":"2025-06-05T09:28:36","slug":"suzanobagimd-cleansing-wipes","status":"publish","type":"product","link":"https:\/\/pureobagi.com\/nl\/product\/suzanobagimd-cleansing-wipes\/","title":{"rendered":"SUZANOBAGIMD\u2122 Cleansing Wipes"},"content":{"rendered":"<p><strong>SUZANOBAGIMD\u2122 reiningingsdoekjes zijn doordrenkt met BioDTox; uw oplossing voor gezichtsreiniging onderweg.<\/strong><\/p>\n<p><strong>SUZAN<\/strong>OBAGI<strong>MD\u2122 <\/strong>Met deze reiningingsdoekjes is uw huid in een handomdraai schoon en fris. BioDTox combineert de driedubbele antioxidantkracht van alo\u00eb vera, broccoli- en citrusextract.<\/p>\n<p>Alo\u00eb vera is vochtinbrengend en kalmeert de huid, terwijl broccoliextract en citrusbioflavano\u00efden bescherming bieden tegen vrije radicalen en onzuiverheden uit de dagelijkse omgeving.<\/p>\n<p>Perfect voor gebruik na de sportschool, onderweg of na gebruik van een gezichtsmasker. De textuur van de vochtige <strong>SUZAN<\/strong>OBAGI<strong>MD\u2122 <\/strong>reinigingsdoekjes zijn geschikt voor het verwijderen van olie, make-up, vuil en andere onzuiverheden van de huid als er geen gelegenheid is voor een volledige gezichtsbehandeling.<\/p>\n<p>Net als de andere producten uit de <strong>SUZAN<\/strong>OBAGI<strong>MD\u2122<\/strong>-lijn, zijn <strong>SUZAN<\/strong>OBAGI<strong>MD\u2122<\/strong> reinigingsdoekjes hypoallergeen, vrij van parabenen en niet-irriterend voor de huid.<\/p>\n","protected":false},"excerpt":{"rendered":"<p>SUZANOBAGIMD\u2122 reiningingsdoekjes zijn doordrenkt met BioDTox; uw oplossing voor gezichtsreiniging onderweg. SUZANOBAGIMD\u2122 Met deze reiningingsdoekjes is uw huid in een handomdraai schoon en fris. BioDTox combineert de driedubbele antioxidantkracht van alo\u00eb vera, broccoli- en citrusextract. Alo\u00eb vera is vochtinbrengend en kalmeert de huid, terwijl broccoliextract en citrusbioflavano\u00efden bescherming bieden tegen vrije radicalen en onzuiverheden uit [&hellip;]<\/p>\n","protected":false},"featured_media":38721,"comment_status":"open","ping_status":"closed","template":"","meta":{"_acf_changed":false},"product_brand":[],"product_cat":[498,468,470,471,472,473,475,476,483,486,489,465],"product_tag":[],"class_list":{"0":"post-29407","1":"product","2":"type-product","3":"status-publish","4":"has-post-thumbnail","6":"product_cat-suzanobagimd-nl","7":"product_cat-hyperpigmentatie","8":"product_cat-ouder-wordende-huid-waaronder-fijne-lijntjes-en-rimpels","9":"product_cat-oudere-huid","10":"product_cat-doffe-huid","11":"product_cat-zonneschade","12":"product_cat-gecombineerde-huid","13":"product_cat-normale-huid","14":"product_cat-gedehydrateerde-huid","15":"product_cat-cleansers-nl","16":"product_cat-gevoeligheid-voor-maskne","17":"product_cat-droge-huid","19":"first","20":"outofstock","21":"taxable","22":"shipping-taxable","23":"purchasable","24":"product-type-simple"},"acf":[],"_links":{"self":[{"href":"https:\/\/pureobagi.com\/nl\/wp-json\/wp\/v2\/product\/29407","targetHints":{"allow":["GET"]}}],"collection":[{"href":"https:\/\/pureobagi.com\/nl\/wp-json\/wp\/v2\/product"}],"about":[{"href":"https:\/\/pureobagi.com\/nl\/wp-json\/wp\/v2\/types\/product"}],"replies":[{"embeddable":true,"href":"https:\/\/pureobagi.com\/nl\/wp-json\/wp\/v2\/comments?post=29407"}],"wp:featuredmedia":[{"embeddable":true,"href":"https:\/\/pureobagi.com\/nl\/wp-json\/wp\/v2\/media\/38721"}],"wp:attachment":[{"href":"https:\/\/pureobagi.com\/nl\/wp-json\/wp\/v2\/media?parent=29407"}],"wp:term":[{"taxonomy":"product_brand","embeddable":true,"href":"https:\/\/pureobagi.com\/nl\/wp-json\/wp\/v2\/product_brand?post=29407"},{"taxonomy":"product_cat","embeddable":true,"href":"https:\/\/pureobagi.com\/nl\/wp-json\/wp\/v2\/product_cat?post=29407"},{"taxonomy":"product_tag","embeddable":true,"href":"https:\/\/pureobagi.com\/nl\/wp-json\/wp\/v2\/product_tag?post=29407"}],"curies":[{"name":"wp","href":"https:\/\/api.w.org\/{rel}","templated":true}]}}