{"id":47558,"date":"2022-02-04T15:20:34","date_gmt":"2022-02-04T15:20:34","guid":{"rendered":"https:\/\/pureobagi.com\/product\/obagi-sun-shield-tint-broad-spectrum-spf-50-warm\/"},"modified":"2022-10-06T21:17:52","modified_gmt":"2022-10-06T20:17:52","slug":"obagi-sun-shield-tint-broad-spectrum-spf-50-warm","status":"publish","type":"product","link":"https:\/\/pureobagi.com\/nl\/product\/obagi-sun-shield-tint-broad-spectrum-spf-50-warm\/","title":{"rendered":"Obagi Sun Shield\u2122 Tint Broad Spectrum SPF 50 Warm"},"content":{"rendered":"<p><span style=\"font-weight: 400;\">De Obagi Sun Shield\u2122 Tint Broad Spectrum SPF 50 Warm is een lichtgewicht zonnebrandcr\u00e8me, geformuleerd met fysieke en chemische ingredi\u00ebnten om bescherming te bieden tegen UVA- en UVB-stralen. Deze actieve ingredi\u00ebnten buigen de schadelijke stralen van de zon af, absorberen de straling en geven ook straling af om volledige bescherming te bieden en uw huid te beschermen tegen IR, HEV en blauw licht.<\/span><\/p>\n<p><span style=\"font-weight: 400;\">De Obagi Sun Shield\u2122 Tint Broad Spectrum SPF 50 Warm zonnebrandcr\u00e8me wordt aanbevolen door de Skin Cancer Foundation voor dagelijks gebruik en helpt milde oneffenheden of pigmentvlekken door de zon lichtjes te bedekken. De Obagi Sun Shield\u2122 Tinted Warm<\/span><b>&#8211;<\/b><span style=\"font-weight: 400;\">zonnebrandcr\u00e8me is ontworpen om bij natuurlijke ondertonen te passen in plaats van bij de huidskleur, en is ideaal voor de huid met een geel- of olijfkleurige ondertoon.<\/span><\/p>\n<p><span style=\"font-weight: 400;\">Wist u dat het gebruik van een zonnebrandcr\u00e8me met SPF 30 of hoger in combinatie met een uitgebreide routine voor zonbescherming, waaronder het dragen van zonbeschermende kleding, hoeden en zonnebrillen, en het vermijden van de zon tussen 10.00 en 14.00 uur, het risico op vroegtijdige huidveroudering kan helpen verminderen?<\/span><\/p>\n","protected":false},"excerpt":{"rendered":"<p>De Obagi Sun Shield\u2122 Tint Broad Spectrum SPF 50 Warm is een lichtgewicht zonnebrandcr\u00e8me, geformuleerd met fysieke en chemische ingredi\u00ebnten om bescherming te bieden tegen UVA- en UVB-stralen. Deze actieve ingredi\u00ebnten buigen de schadelijke stralen van de zon af, absorberen de straling en geven ook straling af om volledige bescherming te bieden en uw huid [&hellip;]<\/p>\n","protected":false},"featured_media":46065,"comment_status":"open","ping_status":"closed","template":"","meta":{"_acf_changed":false},"product_brand":[],"product_cat":[466,470,473,475,476,478,493,494,501,465],"product_tag":[],"class_list":{"0":"post-47558","1":"product","2":"type-product","3":"status-publish","4":"has-post-thumbnail","6":"product_cat-vette-huid","7":"product_cat-ouder-wordende-huid-waaronder-fijne-lijntjes-en-rimpels","8":"product_cat-zonneschade","9":"product_cat-gecombineerde-huid","10":"product_cat-normale-huid","11":"product_cat-gevoelige-huid","12":"product_cat-zonbescherming","13":"product_cat-obagi-zonbescherming","14":"product_cat-productassortiment","15":"product_cat-droge-huid","17":"first","18":"instock","19":"taxable","20":"shipping-taxable","21":"purchasable","22":"product-type-simple"},"acf":[],"_links":{"self":[{"href":"https:\/\/pureobagi.com\/nl\/wp-json\/wp\/v2\/product\/47558","targetHints":{"allow":["GET"]}}],"collection":[{"href":"https:\/\/pureobagi.com\/nl\/wp-json\/wp\/v2\/product"}],"about":[{"href":"https:\/\/pureobagi.com\/nl\/wp-json\/wp\/v2\/types\/product"}],"replies":[{"embeddable":true,"href":"https:\/\/pureobagi.com\/nl\/wp-json\/wp\/v2\/comments?post=47558"}],"wp:featuredmedia":[{"embeddable":true,"href":"https:\/\/pureobagi.com\/nl\/wp-json\/wp\/v2\/media\/46065"}],"wp:attachment":[{"href":"https:\/\/pureobagi.com\/nl\/wp-json\/wp\/v2\/media?parent=47558"}],"wp:term":[{"taxonomy":"product_brand","embeddable":true,"href":"https:\/\/pureobagi.com\/nl\/wp-json\/wp\/v2\/product_brand?post=47558"},{"taxonomy":"product_cat","embeddable":true,"href":"https:\/\/pureobagi.com\/nl\/wp-json\/wp\/v2\/product_cat?post=47558"},{"taxonomy":"product_tag","embeddable":true,"href":"https:\/\/pureobagi.com\/nl\/wp-json\/wp\/v2\/product_tag?post=47558"}],"curies":[{"name":"wp","href":"https:\/\/api.w.org\/{rel}","templated":true}]}}