{"id":55749,"date":"2022-05-10T09:40:10","date_gmt":"2022-05-10T08:40:10","guid":{"rendered":"https:\/\/pureobagi.com\/product\/suzanobagimd-acne-prone-skin-cleansing-wipes\/"},"modified":"2022-05-10T09:40:10","modified_gmt":"2022-05-10T08:40:10","slug":"suzanobagimd-acne-prone-skin-cleansing-wipes","status":"publish","type":"product","link":"https:\/\/pureobagi.com\/nl\/product\/suzanobagimd-acne-prone-skin-cleansing-wipes\/","title":{"rendered":"SUZANOBAGIMD\u2122 Acne-Prone Skin Cleansing Wipes"},"content":{"rendered":"<p><strong>SUZANOBAGIMD\u2122 Acne-Prone Skin Cleansing Wipes voor de vette of acne-gevoelige huid zijn geformuleerd met 2% salicylzuur om verstopte pori\u00ebn effectief te verwijderen en de kans op het ontstaan \u200b\u200bvan vlekken of laesies te verkleinen, terwijl de huid snel wordt ververst.<\/strong><\/p>\n<p>Salicylzuur is een type BHA dat effectief werkt om de dode huidcellen en oli\u00ebn op te lossen die de pori\u00ebn kunnen verstoppen en tekenen van acne kunnen veroorzaken, waaronder mee-eters, whiteheads en puistjes.<\/p>\n<p>Deze verfrissende reinigingsdoekjes zijn ook verrijkt met toverhazelaar, die overtollige olie en onzuiverheden verwijdert om het uiterlijk van pori\u00ebn te minimaliseren, en het kenmerkende antioxidanten trio van Dr. Suzan Obagi: BioDTox. Deze combinatie van Alo\u00eb, Broccoli Extract en Citrus Bioflavono\u00efden werken samen om uw huid te hydrateren en te kalmeren, en het te beschermen tegen vrije radicalen en milieuverontreinigende stoffen.<\/p>\n<p>De SUZANOBAGIMD\u2122 Acne-Prone Skin Cleansing Wipes zijn perfect voor onderweg, op reis, na een sportschooltraining of na een gezichtsmasker. Dat maakt deze reinigingsdoekjes een handige huidverzorgingsoplossing voor mensen met een vette of acne-gevoelige huid wanneer een volledige behandeling onpraktisch is .<\/p>\n<p>Wist u dat? Salicylzuur werkt door diep in de pori\u00ebn te reiken om te voorkomen dat de haarzakjes verstopt raken en om het talgniveau op het oppervlak te verminderen, en verbetert de absorptie en penetratie van eventuele vervolg ingredi\u00ebnten.<\/p>\n","protected":false},"excerpt":{"rendered":"<p>SUZANOBAGIMD\u2122 Acne-Prone Skin Cleansing Wipes voor de vette of acne-gevoelige huid zijn geformuleerd met 2% salicylzuur om verstopte pori\u00ebn effectief te verwijderen en de kans op het ontstaan \u200b\u200bvan vlekken of laesies te verkleinen, terwijl de huid snel wordt ververst. Salicylzuur is een type BHA dat effectief werkt om de dode huidcellen en oli\u00ebn op [&hellip;]<\/p>\n","protected":false},"featured_media":0,"comment_status":"open","ping_status":"closed","template":"","meta":{"_acf_changed":false},"product_brand":[],"product_cat":[466,467,486,498,501],"product_tag":[],"class_list":{"0":"post-55749","1":"product","2":"type-product","3":"status-publish","5":"product_cat-vette-huid","6":"product_cat-acnegevoelige-huid","7":"product_cat-cleansers-nl","8":"product_cat-suzanobagimd-nl","9":"product_cat-productassortiment","11":"first","12":"outofstock","13":"taxable","14":"shipping-taxable","15":"purchasable","16":"product-type-simple"},"acf":[],"_links":{"self":[{"href":"https:\/\/pureobagi.com\/nl\/wp-json\/wp\/v2\/product\/55749","targetHints":{"allow":["GET"]}}],"collection":[{"href":"https:\/\/pureobagi.com\/nl\/wp-json\/wp\/v2\/product"}],"about":[{"href":"https:\/\/pureobagi.com\/nl\/wp-json\/wp\/v2\/types\/product"}],"replies":[{"embeddable":true,"href":"https:\/\/pureobagi.com\/nl\/wp-json\/wp\/v2\/comments?post=55749"}],"wp:attachment":[{"href":"https:\/\/pureobagi.com\/nl\/wp-json\/wp\/v2\/media?parent=55749"}],"wp:term":[{"taxonomy":"product_brand","embeddable":true,"href":"https:\/\/pureobagi.com\/nl\/wp-json\/wp\/v2\/product_brand?post=55749"},{"taxonomy":"product_cat","embeddable":true,"href":"https:\/\/pureobagi.com\/nl\/wp-json\/wp\/v2\/product_cat?post=55749"},{"taxonomy":"product_tag","embeddable":true,"href":"https:\/\/pureobagi.com\/nl\/wp-json\/wp\/v2\/product_tag?post=55749"}],"curies":[{"name":"wp","href":"https:\/\/api.w.org\/{rel}","templated":true}]}}